{"id":985,"date":"2021-01-15T01:58:58","date_gmt":"2021-01-15T01:58:58","guid":{"rendered":"https:\/\/doing-memory.de\/gelecek-vizyonlari\/"},"modified":"2022-04-26T12:43:50","modified_gmt":"2022-04-26T12:43:50","slug":"gelecek-vizyonlari","status":"publish","type":"page","link":"https:\/\/doing-memory.de\/tr\/gelecek-vizyonlari\/","title":{"rendered":"Gelecek vizyonlar\u0131"},"content":{"rendered":"\n<p>\u00c7o\u011fulcu bir toplum, g\u00f6\u00e7men sonras\u0131 toplum, \u00e7ok say\u0131dan olu\u015fan bir toplum, yeni bir biz: Daha adil ve daha \u00e7e\u015fitli bir toplum i\u00e7in tasar\u0131mlar, farkl\u0131 adland\u0131rmalar kullan\u0131r. Ancak, her zaman bunun arkas\u0131nda olan \u015fey: G\u00f6\u00e7\u00fcn on y\u0131llar boyunca ger\u00e7ekle\u015fti\u011fini ve toplumumuzu \u015fekillendirip \u015fekillendirdi\u011fini kabul etmek, sosyal adaletsizlik, s\u0131n\u0131f\u00e7\u0131l\u0131k ve cinsiyet\u00e7ilik gibi toplumsal \u00e7at\u0131\u015fma \u00e7izgilerini ele alma talebi ve g\u00f6\u00e7men ve g\u00f6\u00e7men ayr\u0131mc\u0131l\u0131\u011f\u0131n\u0131n \u00f6tesinde yeni bir birliktelik i\u00e7in aya\u011fa kalkma iste\u011fidir.<\/p>\n\n<figure class=\"wp-block-image size-large is-style-default\"><img loading=\"lazy\" decoding=\"async\" width=\"1024\" height=\"576\" src=\"http:\/\/doing-memory.de\/wp-content\/uploads\/2021\/01\/5Zukunftsvisionen_neu_DM-Website_v2-1024x576.png\" alt=\"Gelecek vizyonlar&#x131;\" class=\"wp-image-119\" srcset=\"https:\/\/doing-memory.de\/wp-content\/uploads\/2021\/01\/5Zukunftsvisionen_neu_DM-Website_v2-1024x576.png 1024w, https:\/\/doing-memory.de\/wp-content\/uploads\/2021\/01\/5Zukunftsvisionen_neu_DM-Website_v2-300x169.png 300w, https:\/\/doing-memory.de\/wp-content\/uploads\/2021\/01\/5Zukunftsvisionen_neu_DM-Website_v2-768x432.png 768w, https:\/\/doing-memory.de\/wp-content\/uploads\/2021\/01\/5Zukunftsvisionen_neu_DM-Website_v2-1200x675.png 1200w, https:\/\/doing-memory.de\/wp-content\/uploads\/2021\/01\/5Zukunftsvisionen_neu_DM-Website_v2.png 1510w\" sizes=\"(max-width: 1024px) 100vw, 1024px\" \/><\/figure>\n\n<p>Sa\u011fc\u0131 \u015fiddetin ele al\u0131nmas\u0131, hat\u0131rlama ve unutkanl\u0131k prati\u011finde, Federal Cumhuriyet&#8217;te sa\u011fc\u0131 \u015fiddetin <em>Doing Memory<\/em> uygulamas\u0131nda b\u00fcy\u00fck eksiklikler ortaya \u00e7\u0131karm\u0131\u015ft\u0131r. Demokraside anma sadece \u00e7o\u011funlu\u011fun ayr\u0131cal\u0131\u011f\u0131 olmamal\u0131, ayn\u0131 zamanda daha k\u00fc\u00e7\u00fck gruplar\u0131 ve g\u00f6\u00e7menleri de hesaba katmal\u0131 ve onlar\u0131 d\u0131\u015flamamal\u0131d\u0131r. \u00c7\u00fcnk\u00fc ilk etapta onlar\u0131n yas tutmalar\u0131n\u0131 m\u00fcmk\u00fcn k\u0131lan \u015fey, genellikle ma\u011fdurlar\u0131n toplum taraf\u0131ndan tan\u0131nmas\u0131d\u0131r.<\/p>\n\n<h2 class=\"wp-block-heading\">Irk\u00e7\u0131l\u0131k Sorunu<\/h2>\n\n<p>Almanya&#8217;da \u00f6rg\u00fctl\u00fc a\u011flarda da sa\u011fc\u0131 \u015fiddet oldu\u011fu ger\u00e7e\u011fi, siyasi ve toplumsal olarak \u00e7o\u011fu kez reddediliyor. Bu t\u00fcr inkar, bast\u0131rma veya sessizlik, toplumsal \u00f6z-anlay\u0131\u015f\u0131n (temel anlat\u0131) bir par\u00e7as\u0131d\u0131r. Irk\u00e7\u0131l\u0131k ge\u00e7mi\u015fe, Nasyonal Sosyalizm zaman\u0131na havale ediliyor ya da sadece ba\u015fka \u00fclkelerde sorun olarak g\u00f6r\u00fcl\u00fcyor.<\/p>\n\n<p>Ancak, \u0131rk\u00e7\u0131l\u0131k ayn\u0131 zamanda yap\u0131sal olarak Almanya&#8217;da k\u00f6k salm\u0131\u015f durumda, kurumsal olarak g\u00fc\u00e7l\u00fc ve bilgi ve g\u00fcnl\u00fck ya\u015famda bir sistem olarak i\u00e7selle\u015ftirilmi\u015f durumda. Irk\u00e7\u0131 etkilerle y\u00fczle\u015fmek, bunlar\u0131n fark\u0131na varmak ve onlara kar\u015f\u0131 tav\u0131r almak bu nedenle devam eden bir g\u00f6rev olmaya devam ediyor.<\/p>\n\n<h2 class=\"wp-block-heading\">Neyi de\u011fi\u015ftirebiliriz?<\/h2>\n\n<p>Daha adil bir toplum olmak i\u00e7in birka\u00e7 \u015feyi de\u011fi\u015ftirmeliyiz: Irk\u00e7\u0131l\u0131ktan uzak olmak neredeyse ula\u015f\u0131lamaz bir hedeftir. Bunun yerine \u0131rk\u00e7\u0131l\u0131\u011f\u0131 ele\u015ftirmeliyiz. Bu konuda kendi d\u00fc\u015f\u00fcncemizi s\u00fcrekli sorgulamak \u00f6nemli bir ad\u0131md\u0131r.<\/p>\n\n<p>Irk\u00e7\u0131l\u0131\u011f\u0131 \u00f6zellikle kurumsal ve yap\u0131sal d\u00fczeyde a\u015fmak, bunu daha da zorla\u015ft\u0131rmak, g\u00f6r\u00fcnmezli\u011fi ve ayr\u0131mc\u0131l\u0131\u011f\u0131 yasa ve y\u00f6netmeliklerle yapt\u0131r\u0131m alt\u0131na almak zorunday\u0131z. Hedefimize ula\u015fman\u0131n tek yolu: \u00e7o\u011fulcu bir toplum olarak ya\u015famay\u0131 \u00f6\u011frenmektir (G\u00f6\u00e7men sonras\u0131 bir toplum).<\/p>\n\n<h2 class=\"wp-block-heading\">Vizyon<\/h2>\n\n<p>&#8216;G\u00f6\u00e7men sonras\u0131&#8217; toplumda bir arada ya\u015famaya y\u00f6nelik bir\u00e7ok vizyon da at\u00f6lyelerde tart\u0131\u015f\u0131ld\u0131.<\/p>\n\n<figure class=\"wp-block-embed is-type-video is-provider-youtube wp-block-embed-youtube wp-embed-aspect-16-9 wp-has-aspect-ratio\"><div class=\"wp-block-embed__wrapper\">\n<iframe loading=\"lazy\" title=\"Zukunftsvisionen\" width=\"580\" height=\"326\" src=\"https:\/\/www.youtube.com\/embed\/r1l05IW-VI8?feature=oembed\" frameborder=\"0\" allow=\"accelerometer; autoplay; clipboard-write; encrypted-media; gyroscope; picture-in-picture; web-share\" referrerpolicy=\"strict-origin-when-cross-origin\" allowfullscreen><\/iframe>\n<\/div><\/figure>\n","protected":false},"excerpt":{"rendered":"<p>\u00c7o\u011fulcu bir toplum, g\u00f6\u00e7men sonras\u0131 toplum, \u00e7ok say\u0131dan olu\u015fan bir toplum, yeni bir biz: Daha adil ve daha \u00e7e\u015fitli bir toplum i\u00e7in tasar\u0131mlar, farkl\u0131 adland\u0131rmalar kullan\u0131r. Ancak, her zaman bunun arkas\u0131nda olan \u015fey: G\u00f6\u00e7\u00fcn on y\u0131llar boyunca ger\u00e7ekle\u015fti\u011fini ve toplumumuzu \u015fekillendirip \u015fekillendirdi\u011fini kabul etmek, sosyal adaletsizlik, s\u0131n\u0131f\u00e7\u0131l\u0131k ve cinsiyet\u00e7ilik gibi toplumsal \u00e7at\u0131\u015fma \u00e7izgilerini ele alma [&hellip;]<\/p>\n","protected":false},"author":1,"featured_media":0,"parent":0,"menu_order":0,"comment_status":"closed","ping_status":"closed","template":"","meta":{"footnotes":""},"class_list":["post-985","page","type-page","status-publish","hentry"],"_links":{"self":[{"href":"https:\/\/doing-memory.de\/tr\/wp-json\/wp\/v2\/pages\/985"}],"collection":[{"href":"https:\/\/doing-memory.de\/tr\/wp-json\/wp\/v2\/pages"}],"about":[{"href":"https:\/\/doing-memory.de\/tr\/wp-json\/wp\/v2\/types\/page"}],"author":[{"embeddable":true,"href":"https:\/\/doing-memory.de\/tr\/wp-json\/wp\/v2\/users\/1"}],"replies":[{"embeddable":true,"href":"https:\/\/doing-memory.de\/tr\/wp-json\/wp\/v2\/comments?post=985"}],"version-history":[{"count":3,"href":"https:\/\/doing-memory.de\/tr\/wp-json\/wp\/v2\/pages\/985\/revisions"}],"predecessor-version":[{"id":988,"href":"https:\/\/doing-memory.de\/tr\/wp-json\/wp\/v2\/pages\/985\/revisions\/988"}],"wp:attachment":[{"href":"https:\/\/doing-memory.de\/tr\/wp-json\/wp\/v2\/media?parent=985"}],"curies":[{"name":"wp","href":"https:\/\/api.w.org\/{rel}","templated":true}]}}