{"id":981,"date":"2021-01-16T21:22:39","date_gmt":"2021-01-16T21:22:39","guid":{"rendered":"https:\/\/doing-memory.de\/klynt-internet-belgeseli\/"},"modified":"2022-04-26T12:39:10","modified_gmt":"2022-04-26T12:39:10","slug":"klynt-internet-belgeseli","status":"publish","type":"page","link":"https:\/\/doing-memory.de\/tr\/klynt-internet-belgeseli\/","title":{"rendered":"Klynt \u0130nternet Belgeseli"},"content":{"rendered":"\n<p>2017\/18 k\u0131\u015f d\u00f6neminde bir \u00f6\u011fretim ara\u015ft\u0131rmas\u0131 projesinin par\u00e7as\u0131 olarak, T\u00fcbingen Eberhard Karls \u00dcniversitesi&#8217;nde medya \u00e7al\u0131\u015fmalar\u0131 b\u00f6l\u00fcm\u00fcnde 23 y\u00fcksek lisans \u00f6\u011frencisi, Doing Memory konusunda bir Klynt internet belgeseli geli\u015ftirdi.<\/p>\n\n<p>Be\u015f farkl\u0131 makale, 1990&#8217;lardan bu yana Almanya&#8217;da sa\u011fc\u0131 \u015fiddet ve \u0131rk\u00e7\u0131l\u0131k ba\u011flam\u0131nda ayr\u0131mc\u0131l\u0131k ve g\u00fc\u00e7lenmeyi ele al\u0131yor. \u0130nternet belgeseli format\u0131, video, foto\u011fraf, metin ve ses katk\u0131lar\u0131 dahil olmak \u00fczere gazetecili\u011fin \u00e7e\u015fitli belgesel anlat\u0131m bi\u00e7imlerini do\u011frusal olmayan, etkile\u015fimli bir bilgi platformunda birle\u015ftiriyor.<\/p>\n\n<p>Klynt internet belgeselleri k\u0131sa s\u00fcre sonra bu sayfada tekrar g\u00f6r\u00fclecektir. O zamana kadar a\u015fa\u011f\u0131daki galeri, \u00e7al\u0131\u015fmalar hakk\u0131nda bir fikir verecektir.<\/p>\n<style>#jtg-273 .modula-item .jtg-social a, .lightbox-socials.jtg-social a{ fill: #ffffff; color: #ffffff }#jtg-273 .modula-item .jtg-social-mobile a{ fill: #ffffff; color: #ffffff }#jtg-273 .modula-item .jtg-social svg, .lightbox-socials.jtg-social svg { height: 16px; width: 16px }#jtg-273 .modula-item .jtg-social-mobile svg { height: 16px; width: 16px }#jtg-273 .modula-item .jtg-social a:not(:last-child), .lightbox-socials.jtg-social a:not(:last-child) { margin-right: 10px }#jtg-273 .modula-item .jtg-social-mobile .jtg-social-mobile-icons a:not(:last-child){ margin-right: 10px }#jtg-273 .modula-item .figc {color:#ffffff;}#jtg-273 .modula-item .modula-item-content { transform: scale(1) }#jtg-273{max-width:60%}#jtg-273 { width:60%;}#jtg-273 .modula-items{height:800px;}@media screen and (max-width: 992px) {#jtg-273 .modula-items{height:800px;}}@media screen and (max-width: 768px) {#jtg-273 .modula-items{height:800px;}}#jtg-273 .modula-items .figc p.description { font-size:14px; }#jtg-273 .modula-items .figc p.description { color:#ffffff;}#jtg-273.modula-gallery .modula-item-content .modula-no-follow { cursor: default; } #jtg-273 .modula-item .modula-item-overlay, #jtg-273 .modula-item.effect-layla, #jtg-273  .modula-item.effect-ruby,#jtg-273 .modula-item.effect-bubba,#jtg-273 .modula-item.effect-sarah,#jtg-273 .modula-item.effect-milo,#jtg-273 .modula-item.effect-julia,#jtg-273 .modula-item.effect-hera,#jtg-273 .modula-item.effect-winston,#jtg-273 .modula-item.effect-selena,#jtg-273 .modula-item.effect-terry,#jtg-273 .modula-item.effect-phoebe,#jtg-273 .modula-item.effect-apollo{ background-color:#ffffff; }#jtg-273  .modula-item.effect-oscar { background: -webkit-linear-gradient(45deg,#ffffff 0,#9b4a1b 40%,#ffffff 100%);background: linear-gradient(45deg,#ffffff 0,#9b4a1b 40%,#ffffff 100%);}#jtg-273  .modula-item.effect-roxy {background: -webkit-linear-gradient(45deg,#ffffff 0,#05abe0 100%);background: linear-gradient(45deg,#ffffff 0,#05abe0 100%);}#jtg-273 .modula-item.effect-dexter {background: -webkit-linear-gradient(top,#ffffff 0,rgba(104,60,19,1) 100%); background: linear-gradient(to bottom,#ffffff 0,rgba(104,60,19,1) 100%);}#jtg-273  .modula-item.effect-jazz {background: -webkit-linear-gradient(-45deg,#ffffff 0,#f33f58 100%);background: linear-gradient(-45deg,#ffffff 0,#f33f58 100%);}#jtg-273 .modula-item.effect-lexi {background: -webkit-linear-gradient(-45deg,#ffffff 0,#fff 100%);background: linear-gradient(-45deg,#ffffff 0,#fff 100%);}#jtg-273 .modula-item.effect-duke {background: -webkit-linear-gradient(-45deg,#ffffff 0,#cc6055 100%);background: linear-gradient(-45deg,#ffffff 0,#cc6055 100%);}#jtg-273 .modula-item.effect-ming .figc::before {border: 2px solid #ffffff; box-shadow: 0 0 0 100vmax rgba(255,255,255,0.5);}#jtg-273 .jtg-title {font-weight:400; }#jtg-273 p.description {font-weight:normal; }#jtg-273:not(.modula-loaded-scale)  .modula-item .modula-item-content { transform: scale(1) translate(0px,0px) rotate(0deg); }@keyframes modulaScaling { 0% {transform: scale(1) translate(0px,p0x) rotate(0deg);} 50%{transform: scale(1) translate(0px,0px) rotate(0deg);}100%{transform: scale(1) translate(0px,p0x) rotate(0deg);}}#jtg-273.modula-gallery .modula-item.effect-terry .jtg-social a:not(:last-child){margin-bottom:10px;}.modula-fancybox-container.modula-lightbox-jtg-273 .modula-fancybox-caption .modula-fancybox-caption__body, .modula-fancybox-container.modula-lightbox-jtg-273 .modula-fancybox-caption .modula-fancybox-caption__body p {text-align:left}html body .modula.modula-columns .modula-items.grid-gallery .modula-item.effect-under .modula-item-content { height:auto;}@media all and (max-width: 768px) { .modula-gallery .modula-item.effect-under.modula-caption-effect-item.jg-entry { margin-top: 10px; } }.modula-fancybox-container.modula-lightbox-jtg-273 .fancybox__caption {align-self:flex-start}.modula-fancybox-container.modula-lightbox-jtg-273 .fancybox__caption {align-self:flex-start}@media screen and (max-width:480px){#jtg-273 .modula-item .figc .jtg-title {  font-size: 12px; }#jtg-273 .modula-items .figc p.description { color:#ffffff;font-size:10px; }}#jtg-273 .modula-items .modula-item:hover img{opacity:1;}<\/style>\n<!-- Gallery Container -->\n<div  id=\"jtg-273\" class=\"modula modula-gallery modula-creative-gallery\" data-config=\"{&quot;height&quot;:800,&quot;tabletHeight&quot;:800,&quot;mobileHeight&quot;:800,&quot;desktopHeight&quot;:800,&quot;enableTwitter&quot;:false,&quot;enableWhatsapp&quot;:false,&quot;enableFacebook&quot;:false,&quot;enablePinterest&quot;:false,&quot;enableLinkedin&quot;:false,&quot;enableEmail&quot;:false,&quot;randomFactor&quot;:0.5,&quot;type&quot;:&quot;creative-gallery&quot;,&quot;columns&quot;:12,&quot;gutter&quot;:10,&quot;mobileGutter&quot;:10,&quot;tabletGutter&quot;:10,&quot;desktopGutter&quot;:10,&quot;enableResponsive&quot;:&quot;0&quot;,&quot;tabletColumns&quot;:&quot;2&quot;,&quot;mobileColumns&quot;:&quot;1&quot;,&quot;lazyLoad&quot;:&quot;0&quot;,&quot;lightboxOpts&quot;:{&quot;animated&quot;:true,&quot;Thumbs&quot;:{&quot;type&quot;:&quot;modern&quot;,&quot;showOnStart&quot;:false},&quot;Toolbar&quot;:{&quot;display&quot;:{&quot;right&quot;:[&quot;close&quot;],&quot;left&quot;:[&quot;infobar&quot;]},&quot;enabled&quot;:true},&quot;Carousel&quot;:{&quot;Panzoom&quot;:{&quot;touch&quot;:false},&quot;infinite&quot;:false,&quot;transition&quot;:&quot;fade&quot;},&quot;keyboard&quot;:{&quot;Escape&quot;:&quot;close&quot;,&quot;Delete&quot;:&quot;close&quot;,&quot;Backspace&quot;:&quot;close&quot;,&quot;PageUp&quot;:false,&quot;PageDown&quot;:false,&quot;ArrowUp&quot;:false,&quot;ArrowDown&quot;:false,&quot;ArrowRight&quot;:false,&quot;ArrowLeft&quot;:false},&quot;touch&quot;:false,&quot;backdropClick&quot;:false,&quot;l10n&quot;:{&quot;CLOSE&quot;:&quot;Close&quot;,&quot;NEXT&quot;:&quot;Next&quot;,&quot;PREV&quot;:&quot;Previous&quot;,&quot;Error&quot;:&quot;The requested content cannot be loaded. Please try again later.&quot;,&quot;PLAY_START&quot;:&quot;Start slideshow&quot;,&quot;PLAY_STOP&quot;:&quot;Pause slideshow&quot;,&quot;FULL_SCREEN&quot;:&quot;Full screen&quot;,&quot;THUMBS&quot;:&quot;Thumbnails&quot;,&quot;DOWNLOAD&quot;:&quot;Download&quot;,&quot;SHARE&quot;:&quot;Share&quot;,&quot;ZOOM&quot;:&quot;Zoom&quot;,&quot;EMAIL&quot;:&quot;Here is the link to the image : %%image_link%% and this is the link to the gallery : %%gallery_link%%&quot;,&quot;MODAL&quot;:&quot;You can close this modal content with the ESC key&quot;,&quot;ERROR&quot;:&quot;Something Went Wrong, Please Try Again Later&quot;,&quot;IMAGE_ERROR&quot;:&quot;Image Not Found&quot;,&quot;ELEMENT_NOT_FOUND&quot;:&quot;HTML Element Not Found&quot;,&quot;AJAX_NOT_FOUND&quot;:&quot;Error Loading AJAX : Not Found&quot;,&quot;AJAX_FORBIDDEN&quot;:&quot;Error Loading AJAX : Forbidden&quot;,&quot;IFRAME_ERROR&quot;:&quot;Error Loading Page&quot;,&quot;TOGGLE_ZOOM&quot;:&quot;Toggle zoom level&quot;,&quot;TOGGLE_THUMBS&quot;:&quot;Toggle thumbnails&quot;,&quot;TOGGLE_SLIDESHOW&quot;:&quot;Toggle slideshow&quot;,&quot;TOGGLE_FULLSCREEN&quot;:&quot;Toggle full-screen mode&quot;},&quot;Images&quot;:{&quot;Panzoom&quot;:{&quot;maxScale&quot;:2}},&quot;toolbar&quot;:true,&quot;wheel&quot;:false,&quot;animationEffect&quot;:&quot;false&quot;,&quot;animationDuration&quot;:366,&quot;transitionEffect&quot;:&quot;false&quot;,&quot;mainClass&quot;:&quot;modula-fancybox-container modula-lightbox-jtg-273&quot;,&quot;Html&quot;:{&quot;videoAutoplay&quot;:0,&quot;videoTpl&quot;:&quot;&lt;video class=\\&quot;fancybox__html5video\\&quot; controls muted playsinline controlsList controlsList=\\&quot;nodownload\\&quot; poster=\\&quot;{{poster}}\\&quot; src=\\&quot;{{src}}\\&quot; type=\\&quot;{{format}}\\&quot; &gt;  Sorry, your browser doesn&#039;t support embedded videos, &lt;a href=\\&quot;{{src}}\\&quot;&gt; download &lt;\\\/a&gt; and watch with your favorite video player! &lt;\\\/video&gt;&quot;}},&quot;inView&quot;:false,&quot;email_subject&quot;:&quot;Check out this awesome image !!&quot;,&quot;email_message&quot;:&quot;Here is the link to the image : %%image_link%% and this is the link to the gallery : %%gallery_link%%&quot;,&quot;lightbox&quot;:&quot;no-link&quot;,&quot;filterClick&quot;:&quot;0&quot;,&quot;dropdownFilters&quot;:&quot;0&quot;,&quot;defaultActiveFilter&quot;:&quot;all&quot;,&quot;initLightbox&quot;:&quot;modula_pro_init_lightbox&quot;,&quot;haveFilters&quot;:0,&quot;lightbox_devices&quot;:&quot;both&quot;}\">\n\n\t\n\t<!-- Items Container -->\n\t<div  class=\"modula-items\">\n\t\t<div class=\"modula-item jtg-filter-all jtg-filter-\" >\n\t<div class=\"modula-item-content\">\n\t\t\n\t\t\n\t\t<img loading=\"lazy\" decoding=\"async\" class=\"pic wp-image-278\"  data-valign=\"middle\" data-halign=\"center\" alt=\"\" data-full=\"https:\/\/doing-memory.de\/wp-content\/uploads\/2021\/01\/04_stimmen.png\" title=\"04_stimmen\" width=\"300\" height=\"168\" src=\"https:\/\/doing-memory.de\/wp-content\/uploads\/2021\/01\/04_stimmen-300x168.png\" data-src=\"https:\/\/doing-memory.de\/wp-content\/uploads\/2021\/01\/04_stimmen-300x168.png\" data-caption=\"\" srcset=\"https:\/\/doing-memory.de\/wp-content\/uploads\/2021\/01\/04_stimmen.png 1916w, https:\/\/doing-memory.de\/wp-content\/uploads\/2021\/01\/04_stimmen-300x168.png 300w, https:\/\/doing-memory.de\/wp-content\/uploads\/2021\/01\/04_stimmen-1024x575.png 1024w, https:\/\/doing-memory.de\/wp-content\/uploads\/2021\/01\/04_stimmen-768x431.png 768w, https:\/\/doing-memory.de\/wp-content\/uploads\/2021\/01\/04_stimmen-1536x862.png 1536w, https:\/\/doing-memory.de\/wp-content\/uploads\/2021\/01\/04_stimmen-1200x673.png 1200w\" sizes=\"(max-width: 300px) 100vw, 300px\" \/>\n\t<\/div>\n\n<\/div><div class=\"modula-item jtg-filter-all jtg-filter-\" >\n\t<div class=\"modula-item-content\">\n\t\t\n\t\t\n\t\t<img loading=\"lazy\" decoding=\"async\" class=\"pic wp-image-275\"  data-valign=\"middle\" data-halign=\"center\" alt=\"\" data-full=\"https:\/\/doing-memory.de\/wp-content\/uploads\/2021\/01\/03_betroffenenperspektive.png\" title=\"03_betroffenenperspektive\" width=\"300\" height=\"168\" src=\"https:\/\/doing-memory.de\/wp-content\/uploads\/2021\/01\/03_betroffenenperspektive-300x168.png\" data-src=\"https:\/\/doing-memory.de\/wp-content\/uploads\/2021\/01\/03_betroffenenperspektive-300x168.png\" data-caption=\"\" srcset=\"https:\/\/doing-memory.de\/wp-content\/uploads\/2021\/01\/03_betroffenenperspektive.png 1912w, https:\/\/doing-memory.de\/wp-content\/uploads\/2021\/01\/03_betroffenenperspektive-300x168.png 300w, https:\/\/doing-memory.de\/wp-content\/uploads\/2021\/01\/03_betroffenenperspektive-1024x574.png 1024w, https:\/\/doing-memory.de\/wp-content\/uploads\/2021\/01\/03_betroffenenperspektive-768x431.png 768w, https:\/\/doing-memory.de\/wp-content\/uploads\/2021\/01\/03_betroffenenperspektive-1536x861.png 1536w, https:\/\/doing-memory.de\/wp-content\/uploads\/2021\/01\/03_betroffenenperspektive-1200x673.png 1200w\" sizes=\"(max-width: 300px) 100vw, 300px\" \/>\n\t<\/div>\n\n<\/div><div class=\"modula-item jtg-filter-all jtg-filter-\" >\n\t<div class=\"modula-item-content\">\n\t\t\n\t\t\n\t\t<img loading=\"lazy\" decoding=\"async\" class=\"pic wp-image-277\"  data-valign=\"middle\" data-halign=\"center\" alt=\"\" data-full=\"https:\/\/doing-memory.de\/wp-content\/uploads\/2021\/01\/04_geiss-str.png\" title=\"04_geiss-str\" width=\"300\" height=\"168\" src=\"https:\/\/doing-memory.de\/wp-content\/uploads\/2021\/01\/04_geiss-str-300x168.png\" data-src=\"https:\/\/doing-memory.de\/wp-content\/uploads\/2021\/01\/04_geiss-str-300x168.png\" data-caption=\"\" srcset=\"https:\/\/doing-memory.de\/wp-content\/uploads\/2021\/01\/04_geiss-str.png 1914w, https:\/\/doing-memory.de\/wp-content\/uploads\/2021\/01\/04_geiss-str-300x168.png 300w, https:\/\/doing-memory.de\/wp-content\/uploads\/2021\/01\/04_geiss-str-1024x575.png 1024w, https:\/\/doing-memory.de\/wp-content\/uploads\/2021\/01\/04_geiss-str-768x431.png 768w, https:\/\/doing-memory.de\/wp-content\/uploads\/2021\/01\/04_geiss-str-1536x863.png 1536w, https:\/\/doing-memory.de\/wp-content\/uploads\/2021\/01\/04_geiss-str-1200x674.png 1200w\" sizes=\"(max-width: 300px) 100vw, 300px\" \/>\n\t<\/div>\n\n<\/div><div class=\"modula-item jtg-filter-all jtg-filter-\" >\n\t<div class=\"modula-item-content\">\n\t\t\n\t\t\n\t\t<img loading=\"lazy\" decoding=\"async\" class=\"pic wp-image-276\"  data-valign=\"middle\" data-halign=\"center\" alt=\"\" data-full=\"https:\/\/doing-memory.de\/wp-content\/uploads\/2021\/01\/03_betroffenenperspektive_2.png\" title=\"03_betroffenenperspektive_2\" width=\"300\" height=\"168\" src=\"https:\/\/doing-memory.de\/wp-content\/uploads\/2021\/01\/03_betroffenenperspektive_2-300x168.png\" data-src=\"https:\/\/doing-memory.de\/wp-content\/uploads\/2021\/01\/03_betroffenenperspektive_2-300x168.png\" data-caption=\"\" srcset=\"https:\/\/doing-memory.de\/wp-content\/uploads\/2021\/01\/03_betroffenenperspektive_2.png 1906w, https:\/\/doing-memory.de\/wp-content\/uploads\/2021\/01\/03_betroffenenperspektive_2-300x168.png 300w, https:\/\/doing-memory.de\/wp-content\/uploads\/2021\/01\/03_betroffenenperspektive_2-1024x574.png 1024w, https:\/\/doing-memory.de\/wp-content\/uploads\/2021\/01\/03_betroffenenperspektive_2-768x431.png 768w, https:\/\/doing-memory.de\/wp-content\/uploads\/2021\/01\/03_betroffenenperspektive_2-1536x861.png 1536w, https:\/\/doing-memory.de\/wp-content\/uploads\/2021\/01\/03_betroffenenperspektive_2-1200x673.png 1200w\" sizes=\"(max-width: 300px) 100vw, 300px\" \/>\n\t<\/div>\n\n<\/div><div class=\"modula-item jtg-filter-all jtg-filter-\" >\n\t<div class=\"modula-item-content\">\n\t\t\n\t\t\n\t\t<img loading=\"lazy\" decoding=\"async\" class=\"pic wp-image-274\"  data-valign=\"middle\" data-halign=\"center\" alt=\"\" data-full=\"https:\/\/doing-memory.de\/wp-content\/uploads\/2021\/01\/02_info.png\" title=\"02_info\" width=\"300\" height=\"169\" src=\"https:\/\/doing-memory.de\/wp-content\/uploads\/2021\/01\/02_info-300x169.png\" data-src=\"https:\/\/doing-memory.de\/wp-content\/uploads\/2021\/01\/02_info-300x169.png\" data-caption=\"\" srcset=\"https:\/\/doing-memory.de\/wp-content\/uploads\/2021\/01\/02_info.png 1909w, https:\/\/doing-memory.de\/wp-content\/uploads\/2021\/01\/02_info-300x169.png 300w, https:\/\/doing-memory.de\/wp-content\/uploads\/2021\/01\/02_info-1024x577.png 1024w, https:\/\/doing-memory.de\/wp-content\/uploads\/2021\/01\/02_info-768x433.png 768w, https:\/\/doing-memory.de\/wp-content\/uploads\/2021\/01\/02_info-1536x866.png 1536w, https:\/\/doing-memory.de\/wp-content\/uploads\/2021\/01\/02_info-1200x676.png 1200w\" sizes=\"(max-width: 300px) 100vw, 300px\" \/>\n\t<\/div>\n\n<\/div><div class=\"modula-item jtg-filter-all jtg-filter-\" >\n\t<div class=\"modula-item-content\">\n\t\t\n\t\t\n\t\t<img loading=\"lazy\" decoding=\"async\" class=\"pic wp-image-279\"  data-valign=\"middle\" data-halign=\"center\" alt=\"\" data-full=\"https:\/\/doing-memory.de\/wp-content\/uploads\/2021\/01\/01_erinnern-im-film.png\" title=\"01_erinnern-im-film\" width=\"300\" height=\"168\" src=\"https:\/\/doing-memory.de\/wp-content\/uploads\/2021\/01\/01_erinnern-im-film-300x168.png\" data-src=\"https:\/\/doing-memory.de\/wp-content\/uploads\/2021\/01\/01_erinnern-im-film-300x168.png\" data-caption=\"\" srcset=\"https:\/\/doing-memory.de\/wp-content\/uploads\/2021\/01\/01_erinnern-im-film.png 1912w, https:\/\/doing-memory.de\/wp-content\/uploads\/2021\/01\/01_erinnern-im-film-300x168.png 300w, https:\/\/doing-memory.de\/wp-content\/uploads\/2021\/01\/01_erinnern-im-film-1024x574.png 1024w, https:\/\/doing-memory.de\/wp-content\/uploads\/2021\/01\/01_erinnern-im-film-768x431.png 768w, https:\/\/doing-memory.de\/wp-content\/uploads\/2021\/01\/01_erinnern-im-film-1536x861.png 1536w, https:\/\/doing-memory.de\/wp-content\/uploads\/2021\/01\/01_erinnern-im-film-1200x673.png 1200w\" sizes=\"(max-width: 300px) 100vw, 300px\" \/>\n\t<\/div>\n\n<\/div>\t\t\n\t<\/div>\n\n\t\n\t\n\t<script type=\"application\/ld+json\">\n\t{\n\t\t\"@context\": \"http:\/\/schema.org\",\n\t\t\"@type\"   : \"ImageGallery\",\n\t\t\"id\"      : \"https:\/\/doing-memory.de\/tr\/klynt-internet-belgeseli\/\",\n\t\t\"url\"     : \"https:\/\/doing-memory.de\/tr\/klynt-internet-belgeseli\/\"\n\t}\n\n\t<\/script>\n\n\t\n<\/div>\n\n<p><\/p>\n","protected":false},"excerpt":{"rendered":"<p>2017\/18 k\u0131\u015f d\u00f6neminde bir \u00f6\u011fretim ara\u015ft\u0131rmas\u0131 projesinin par\u00e7as\u0131 olarak, T\u00fcbingen Eberhard Karls \u00dcniversitesi&#8217;nde medya \u00e7al\u0131\u015fmalar\u0131 b\u00f6l\u00fcm\u00fcnde 23 y\u00fcksek lisans \u00f6\u011frencisi, Doing Memory konusunda bir Klynt internet belgeseli geli\u015ftirdi. Be\u015f farkl\u0131 makale, 1990&#8217;lardan bu yana Almanya&#8217;da sa\u011fc\u0131 \u015fiddet ve \u0131rk\u00e7\u0131l\u0131k ba\u011flam\u0131nda ayr\u0131mc\u0131l\u0131k ve g\u00fc\u00e7lenmeyi ele al\u0131yor. \u0130nternet belgeseli format\u0131, video, foto\u011fraf, metin ve ses katk\u0131lar\u0131 dahil [&hellip;]<\/p>\n","protected":false},"author":1,"featured_media":0,"parent":0,"menu_order":0,"comment_status":"closed","ping_status":"closed","template":"","meta":{"footnotes":""},"class_list":["post-981","page","type-page","status-publish","hentry"],"_links":{"self":[{"href":"https:\/\/doing-memory.de\/tr\/wp-json\/wp\/v2\/pages\/981"}],"collection":[{"href":"https:\/\/doing-memory.de\/tr\/wp-json\/wp\/v2\/pages"}],"about":[{"href":"https:\/\/doing-memory.de\/tr\/wp-json\/wp\/v2\/types\/page"}],"author":[{"embeddable":true,"href":"https:\/\/doing-memory.de\/tr\/wp-json\/wp\/v2\/users\/1"}],"replies":[{"embeddable":true,"href":"https:\/\/doing-memory.de\/tr\/wp-json\/wp\/v2\/comments?post=981"}],"version-history":[{"count":3,"href":"https:\/\/doing-memory.de\/tr\/wp-json\/wp\/v2\/pages\/981\/revisions"}],"predecessor-version":[{"id":984,"href":"https:\/\/doing-memory.de\/tr\/wp-json\/wp\/v2\/pages\/981\/revisions\/984"}],"wp:attachment":[{"href":"https:\/\/doing-memory.de\/tr\/wp-json\/wp\/v2\/media?parent=981"}],"curies":[{"name":"wp","href":"https:\/\/api.w.org\/{rel}","templated":true}]}}