{"id":976,"date":"2021-01-15T01:58:30","date_gmt":"2021-01-15T01:58:30","guid":{"rendered":"https:\/\/doing-memory.de\/uygulamada-doing-memoryi-deneyimleyin\/"},"modified":"2022-12-01T10:28:10","modified_gmt":"2022-12-01T10:28:10","slug":"uygulamada-doing-memoryi-deneyimleyin","status":"publish","type":"page","link":"https:\/\/doing-memory.de\/tr\/uygulamada-doing-memoryi-deneyimleyin\/","title":{"rendered":"Uygulamada Doing Memory&#8217;i Deneyimleyin"},"content":{"rendered":"\n<p>\u0130ster bir sinema filmi veya televizyon prod\u00fcksiyonu, ister oyun, internet belgeseli, kurgu d\u0131\u015f\u0131 kitap veya roman, isterse bir giri\u015fim veya ittifak olsun: <em>Doing Memory<\/em> pratikte \u00e7ok \u00e7e\u015fitli g\u00f6r\u00fcnebilir. Sa\u011fc\u0131 \u015fiddetle aktif olarak y\u00fczle\u015fme, \u00f6zellikle sanat\u00e7\u0131lar\u0131n ve aktivistlerin kayda de\u011fer ba\u011fl\u0131l\u0131klar\u0131nda belirgindir.<\/p>\n\n<h2 class=\"wp-block-heading\">Bellek Haritas\u0131 Yapma<\/h2>\n\n<p>Bu harita anma uygulamalar\u0131ndan bir se\u00e7kiyi g\u00f6stermektedir. Podcast&#8217;imizin katk\u0131lar\u0131na ek olarak, Almanya&#8217;daki y\u00fczlerce <em>Haf\u0131za<\/em> \u00c7al\u0131\u015fmas\u0131 \u00f6rne\u011fini listeliyor. Harita b\u00fcy\u00fcmeye devam etmelidir ve payla\u015f\u0131lmaya veya g\u00f6m\u00fclmeye a\u00e7\u0131kt\u0131r.<\/p>\n\n<iframe loading=\"lazy\" src=\"https:\/\/www.google.com\/maps\/d\/embed?mid=1pu5QtxmGrvGKMyV_bu-RnrugmR9TnAg_&#038;ehbc=2E312F\" width=\"320\" height=\"240\"><\/iframe>\n\n<h4 class=\"wp-block-heading\">Harita hakk\u0131nda birka\u00e7 not<\/h4>\n\n<p>\u00dc\u00e7 veri katman\u0131ndan veya haritadan olu\u015fur. Seviyeler &#8220;Hat\u0131rlama&#8221;, &#8220;Kim hat\u0131rl\u0131yor&#8221; ve &#8220;Nas\u0131l hat\u0131rlan\u0131yor&#8221; \u015feklindedir. Kategoriler varsay\u0131lan olarak ayn\u0131 anda etkinle\u015ftirilir. Daha iyi bir genel bak\u0131\u015f i\u00e7in, o anda odakta olmayan kategorileri devre d\u0131\u015f\u0131 b\u0131rakabilirsiniz. Bunu yapmak i\u00e7in men\u00fcdeki ilgili seviyenin i\u015faretini kald\u0131rman\u0131z yeterlidir.<\/p>\n\n<h2 class=\"wp-block-heading\">Tecr\u00fcbe etmek<\/h2>\n\n<p>At\u00f6lye kat\u0131l\u0131mc\u0131lar\u0131, <em>Doing Memory<\/em> projeleri ile pratik deneyimlerini payla\u015fabildiler.<\/p>\n\n<figure class=\"wp-block-embed is-type-video is-provider-youtube wp-block-embed-youtube wp-embed-aspect-16-9 wp-has-aspect-ratio\"><div class=\"wp-block-embed__wrapper\">\n<iframe loading=\"lazy\" title=\"Doing Memory in der Praxis erleben\" width=\"580\" height=\"326\" src=\"https:\/\/www.youtube.com\/embed\/-hs6QwydDRE?feature=oembed\" frameborder=\"0\" allow=\"accelerometer; autoplay; clipboard-write; encrypted-media; gyroscope; picture-in-picture; web-share\" referrerpolicy=\"strict-origin-when-cross-origin\" allowfullscreen><\/iframe>\n<\/div><\/figure>\n\n<hr class=\"wp-block-separator has-css-opacity\"\/>\n\n<h2 class=\"wp-block-heading\">Faydal\u0131 \u00d6rnekler<\/h2>\n\n<h3 class=\"wp-block-heading\">Onlar\u0131n an\u0131s\u0131na okudum.<\/h3>\n\n<figure class=\"wp-block-embed is-type-video is-provider-youtube wp-block-embed-youtube wp-embed-aspect-16-9 wp-has-aspect-ratio\"><div class=\"wp-block-embed__wrapper\">\n<iframe loading=\"lazy\" title=\"Ihnen zum Gedenken lese ich.\" width=\"580\" height=\"326\" src=\"https:\/\/www.youtube.com\/embed\/Q4LuZBSQikY?feature=oembed\" frameborder=\"0\" allow=\"accelerometer; autoplay; clipboard-write; encrypted-media; gyroscope; picture-in-picture; web-share\" referrerpolicy=\"strict-origin-when-cross-origin\" allowfullscreen><\/iframe>\n<\/div><figcaption class=\"wp-element-caption\">Esther Dischereit taraf\u0131ndan g\u00f6rselle\u015ftirilmi\u015f okuma katk\u0131s\u0131<\/figcaption><\/figure>\n\n<p>Samuel Kofi Yeboah&#8217;\u0131n \u00f6ld\u00fcr\u00fcld\u00fc\u011f\u00fc 19.9.1991 tarihinde bir s\u0131\u011f\u0131nmac\u0131 bar\u0131na\u011f\u0131na yap\u0131lan kundaklama sald\u0131r\u0131s\u0131 ve pes etmeyen aktivistlerin \u00e7al\u0131\u015fmalar\u0131 an\u0131s\u0131na Esther Dischereit taraf\u0131ndan yap\u0131lan katk\u0131.  <\/p>\n\n<figure class=\"wp-block-image size-large is-resized is-style-default\"><img loading=\"lazy\" decoding=\"async\" src=\"http:\/\/doing-memory.de\/wp-content\/uploads\/2021\/01\/snip_blackmap_2-1024x860.png\" alt=\"Black Map of Athens\" class=\"wp-image-120\" width=\"610\" height=\"512\" srcset=\"https:\/\/doing-memory.de\/wp-content\/uploads\/2021\/01\/snip_blackmap_2-1024x860.png 1024w, https:\/\/doing-memory.de\/wp-content\/uploads\/2021\/01\/snip_blackmap_2-300x252.png 300w, https:\/\/doing-memory.de\/wp-content\/uploads\/2021\/01\/snip_blackmap_2-768x645.png 768w, https:\/\/doing-memory.de\/wp-content\/uploads\/2021\/01\/snip_blackmap_2-1200x1008.png 1200w, https:\/\/doing-memory.de\/wp-content\/uploads\/2021\/01\/snip_blackmap_2.png 1448w\" sizes=\"(max-width: 610px) 100vw, 610px\" \/><figcaption class=\"wp-element-caption\">Atina&#8217;da sa\u011fc\u0131 \u015fiddet<\/figcaption><\/figure>\n\n<h3 class=\"wp-block-heading\">The Black Map of Athens<\/h3>\n\n<p>\u201cOnlar\u0131 d\u0131\u015far\u0131 \u00e7\u0131kar! Atina&#8217;n\u0131n siyah haritas\u0131\u201d Yunanistan&#8217;dan bu internet sitesinin slogan\u0131d\u0131r ve bir haritada \u0131rk\u00e7\u0131 sald\u0131r\u0131lar\u0131 i\u015faretler. Ama\u00e7, genellikle kamuoyuna g\u00f6r\u00fcnmeyen bu alandaki su\u00e7u g\u00f6r\u00fcn\u00fcr k\u0131lmak, dikkat \u00e7ekmek ve \u0131rk\u00e7\u0131 \u015fiddetin topografyas\u0131n\u0131 olu\u015fturmakt\u0131r.<\/p>\n\n<div class=\"wp-block-buttons is-layout-flex wp-block-buttons-is-layout-flex\">\n<div class=\"wp-block-button is-style-outline is-style-outline--27e15c5470f1252f7fb3d1524dd9aedd\"><a class=\"wp-block-button__link wp-element-button\" href=\"https:\/\/valtousx.gr\/en\/\" target=\"_blank\" rel=\"noreferrer noopener\">PROJE BA\u011eLANTISI<\/a><\/div>\n<\/div>\n\n<figure class=\"wp-block-image size-large is-style-default\"><img loading=\"lazy\" decoding=\"async\" width=\"1024\" height=\"574\" src=\"http:\/\/doing-memory.de\/wp-content\/uploads\/2021\/01\/snip_amadeu-stern_karte-1024x574.png\" alt=\"\" class=\"wp-image-123\" srcset=\"https:\/\/doing-memory.de\/wp-content\/uploads\/2021\/01\/snip_amadeu-stern_karte-1024x574.png 1024w, https:\/\/doing-memory.de\/wp-content\/uploads\/2021\/01\/snip_amadeu-stern_karte-300x168.png 300w, https:\/\/doing-memory.de\/wp-content\/uploads\/2021\/01\/snip_amadeu-stern_karte-768x430.png 768w, https:\/\/doing-memory.de\/wp-content\/uploads\/2021\/01\/snip_amadeu-stern_karte-1536x861.png 1536w, https:\/\/doing-memory.de\/wp-content\/uploads\/2021\/01\/snip_amadeu-stern_karte-1200x673.png 1200w, https:\/\/doing-memory.de\/wp-content\/uploads\/2021\/01\/snip_amadeu-stern_karte.png 1595w\" sizes=\"(max-width: 1024px) 100vw, 1024px\" \/><figcaption class=\"wp-element-caption\">\u015eiddet Haritas\u0131<\/figcaption><\/figure>\n\n<h3 class=\"wp-block-heading\">M\u00fclteci kar\u015f\u0131t\u0131 olaylar\u0131n kroni\u011fi<\/h3>\n\n<p><em>The Black Map of Athens<\/em>&#8216;e benzer \u015fekilde, Sterndergisi ve Amadeu Antonio Vakf\u0131&#8217;n\u0131n <em>sa\u011fc\u0131 \u015fiddete kar\u015f\u0131<\/em> bu projesi, m\u00fclteci kar\u015f\u0131t\u0131 olaylar\u0131n bir tarih\u00e7esini sunuyor. M\u00fcltecilerin ya\u015fad\u0131\u011f\u0131\/planl\u0131\/in\u015fa halindeki s\u0131\u011f\u0131nma evlerine veya apartmanlar\u0131na y\u00f6nelik kundaklama sald\u0131r\u0131lar\u0131, fiziksel yaralanmalar ve yaral\u0131lar\u0131n say\u0131s\u0131, mitingler ve di\u011fer sald\u0131r\u0131lar haritaya kaydedilir. \u00d6zellikle: Irksal olarak sebeplendirilen olaylar\u0131n \u015f\u00fcpheli vakalar\u0131 da sitede g\u00f6r\u00fcnt\u00fclenebilir.<\/p>\n\n<div class=\"wp-block-buttons is-layout-flex wp-block-buttons-is-layout-flex\">\n<div class=\"wp-block-button is-style-outline is-style-outline--875494aff68667131ee56e3fed18a8d2\"><a class=\"wp-block-button__link wp-element-button\" href=\"https:\/\/www.mut-gegen-rechte-gewalt.de\/chronik-karte\" target=\"_blank\" rel=\"noreferrer noopener\">PROJE BA\u011eLANTISI<\/a><\/div>\n<\/div>\n\n<figure class=\"wp-block-image size-large is-style-default\"><img loading=\"lazy\" decoding=\"async\" width=\"1024\" height=\"608\" src=\"http:\/\/doing-memory.de\/wp-content\/uploads\/2021\/01\/snip_klynt-1024x608.png\" alt=\"Doing Memory Klynt Belgeseli\" class=\"wp-image-121\" srcset=\"https:\/\/doing-memory.de\/wp-content\/uploads\/2021\/01\/snip_klynt-1024x608.png 1024w, https:\/\/doing-memory.de\/wp-content\/uploads\/2021\/01\/snip_klynt-300x178.png 300w, https:\/\/doing-memory.de\/wp-content\/uploads\/2021\/01\/snip_klynt-768x456.png 768w, https:\/\/doing-memory.de\/wp-content\/uploads\/2021\/01\/snip_klynt-1200x712.png 1200w, https:\/\/doing-memory.de\/wp-content\/uploads\/2021\/01\/snip_klynt.png 1341w\" sizes=\"(max-width: 1024px) 100vw, 1024px\" \/><figcaption class=\"wp-element-caption\">\u00d6\u011frencileri bilgilendirmek<\/figcaption><\/figure>\n\n<h3 class=\"wp-block-heading\"><em>Doing Memory<\/em>\u0130nternet Belgeseli<\/h3>\n\n<p>Bu projede, T\u00fcbingen \u00dcniversitesi&#8217;nden y\u00fcksek lisans \u00f6\u011frencileri, sa\u011fc\u0131 \u015fiddet ve <em>Doing Memory<\/em> olay\u0131n\u0131 \u00e7e\u015fitli \u015fekillerde ele ald\u0131lar. Katk\u0131lar aras\u0131nda NSU ile ilgili tiyatro g\u00f6sterileri, NSU cinayetlerine ili\u015fkin sesler, filmdeki an\u0131lar ve M\u00f6lln ve Stuttgart&#8217;taki Kundaklama sald\u0131r\u0131lar\u0131 yer al\u0131yor.<\/p>\n\n<div class=\"wp-block-buttons is-layout-flex wp-block-buttons-is-layout-flex\">\n<div class=\"wp-block-button is-style-outline is-style-outline--5062ebb039c026f0b9a597655a138a05\"><a class=\"wp-block-button__link wp-element-button\" href=\"http:\/\/doing-memory.de\/klynt-webdoku\/\" target=\"_blank\" rel=\"noreferrer noopener\">DAHA FAZLA B\u0130LG\u0130 ED\u0130N\u0130N<\/a><\/div>\n<\/div>\n\n<figure class=\"wp-block-image size-large is-style-default\"><img loading=\"lazy\" decoding=\"async\" width=\"1024\" height=\"526\" src=\"http:\/\/doing-memory.de\/wp-content\/uploads\/2021\/01\/snip_tribunal-spots-1024x526.png\" alt=\"Tribunal Spots\" class=\"wp-image-122\" srcset=\"https:\/\/doing-memory.de\/wp-content\/uploads\/2021\/01\/snip_tribunal-spots-1024x526.png 1024w, https:\/\/doing-memory.de\/wp-content\/uploads\/2021\/01\/snip_tribunal-spots-300x154.png 300w, https:\/\/doing-memory.de\/wp-content\/uploads\/2021\/01\/snip_tribunal-spots-768x395.png 768w, https:\/\/doing-memory.de\/wp-content\/uploads\/2021\/01\/snip_tribunal-spots-1536x789.png 1536w, https:\/\/doing-memory.de\/wp-content\/uploads\/2021\/01\/snip_tribunal-spots-2048x1052.png 2048w, https:\/\/doing-memory.de\/wp-content\/uploads\/2021\/01\/snip_tribunal-spots-1200x616.png 1200w, https:\/\/doing-memory.de\/wp-content\/uploads\/2021\/01\/snip_tribunal-spots-1980x1017.png 1980w\" sizes=\"(max-width: 1024px) 100vw, 1024px\" \/><figcaption class=\"wp-element-caption\">Arac\u0131l\u0131\u011f\u0131 ile Film<\/figcaption><\/figure>\n\n<h2 class=\"wp-block-heading\">Tribunal Spots<\/h2>\n\n<p>20 sanatsal k\u0131sa film, <em>NSU-Tribunal<\/em>projesine dikkat \u00e7ekiyor. Proje, NSU su\u00e7lar\u0131n\u0131n tam olarak ayd\u0131nlat\u0131lmas\u0131n\u0131 ve toplumsal olarak \u0131rk\u00e7\u0131l\u0131\u011f\u0131n su\u00e7lanmas\u0131n\u0131 talep ediyor. Filmlerde \u00f6zellikle ma\u011fdurlar\u0131n bak\u0131\u015f a\u00e7\u0131s\u0131 g\u00f6r\u00fclmektedir.<\/p>\n\n<div class=\"wp-block-buttons is-layout-flex wp-block-buttons-is-layout-flex\">\n<div class=\"wp-block-button is-style-outline is-style-outline--d13c48ff4bc38bbe48e11209bf76d59e\"><a class=\"wp-block-button__link wp-element-button\" href=\"http:\/\/tribunal-spots.net\/en\/spots\/05\/\" target=\"_blank\" rel=\"noreferrer noopener\">PROJE BA\u011eLANTISI<\/a><\/div>\n<\/div>\n\n<figure class=\"wp-block-image size-large is-style-default\"><img loading=\"lazy\" decoding=\"async\" width=\"512\" height=\"460\" src=\"http:\/\/doing-memory.de\/wp-content\/uploads\/2021\/01\/doerthe-boxberg_keupstrase-ist-uberall.jpg\" alt=\"\" class=\"wp-image-124\" srcset=\"https:\/\/doing-memory.de\/wp-content\/uploads\/2021\/01\/doerthe-boxberg_keupstrase-ist-uberall.jpg 512w, https:\/\/doing-memory.de\/wp-content\/uploads\/2021\/01\/doerthe-boxberg_keupstrase-ist-uberall-300x270.jpg 300w\" sizes=\"(max-width: 512px) 100vw, 512px\" \/><figcaption class=\"wp-element-caption\">Eylemcilerin devreye girmesi<\/figcaption><\/figure>\n\n<h2 class=\"wp-block-heading\">Keupstrasse giri\u015fimi (&#8220;<em>Keupstra\u00dfe ist \u00fcberall<\/em>&#8220;)<\/h2>\n\n<p>NSU&#8217;nun 2004&#8217;te K\u00f6ln&#8217;\u00fcn Keupstrasse&#8217;deki \u00e7ivili bomba sald\u0131r\u0131s\u0131ndan sonra giri\u015fim, hala bir anma t\u00f6reni yap\u0131lmas\u0131n\u0131, toplumda \u0131rk\u00e7\u0131l\u0131\u011fa kar\u015f\u0131 kampanyalar yap\u0131lmas\u0131n\u0131 ve ma\u011fdurlar\u0131 desteklemektedir.<\/p>\n\n<div class=\"wp-block-buttons is-layout-flex wp-block-buttons-is-layout-flex\">\n<div class=\"wp-block-button is-style-outline is-style-outline--d72c3506a39924fb51a6a8d841235963\"><a class=\"wp-block-button__link wp-element-button\" href=\"http:\/\/keupstrasse-ist-ueberall.de\/\" target=\"_blank\" rel=\"noreferrer noopener\">G\u0130R\u0130\u015e\u0130M BA\u011eLANTISI<\/a><\/div>\n<\/div>\n\n<figure class=\"wp-block-image size-large is-style-default\"><img loading=\"lazy\" decoding=\"async\" width=\"1024\" height=\"553\" src=\"http:\/\/doing-memory.de\/wp-content\/uploads\/2021\/01\/sonnenblumenhaus_art-1024x553.png\" alt=\"\" class=\"wp-image-126\" srcset=\"https:\/\/doing-memory.de\/wp-content\/uploads\/2021\/01\/sonnenblumenhaus_art-1024x553.png 1024w, https:\/\/doing-memory.de\/wp-content\/uploads\/2021\/01\/sonnenblumenhaus_art-300x162.png 300w, https:\/\/doing-memory.de\/wp-content\/uploads\/2021\/01\/sonnenblumenhaus_art-768x415.png 768w, https:\/\/doing-memory.de\/wp-content\/uploads\/2021\/01\/sonnenblumenhaus_art-1536x829.png 1536w, https:\/\/doing-memory.de\/wp-content\/uploads\/2021\/01\/sonnenblumenhaus_art-1200x648.png 1200w, https:\/\/doing-memory.de\/wp-content\/uploads\/2021\/01\/sonnenblumenhaus_art.png 1658w\" sizes=\"(max-width: 1024px) 100vw, 1024px\" \/><figcaption class=\"wp-element-caption\">Farkl\u0131 bir bak\u0131\u015f a\u00e7\u0131s\u0131<\/figcaption><\/figure>\n\n<h2 class=\"wp-block-heading\"><em>Sonnenblumenhaus<\/em> radyo tiyatrosu<\/h2>\n\n<p>Y\u00f6netmen Dan Thy Nguyen&#8217;in radyo tiyatrosu \u201cSonnenblumenhaus\u201d, 1992&#8217;de Rostock-Lichtenhagen&#8217;deki \u0131rk\u00e7\u0131 pogromunu, on y\u0131llard\u0131r neredeyse hi\u00e7 duyulmam\u0131\u015f olan ma\u011fdurlar\u0131n bak\u0131\u015f a\u00e7\u0131s\u0131 ile yeniden ele al\u0131yor. Yine de kendilerini \u00e7o\u011ful toplumunun, siyasetin, k\u00fclt\u00fcr\u00fcn, medyan\u0131n veya y\u00f6netimin pasif kurbanlar\u0131 olarak g\u00f6rmezler, tamamen yeni referans noktalar\u0131 belirlerler.<\/p>\n\n<div class=\"wp-block-buttons is-layout-flex wp-block-buttons-is-layout-flex\">\n<div class=\"wp-block-button is-style-outline is-style-outline--a2b76f926feb133927d61d7d07950ecb\"><a class=\"wp-block-button__link wp-element-button\" href=\"http:\/\/www.freie-radios.net\/mp3\/20150202-sonnenblume-68626.mp3\" target=\"_blank\" rel=\"noreferrer noopener\">RADYO TIYATROSU BA\u011eLANTISI<\/a><\/div>\n<\/div>\n","protected":false},"excerpt":{"rendered":"<p>\u0130ster bir sinema filmi veya televizyon prod\u00fcksiyonu, ister oyun, internet belgeseli, kurgu d\u0131\u015f\u0131 kitap veya roman, isterse bir giri\u015fim veya ittifak olsun: Doing Memory pratikte \u00e7ok \u00e7e\u015fitli g\u00f6r\u00fcnebilir. Sa\u011fc\u0131 \u015fiddetle aktif olarak y\u00fczle\u015fme, \u00f6zellikle sanat\u00e7\u0131lar\u0131n ve aktivistlerin kayda de\u011fer ba\u011fl\u0131l\u0131klar\u0131nda belirgindir. Bellek Haritas\u0131 Yapma Bu harita anma uygulamalar\u0131ndan bir se\u00e7kiyi g\u00f6stermektedir. Podcast&#8217;imizin katk\u0131lar\u0131na ek olarak, [&hellip;]<\/p>\n","protected":false},"author":1,"featured_media":0,"parent":0,"menu_order":0,"comment_status":"closed","ping_status":"closed","template":"","meta":{"footnotes":""},"class_list":["post-976","page","type-page","status-publish","hentry"],"_links":{"self":[{"href":"https:\/\/doing-memory.de\/tr\/wp-json\/wp\/v2\/pages\/976"}],"collection":[{"href":"https:\/\/doing-memory.de\/tr\/wp-json\/wp\/v2\/pages"}],"about":[{"href":"https:\/\/doing-memory.de\/tr\/wp-json\/wp\/v2\/types\/page"}],"author":[{"embeddable":true,"href":"https:\/\/doing-memory.de\/tr\/wp-json\/wp\/v2\/users\/1"}],"replies":[{"embeddable":true,"href":"https:\/\/doing-memory.de\/tr\/wp-json\/wp\/v2\/comments?post=976"}],"version-history":[{"count":7,"href":"https:\/\/doing-memory.de\/tr\/wp-json\/wp\/v2\/pages\/976\/revisions"}],"predecessor-version":[{"id":1351,"href":"https:\/\/doing-memory.de\/tr\/wp-json\/wp\/v2\/pages\/976\/revisions\/1351"}],"wp:attachment":[{"href":"https:\/\/doing-memory.de\/tr\/wp-json\/wp\/v2\/media?parent=976"}],"curies":[{"name":"wp","href":"https:\/\/api.w.org\/{rel}","templated":true}]}}