{"id":972,"date":"2021-01-15T01:58:44","date_gmt":"2021-01-15T01:58:44","guid":{"rendered":"https:\/\/doing-memory.de\/catismalar-ve-tartismalar\/"},"modified":"2022-04-26T12:18:07","modified_gmt":"2022-04-26T12:18:07","slug":"catismalar-ve-tartismalar","status":"publish","type":"page","link":"https:\/\/doing-memory.de\/tr\/catismalar-ve-tartismalar\/","title":{"rendered":"\u00c7at\u0131\u015fmalar ve Tart\u0131\u015fmalar"},"content":{"rendered":"\n<div class=\"wp-block-image is-style-default\"><figure class=\"aligncenter size-large\"><img loading=\"lazy\" decoding=\"async\" width=\"1024\" height=\"576\" src=\"http:\/\/doing-memory.de\/wp-content\/uploads\/2021\/01\/2Konflikte-und-Kontroversen_DM-Website_final-1024x576.png\" alt=\"\" class=\"wp-image-112\" srcset=\"https:\/\/doing-memory.de\/wp-content\/uploads\/2021\/01\/2Konflikte-und-Kontroversen_DM-Website_final-1024x576.png 1024w, https:\/\/doing-memory.de\/wp-content\/uploads\/2021\/01\/2Konflikte-und-Kontroversen_DM-Website_final-300x169.png 300w, https:\/\/doing-memory.de\/wp-content\/uploads\/2021\/01\/2Konflikte-und-Kontroversen_DM-Website_final-768x432.png 768w, https:\/\/doing-memory.de\/wp-content\/uploads\/2021\/01\/2Konflikte-und-Kontroversen_DM-Website_final-1536x864.png 1536w, https:\/\/doing-memory.de\/wp-content\/uploads\/2021\/01\/2Konflikte-und-Kontroversen_DM-Website_final-1200x675.png 1200w, https:\/\/doing-memory.de\/wp-content\/uploads\/2021\/01\/2Konflikte-und-Kontroversen_DM-Website_final.png 1541w\" sizes=\"(max-width: 1024px) 100vw, 1024px\" \/><\/figure><\/div>\n\n<p>Hat\u0131rlamak \u00f6nemlidir; an\u0131larla u\u011fra\u015fmak da \u00e7at\u0131\u015fmalarla doludur. Ge\u00e7mi\u015fin yap\u0131lar\u0131 s\u00fcrekli olarak yeniden yaz\u0131ld\u0131\u011f\u0131ndan, temel anlat\u0131ya hangi fikirlerin dahil edilece\u011fi ve b\u00f6ylece bir toplumun kendi imaj\u0131na katk\u0131da bulunaca\u011f\u0131 konusunda s\u00fcrekli bir rekabet vard\u0131r. \u00dc\u00e7 \u00f6rnek, hat\u0131rlama prati\u011finin ne kadar \u00e7eli\u015fkili olabilece\u011fini g\u00f6steriyor.<\/p>\n\n<h2 class=\"wp-block-heading\">\u00c7at\u0131\u015fma potansiyeli \u2013 \u00fc\u00e7 \u00f6rnek<\/h2>\n\n<p>2006&#8217;da \u00f6ld\u00fcr\u00fclen dokuz ki\u015finin yak\u0131nlar\u0131 sokaklara d\u00f6k\u00fcld\u00fc. \u201c10. Kurban Yok!\u201d Dortmund ve Kassel&#8217;deki bu g\u00f6sterilerde talepler vard\u0131. 2000 y\u0131l\u0131ndan bu yana, g\u00f6\u00e7men k\u00f6kenli dokuz ki\u015fi de ayn\u0131 silahla \u00f6ld\u00fcr\u00fcld\u00fc \u2013 ma\u011fdurlardan gelen bilgilere ra\u011fmen, soru\u015fturma makamlar\u0131 \u0131rk\u00e7\u0131l\u0131\u011f\u0131 ve a\u015f\u0131r\u0131 sa\u011fc\u0131l\u0131\u011f\u0131 cinayet i\u00e7in bir sebep olarak g\u00f6rmedi. Bunun yerine, \u00f6ld\u00fcr\u00fclenler ve yak\u0131nlar\u0131, su\u00e7lar\u0131n nedeni olarak organize su\u00e7 ve uyu\u015fturucu ticareti yapmakla su\u00e7land\u0131. Sa\u011fc\u0131 ter\u00f6rist a\u011f\u0131 NSU kendini if\u015fa etti\u011finde ger\u00e7ek failler 2011 y\u0131l\u0131na kadar bilinmedi.<\/p>\n\n<p>Ba\u015fka bir \u00f6rnek: 29 May\u0131s 1993&#8217;te Solingen&#8217;de \u0131rk\u00e7\u0131 bir kundaklama sald\u0131r\u0131s\u0131nda be\u015f ki\u015fi \u00f6ld\u00fc:<\/p>\n\n<ul class=\"aufzaehlung wp-block-list\"><li>G\u00fcrs\u00fcn \u0130nce (27 ya\u015f\u0131nda)<\/li><li>Hatice Gen\u00e7 (18 ya\u015f\u0131nda)<\/li><li>G\u00fcl\u00fcstan \u00d6zt\u00fcrk (12 ya\u015f\u0131nda)<\/li><li>H\u00fclya Gen\u00e7 (9 ya\u015f\u0131nda)<\/li><li>Saime Gen\u00e7 (4 ya\u015f\u0131nda)<\/li><\/ul>\n\n<p>\u015eehir, ma\u011fdurlara Solingen&#8217;in merkezinde bir anma s\u00f6z\u00fc verdi. Ancak, an\u0131t orada de\u011fil, daha d\u0131\u015far\u0131da in\u015fa edildi. \u015eehirdeki sa\u011fc\u0131 \u015fiddetin an\u0131s\u0131 b\u00f6ylece sembolik olarak da marjinalle\u015ftirildi.<\/p>\n\n<p>Ba\u015fka bir \u00f6rnek ise Rostock&#8217;ta: Rostock-Lichtenhagen pogromunun 25. y\u0131ld\u00f6n\u00fcm\u00fcnde \u015fehir bir an\u0131t dikilmesini istedi. Sanat\u00e7\u0131 grubu SCHAUM, \u015fehrin farkl\u0131 noktalar\u0131nda \u201csiyaset\u201d, \u201cadalet\u201d, \u201cdevlet otoritesi\u201d, \u201cmedya\u201d ve \u201ctoplum\u201d rollerini be\u015f stel ile ele ald\u0131. Bu kurumlar taraf\u0131ndan sald\u0131r\u0131ya u\u011frayan veya terk edilen ma\u011fdurlar\u0131n bak\u0131\u015f a\u00e7\u0131s\u0131 basit\u00e7e \u201cunutuldu\u201d. A\u00e7\u0131lmas\u0131ndan bir y\u0131l sonra, ma\u011fdurlarla \u201cempati\u201d konulu alt\u0131nc\u0131 bir Stel dikildi.<\/p>\n\n<h2 class=\"wp-block-heading\">\u00c7at\u0131\u015fmalar ve Tart\u0131\u015fmalar<\/h2>\n\n<p>\u00dc\u00e7 \u00f6rnek, \u0131rk\u00e7\u0131 \u00f6nyarg\u0131lar nedeni ile \u015fiddet i\u00e7eren eylemleri g\u00f6r\u00fcnmez k\u0131lman\u0131n sorunlar\u0131n\u0131 ve ayn\u0131 zamanda pratikte hat\u0131rlama ve unutman\u0131n \u00e7at\u0131\u015fmal\u0131 dinamiklerini g\u00f6stermektedir. At\u00f6lyeye kat\u0131lanlar ayr\u0131ca \u00e7at\u0131\u015fma potansiyeli hakk\u0131nda da bilgi verdiler:<\/p>\n\n<figure class=\"wp-block-embed is-type-video is-provider-youtube wp-block-embed-youtube wp-embed-aspect-16-9 wp-has-aspect-ratio\"><div class=\"wp-block-embed__wrapper\">\n<iframe loading=\"lazy\" title=\"Konflikte und Kontroversen\" width=\"580\" height=\"326\" src=\"https:\/\/www.youtube.com\/embed\/IafkeQx8W-g?feature=oembed\" frameborder=\"0\" allow=\"accelerometer; autoplay; clipboard-write; encrypted-media; gyroscope; picture-in-picture; web-share\" referrerpolicy=\"strict-origin-when-cross-origin\" allowfullscreen><\/iframe>\n<\/div><\/figure>\n","protected":false},"excerpt":{"rendered":"<p>Hat\u0131rlamak \u00f6nemlidir; an\u0131larla u\u011fra\u015fmak da \u00e7at\u0131\u015fmalarla doludur. Ge\u00e7mi\u015fin yap\u0131lar\u0131 s\u00fcrekli olarak yeniden yaz\u0131ld\u0131\u011f\u0131ndan, temel anlat\u0131ya hangi fikirlerin dahil edilece\u011fi ve b\u00f6ylece bir toplumun kendi imaj\u0131na katk\u0131da bulunaca\u011f\u0131 konusunda s\u00fcrekli bir rekabet vard\u0131r. \u00dc\u00e7 \u00f6rnek, hat\u0131rlama prati\u011finin ne kadar \u00e7eli\u015fkili olabilece\u011fini g\u00f6steriyor. \u00c7at\u0131\u015fma potansiyeli \u2013 \u00fc\u00e7 \u00f6rnek 2006&#8217;da \u00f6ld\u00fcr\u00fclen dokuz ki\u015finin yak\u0131nlar\u0131 sokaklara d\u00f6k\u00fcld\u00fc. \u201c10. Kurban [&hellip;]<\/p>\n","protected":false},"author":1,"featured_media":0,"parent":0,"menu_order":0,"comment_status":"closed","ping_status":"closed","template":"","meta":{"footnotes":""},"class_list":["post-972","page","type-page","status-publish","hentry"],"_links":{"self":[{"href":"https:\/\/doing-memory.de\/tr\/wp-json\/wp\/v2\/pages\/972"}],"collection":[{"href":"https:\/\/doing-memory.de\/tr\/wp-json\/wp\/v2\/pages"}],"about":[{"href":"https:\/\/doing-memory.de\/tr\/wp-json\/wp\/v2\/types\/page"}],"author":[{"embeddable":true,"href":"https:\/\/doing-memory.de\/tr\/wp-json\/wp\/v2\/users\/1"}],"replies":[{"embeddable":true,"href":"https:\/\/doing-memory.de\/tr\/wp-json\/wp\/v2\/comments?post=972"}],"version-history":[{"count":3,"href":"https:\/\/doing-memory.de\/tr\/wp-json\/wp\/v2\/pages\/972\/revisions"}],"predecessor-version":[{"id":975,"href":"https:\/\/doing-memory.de\/tr\/wp-json\/wp\/v2\/pages\/972\/revisions\/975"}],"wp:attachment":[{"href":"https:\/\/doing-memory.de\/tr\/wp-json\/wp\/v2\/media?parent=972"}],"curies":[{"name":"wp","href":"https:\/\/api.w.org\/{rel}","templated":true}]}}