{"id":968,"date":"2021-01-15T01:57:22","date_gmt":"2021-01-15T01:57:22","guid":{"rendered":"https:\/\/doing-memory.de\/doing-memory-ve-demokrasi\/"},"modified":"2022-04-26T12:13:32","modified_gmt":"2022-04-26T12:13:32","slug":"doing-memory-ve-demokrasi","status":"publish","type":"page","link":"https:\/\/doing-memory.de\/tr\/doing-memory-ve-demokrasi\/","title":{"rendered":"Doing Memory ve Demokrasi"},"content":{"rendered":"\n<p>Sa\u011fc\u0131 \u015fiddet, yaln\u0131zca &#8216;\u0131rk&#8217; gibi sa\u011fc\u0131 ideolojiler temelinde sald\u0131r\u0131ya u\u011frayanlar\u0131 de\u011fil, bir b\u00fct\u00fcn olarak toplumu &#8216;etkiler&#8217;: Her sald\u0131r\u0131 her zaman demokrasiye bir sald\u0131r\u0131d\u0131r, \u00e7\u00fcnk\u00fc &#8216;en g\u00fc\u00e7l\u00fcn\u00fcn yasas\u0131&#8217; demokratik s\u00fcre\u00e7lerin ve yap\u0131lar\u0131n yerini al\u0131r. <em>Doing Memory<\/em>, sa\u011fc\u0131 \u015fiddete de bu ger\u00e7e\u011fi toplumun \u00e7o\u011funlu\u011funun bilincinde tutmaya hizmet ediyor.<\/p>\n\n<p>At\u00f6lye kat\u0131l\u0131mc\u0131lar\u0131 \u015f\u00f6yle diyor:<\/p>\n\n<figure class=\"wp-block-embed is-type-video is-provider-youtube wp-block-embed-youtube wp-embed-aspect-16-9 wp-has-aspect-ratio\"><div class=\"wp-block-embed__wrapper\">\n<iframe loading=\"lazy\" title=\"Doing Memory und Demokratie\" width=\"580\" height=\"326\" src=\"https:\/\/www.youtube.com\/embed\/NqzcvZWmINk?feature=oembed\" frameborder=\"0\" allow=\"accelerometer; autoplay; clipboard-write; encrypted-media; gyroscope; picture-in-picture; web-share\" referrerpolicy=\"strict-origin-when-cross-origin\" allowfullscreen><\/iframe>\n<\/div><\/figure>\n\n<p>\u015eiddet, a\u015f\u0131r\u0131 sa\u011f\u0131n d\u00fcnya g\u00f6r\u00fc\u015f\u00fcn\u00fcn do\u011fal bir par\u00e7as\u0131d\u0131r. Hayat\u0131 s\u00fcrekli bir m\u00fccadele olarak g\u00f6r\u00fcrler ve buna haz\u0131rlanmak gerekir. Ordu ve silahlar\u0131n tercih edilmesi ve \u00e7at\u0131\u015fmalar\u0131n bar\u0131\u015f\u00e7\u0131l \u00e7\u00f6z\u00fcm y\u00f6ntemlerinin reddedilmesi bu nedenledir.<\/p>\n\n<h2 class=\"wp-block-heading\"><em>Temel bir anlat\u0131ma<\/em> dayanan kolektif haf\u0131za<\/h2>\n\n<p>Demokrasi, herkes i\u00e7in e\u015fit haklar, insan haklar\u0131, bu de\u011ferler ve ilkeler, Federal Almanya Cumhuriyeti taraf\u0131ndan kendi ad\u0131na talep edilmektedir. Bir toplumun siyasi k\u00fclt\u00fcr\u00fc, &#8216;temel anlat\u0131&#8217; kavram\u0131yla daha iyi anla\u015f\u0131labilir:<\/p>\n\n<p>Temel anlat\u0131, ge\u00e7mi\u015f hakk\u0131nda s\u00fcrekli de\u011fi\u015fen fikirler i\u00e7in bir temel ve referans noktas\u0131 g\u00f6revi g\u00f6r\u00fcr. B\u00f6ylece ge\u00e7mi\u015fin hakim ve me\u015fru kurgular\u0131n\u0131 i\u00e7erir. Bu sayede toplumun kendini anlama ve benlik alg\u0131s\u0131na \u00f6nemli bir katk\u0131 sa\u011flar.<\/p>\n\n<p>Almanya&#8217;daki temel anlat\u0131n\u0131n temel unsuru Nasyonal Sosyalizm tarihidir: Federal Cumhuriyet &#8216;ba\u015far\u0131l\u0131&#8217; bir yeniden de\u011ferlendirme talep etti, DDR kendisini anti-fa\u015fist bir devlet olarak tan\u0131mlad\u0131. Ancak iki devletin birle\u015fmesinden sonra \u00fclkeyi bir \u0131rk\u00e7\u0131 \u015fiddet dalgas\u0131 sard\u0131 ve politikac\u0131lar s\u0131\u011f\u0131nma hakk\u0131n\u0131n k\u0131s\u0131tlanmas\u0131n\u0131 tart\u0131\u015ft\u0131.<\/p>\n\n<p>\u0130ki Alman devletinin temel anlat\u0131s\u0131, \u0131rk\u00e7\u0131l\u0131\u011f\u0131 ya ge\u00e7mi\u015fe (\u00f6zellikle Nasyonal Sosyalizm&#8217;e) ya da kendi ulus devletlerinin d\u0131\u015f\u0131na yerle\u015ftirdi. Irk\u00e7\u0131 ve anti-semitik \u015fiddet ya depolitize edildi ya da patolojik olarak yanl\u0131\u015f y\u00f6nlendirildi olarak s\u0131n\u0131fland\u0131r\u0131ld\u0131 \u2013 b\u00f6ylece \u0131rk\u00e7\u0131 yap\u0131lar\u0131n ve d\u00fc\u015f\u00fcnce bi\u00e7imlerinin s\u00fcreklili\u011fi hakk\u0131nda bir tart\u0131\u015fma ya\u015fanmad\u0131. Ma\u011fdurlar\u0131n deneyimleri dikkate al\u0131nmad\u0131.<\/p>\n\n<p>\u0130ki Alman devletinin birle\u015fmesi, kurumsal bir unutma s\u00fcrecine yol a\u00e7t\u0131: Bu s\u00fcre\u00e7te, Nasyonal sosyalizmin 16. maddesi (\u201csiyasi olarak zul\u00fcm g\u00f6ren s\u0131\u011f\u0131nma hakk\u0131\u201d) gibi kurumsalla\u015fm\u0131\u015f dersleri anlam bak\u0131m\u0131ndan g\u00f6receli hale getirilmi\u015f ve A\u011fustos 1992 sonunda Rostock \u2013 Lichtenhagen&#8217;deki \u0131rk\u00e7\u0131 Pogromun ard\u0131ndan oldu\u011fu gibi, onlar\u0131 \u00f6nemli \u00f6l\u00e7\u00fcde geri alabilmek i\u00e7in giderek sorgulanm\u0131\u015ft\u0131r.<\/p>\n\n<h3 class=\"wp-block-heading\">Konuyla ilgili daha fazla bilgi?<\/h3>\n\n<p>Thomas, Tanja\/Virchow, Fabian (2018): Praxen der Erinnerung als K\u00e4mpfe um Anerkennung. Zu Bedingungen einer gesellschaftlichen Auseinandersetzung mit rechter Gewalt. In: Tina D\u00fcrr\/Reiner Becker (Hrsg.): Leerstelle Rassismus? Analysen und Handlungsm\u00f6glichkeiten nach dem NSU. Frankfurt\/M.: Wochenschau: 156-168.<\/p>\n","protected":false},"excerpt":{"rendered":"<p>Sa\u011fc\u0131 \u015fiddet, yaln\u0131zca &#8216;\u0131rk&#8217; gibi sa\u011fc\u0131 ideolojiler temelinde sald\u0131r\u0131ya u\u011frayanlar\u0131 de\u011fil, bir b\u00fct\u00fcn olarak toplumu &#8216;etkiler&#8217;: Her sald\u0131r\u0131 her zaman demokrasiye bir sald\u0131r\u0131d\u0131r, \u00e7\u00fcnk\u00fc &#8216;en g\u00fc\u00e7l\u00fcn\u00fcn yasas\u0131&#8217; demokratik s\u00fcre\u00e7lerin ve yap\u0131lar\u0131n yerini al\u0131r. Doing Memory, sa\u011fc\u0131 \u015fiddete de bu ger\u00e7e\u011fi toplumun \u00e7o\u011funlu\u011funun bilincinde tutmaya hizmet ediyor. At\u00f6lye kat\u0131l\u0131mc\u0131lar\u0131 \u015f\u00f6yle diyor: \u015eiddet, a\u015f\u0131r\u0131 sa\u011f\u0131n d\u00fcnya g\u00f6r\u00fc\u015f\u00fcn\u00fcn [&hellip;]<\/p>\n","protected":false},"author":1,"featured_media":0,"parent":0,"menu_order":0,"comment_status":"closed","ping_status":"closed","template":"","meta":{"footnotes":""},"class_list":["post-968","page","type-page","status-publish","hentry"],"_links":{"self":[{"href":"https:\/\/doing-memory.de\/tr\/wp-json\/wp\/v2\/pages\/968"}],"collection":[{"href":"https:\/\/doing-memory.de\/tr\/wp-json\/wp\/v2\/pages"}],"about":[{"href":"https:\/\/doing-memory.de\/tr\/wp-json\/wp\/v2\/types\/page"}],"author":[{"embeddable":true,"href":"https:\/\/doing-memory.de\/tr\/wp-json\/wp\/v2\/users\/1"}],"replies":[{"embeddable":true,"href":"https:\/\/doing-memory.de\/tr\/wp-json\/wp\/v2\/comments?post=968"}],"version-history":[{"count":3,"href":"https:\/\/doing-memory.de\/tr\/wp-json\/wp\/v2\/pages\/968\/revisions"}],"predecessor-version":[{"id":971,"href":"https:\/\/doing-memory.de\/tr\/wp-json\/wp\/v2\/pages\/968\/revisions\/971"}],"wp:attachment":[{"href":"https:\/\/doing-memory.de\/tr\/wp-json\/wp\/v2\/media?parent=968"}],"curies":[{"name":"wp","href":"https:\/\/api.w.org\/{rel}","templated":true}]}}