{"id":964,"date":"2021-01-15T01:57:42","date_gmt":"2021-01-15T01:57:42","guid":{"rendered":"https:\/\/doing-memory.de\/magdurlarin-bakis-acisi\/"},"modified":"2022-04-26T11:59:30","modified_gmt":"2022-04-26T11:59:30","slug":"magdurlarin-bakis-acisi","status":"publish","type":"page","link":"https:\/\/doing-memory.de\/tr\/magdurlarin-bakis-acisi\/","title":{"rendered":"Ma\u011fdurlar\u0131n bak\u0131\u015f a\u00e7\u0131s\u0131"},"content":{"rendered":"\n<div class=\"wp-block-image is-style-default\"><figure class=\"aligncenter size-large\"><img loading=\"lazy\" decoding=\"async\" width=\"1024\" height=\"576\" src=\"http:\/\/doing-memory.de\/wp-content\/uploads\/2021\/01\/7Perspektive-der-Betroffenen_DM-Website_neu-1024x576.png\" alt=\"Header_perspektive_betroffene\" class=\"wp-image-105\" srcset=\"https:\/\/doing-memory.de\/wp-content\/uploads\/2021\/01\/7Perspektive-der-Betroffenen_DM-Website_neu-1024x576.png 1024w, https:\/\/doing-memory.de\/wp-content\/uploads\/2021\/01\/7Perspektive-der-Betroffenen_DM-Website_neu-300x169.png 300w, https:\/\/doing-memory.de\/wp-content\/uploads\/2021\/01\/7Perspektive-der-Betroffenen_DM-Website_neu-768x432.png 768w, https:\/\/doing-memory.de\/wp-content\/uploads\/2021\/01\/7Perspektive-der-Betroffenen_DM-Website_neu-1536x864.png 1536w, https:\/\/doing-memory.de\/wp-content\/uploads\/2021\/01\/7Perspektive-der-Betroffenen_DM-Website_neu-1200x675.png 1200w, https:\/\/doing-memory.de\/wp-content\/uploads\/2021\/01\/7Perspektive-der-Betroffenen_DM-Website_neu.png 1920w\" sizes=\"(max-width: 1024px) 100vw, 1024px\" \/><\/figure><\/div>\n\n<h2 class=\"wp-block-heading\">Bast\u0131r\u0131lm\u0131\u015f ve duyulmam\u0131\u015f<\/h2>\n\n<p>Bug\u00fcn bildi\u011fi \u00fczere: Sa\u011fc\u0131 ter\u00f6r \u00f6rg\u00fct\u00fc Netzwerk Nationalsozialistischer Untergrund (NSU), y\u0131llard\u0131r \u0131rk\u00e7\u0131 nedenlerle insanlar\u0131 \u00f6ld\u00fcr\u00fcyor. Bir\u00e7o\u011fu s\u00f6zde &#8216;NSU \u00fc\u00e7l\u00fcs\u00fcn\u00fcn&#8217; ad\u0131n\u0131 biliyor. Ancak \u00f6ld\u00fcr\u00fclenlerin isimlerini \u00e7ok az ki\u015fi biliyor:<\/p>\n\n<ul class=\"aufzaehlung wp-block-list\"><li>Enver \u015eim\u015fek (38 ya\u015f\u0131nda) \u2013 9 Eyl\u00fcl 2000&#8217;de N\u00fcrnberg&#8217;de \u00f6ld\u00fcr\u00fcld\u00fc<\/li><li>Abdurrahim \u00d6z\u00fcdo\u011fru (49 ya\u015f\u0131nda) \u2013 13 Haziran 2001&#8217;de N\u00fcrnberg&#8217;de \u00f6ld\u00fcr\u00fcld\u00fc<\/li><li>S\u00fcleyman Ta\u015fk\u00f6pr\u00fc (31 ya\u015f\u0131nda) \u2013 27 Haziran 2001&#8217;de Hamburg&#8217;da \u00f6ld\u00fcr\u00fcld\u00fc<\/li><li>Habil K\u0131l\u0131\u00e7 (38 ya\u015f\u0131nda) \u2013 29 A\u011fustos 2001&#8217;de M\u00fcnih&#8217;te \u00f6ld\u00fcr\u00fcld\u00fc<\/li><li>Mehmet Turgut (25 ya\u015f\u0131nda) \u2013 25 \u015eubat 2004&#8217;te Rostock&#8217;ta \u00f6ld\u00fcr\u00fcld\u00fc<\/li><li>\u0130smail Ya\u015far (50 ya\u015f\u0131nda) \u2013 9 Haziran 2005&#8217;te N\u00fcrnberg&#8217;de \u00f6ld\u00fcr\u00fcld\u00fc<\/li><li>Theodoros Boulgarides (41 ya\u015f\u0131nda) \u2013 15 Haziran 2005&#8217;te M\u00fcnih&#8217;te \u00f6ld\u00fcr\u00fcld\u00fc<\/li><li>Mehmet Kuba\u015f\u0131k (39 ya\u015f\u0131nda) \u2013 4 Nisan 2006&#8217;da Dortmund&#8217;da \u00f6ld\u00fcr\u00fcld\u00fc<\/li><li>Halit Yozgat (21 ya\u015f\u0131nda) \u2013 6 Nisan 2006&#8217;da Kassel&#8217;de \u00f6ld\u00fcr\u00fcld\u00fc<\/li><\/ul>\n\n<p>Ma\u011fdurlar\u0131n ve yak\u0131nlar\u0131n\u0131n bak\u0131\u015f a\u00e7\u0131s\u0131 ve onlar\u0131n ac\u0131lar\u0131, ge\u00e7mi\u015fte sadece faillerin nedenleri belirsiz oldu\u011funda g\u00f6z ard\u0131 edilmedi.<\/p>\n\n<p>23 Kas\u0131m 1992 gecesi M\u00f6lln&#8217;deki suikast giri\u015fimi s\u0131ras\u0131nda yanan evin alevleri aras\u0131nda \u015fu ki\u015filer \u00f6ld\u00fc:<\/p>\n\n<ul class=\"aufzaehlung wp-block-list\"><li>Bahide Arslan (51 ya\u015f\u0131nda)<\/li><li>Ay\u015fe Y\u0131lmaz (14 ya\u015f\u0131nda)<\/li><li>Yeliz Arslan (10 ya\u015f\u0131nda)<\/li><\/ul>\n\n<p>Ard\u0131ndan y\u00fczlerce dayan\u0131\u015fma ve taziye mektubu \u015fehre ula\u015ft\u0131, ancak ma\u011fdurlar ula\u015fmad\u0131. Ancak \u0130brahim Arslan bunu 2019 y\u0131l\u0131nda \u00f6\u011frendi ve teslim edilmesini istedi. Aile \u00fcyelerinin de anma etkinliklerine aktif olarak kat\u0131lmas\u0131na izin verilmedi. \u015eehir organizasyonu devrald\u0131, ancak ma\u011fdurlar\u0131n konu\u015fmas\u0131na izin vermediler. Ma\u011fdurlar taraf\u0131ndan bir anma ba\u015flat\u0131ld\u0131: \u201cS\u00fcrg\u00fcnde M\u00f6llner konu\u015fmas\u0131\u201d. M\u00f6lln&#8217;de de\u011fil, her y\u0131l de\u011fi\u015fen Alman \u015fehirlerinde.<\/p>\n\n<p>\u00d6rnek, Almanya&#8217;da anman\u0131n s\u0131k s\u0131k nas\u0131l geli\u015fti\u011fini g\u00f6steriyor: Toplumun <em>beyaz<\/em>\u00e7o\u011funlu\u011fu genellikle ma\u011fdurlar\u0131 dinlemez. Bu nedenle, genellikle sivil toplum taraf\u0131ndan ma\u011fdurlar ve desteklenenler taraf\u0131ndan ba\u015flat\u0131lan, sa\u011fc\u0131 \u015fiddete ili\u015fkin dayan\u0131\u015fmac\u0131 bir <em>Doing Memory<\/em> a\u011flar\u0131 paralel olarak yarat\u0131l\u0131r.<\/p>\n\n<h2 class=\"wp-block-heading\">Dinlemek<\/h2>\n\n<p>Alman anma k\u00fclt\u00fcr\u00fc, dinlemeyi \u00f6\u011frenmeli ve ayr\u0131ca ma\u011fdurlar\u0131n seslerini duyulabilir hale getirmelidir. At\u00f6lye kat\u0131l\u0131mc\u0131lar\u0131 ayr\u0131ca ma\u011fdurlar\u0131n bak\u0131\u015f a\u00e7\u0131s\u0131n\u0131 da d\u00fc\u015f\u00fcnd\u00fcler.<\/p>\n\n<figure class=\"wp-block-embed is-type-video is-provider-youtube wp-block-embed-youtube wp-embed-aspect-16-9 wp-has-aspect-ratio\"><div class=\"wp-block-embed__wrapper\">\n<iframe loading=\"lazy\" title=\"Die Perspektive der Betroffenen\" width=\"580\" height=\"326\" src=\"https:\/\/www.youtube.com\/embed\/QSTubYzGdoU?feature=oembed\" frameborder=\"0\" allow=\"accelerometer; autoplay; clipboard-write; encrypted-media; gyroscope; picture-in-picture; web-share\" referrerpolicy=\"strict-origin-when-cross-origin\" allowfullscreen><\/iframe>\n<\/div><\/figure>\n","protected":false},"excerpt":{"rendered":"<p>Bast\u0131r\u0131lm\u0131\u015f ve duyulmam\u0131\u015f Bug\u00fcn bildi\u011fi \u00fczere: Sa\u011fc\u0131 ter\u00f6r \u00f6rg\u00fct\u00fc Netzwerk Nationalsozialistischer Untergrund (NSU), y\u0131llard\u0131r \u0131rk\u00e7\u0131 nedenlerle insanlar\u0131 \u00f6ld\u00fcr\u00fcyor. Bir\u00e7o\u011fu s\u00f6zde &#8216;NSU \u00fc\u00e7l\u00fcs\u00fcn\u00fcn&#8217; ad\u0131n\u0131 biliyor. Ancak \u00f6ld\u00fcr\u00fclenlerin isimlerini \u00e7ok az ki\u015fi biliyor: Enver \u015eim\u015fek (38 ya\u015f\u0131nda) \u2013 9 Eyl\u00fcl 2000&#8217;de N\u00fcrnberg&#8217;de \u00f6ld\u00fcr\u00fcld\u00fc Abdurrahim \u00d6z\u00fcdo\u011fru (49 ya\u015f\u0131nda) \u2013 13 Haziran 2001&#8217;de N\u00fcrnberg&#8217;de \u00f6ld\u00fcr\u00fcld\u00fc S\u00fcleyman Ta\u015fk\u00f6pr\u00fc (31 ya\u015f\u0131nda) [&hellip;]<\/p>\n","protected":false},"author":1,"featured_media":0,"parent":0,"menu_order":0,"comment_status":"closed","ping_status":"closed","template":"","meta":{"footnotes":""},"class_list":["post-964","page","type-page","status-publish","hentry"],"_links":{"self":[{"href":"https:\/\/doing-memory.de\/tr\/wp-json\/wp\/v2\/pages\/964"}],"collection":[{"href":"https:\/\/doing-memory.de\/tr\/wp-json\/wp\/v2\/pages"}],"about":[{"href":"https:\/\/doing-memory.de\/tr\/wp-json\/wp\/v2\/types\/page"}],"author":[{"embeddable":true,"href":"https:\/\/doing-memory.de\/tr\/wp-json\/wp\/v2\/users\/1"}],"replies":[{"embeddable":true,"href":"https:\/\/doing-memory.de\/tr\/wp-json\/wp\/v2\/comments?post=964"}],"version-history":[{"count":3,"href":"https:\/\/doing-memory.de\/tr\/wp-json\/wp\/v2\/pages\/964\/revisions"}],"predecessor-version":[{"id":967,"href":"https:\/\/doing-memory.de\/tr\/wp-json\/wp\/v2\/pages\/964\/revisions\/967"}],"wp:attachment":[{"href":"https:\/\/doing-memory.de\/tr\/wp-json\/wp\/v2\/media?parent=964"}],"curies":[{"name":"wp","href":"https:\/\/api.w.org\/{rel}","templated":true}]}}