{"id":1334,"date":"2022-04-14T12:26:20","date_gmt":"2022-04-14T12:26:20","guid":{"rendered":"https:\/\/doing-memory.de\/hatirlama-ve-anma-muecadelelerinin-perspektifleri-hanau-ve-oetesi\/"},"modified":"2022-09-10T08:05:40","modified_gmt":"2022-09-10T08:05:40","slug":"hatirlama-ve-anma-muecadelelerinin-perspektifleri-hanau-ve-oetesi","status":"publish","type":"page","link":"https:\/\/doing-memory.de\/tr\/hatirlama-ve-anma-muecadelelerinin-perspektifleri-hanau-ve-oetesi\/","title":{"rendered":"Hat\u0131rlama ve Anma M\u00fccadelelerinin Perspektifleri &#8211; Hanau ve \u00d6tesi"},"content":{"rendered":"\n<p>Bu podcast b\u00f6l\u00fcm\u00fc, 19.2.2020 tarihinde Hanau&#8217;da meydana gelen a\u015f\u0131r\u0131 sa\u011fc\u0131 ter\u00f6r eylemini anmaktad\u0131r. Konuklar <strong>Dr. Hannah Peaceman<\/strong>, <strong>\u0130brahim Arslan<\/strong>, <strong>Ali Y\u0131ld\u0131r\u0131m<\/strong> ve <strong>Ulrich Chaussy<\/strong>. Konu\u015fma, di\u011fer \u015feylerin yan\u0131 s\u0131ra, etkilenenlerin g\u00fcc\u00fc ve hayatta kalanlar\u0131n endi\u015felerinin ve taleplerinin g\u00f6z ard\u0131 edilmesi hakk\u0131nda a\u011f kurma etraf\u0131nda d\u00f6n\u00fcyor. De\u011fi\u015fimin konusu ayn\u0131 zamanda bir\u00e7ok aktivistin \u00e7oklu y\u00fckleridir: \u0131rk\u00e7\u0131l\u0131ktan do\u011frudan etkilenmek, tekrarlanan m\u00fccadele ve netle\u015ftirme &#8211; ayn\u0131 zamanda orijinal ya\u015fam ve kariyer yollar\u0131n\u0131n pe\u015finden ko\u015fmaktan vazge\u00e7erek.  <\/p>\n\n<iframe loading=\"lazy\" src=\"https:\/\/anchor.fm\/doing-memory\/embed\/episodes\/S1F11-Perspektiven-der-Kmpfe-um-Erinnern-und-Gedenken---Hanau-and-Beyond-e1jsu1r\" height=\"140px\" width=\"400px\" frameborder=\"0\" scrolling=\"no\"><\/iframe>\n\n<h4 class=\"wp-block-heading\">Olay<\/h4>\n\n<p>G\u00f6\u00e7menlik ge\u00e7mi\u015fi olan dokuz ki\u015fi, 19 \u015eubat 2020&#8217;de Hanau&#8217;da a\u015f\u0131r\u0131 sa\u011fc\u0131 bir \u015fiddet failinin kurban\u0131 oldu; fail g\u00f6\u00e7men gen\u00e7lerin u\u011frak yerlerini hedef ald\u0131. Bu cinayetlerin an\u0131s\u0131, g\u00fc\u00e7l\u00fc direni\u015f ve \u00f6z-\u00f6rg\u00fctlenme d\u00fcrt\u00fcleri yaratm\u0131\u015ft\u0131r.<\/p>\n\n<h4 class=\"wp-block-heading\">Edebiyat, ba\u011flant\u0131lar ve arka planlar<\/h4>\n\n<p><a href=\"https:\/\/neofelis-verlag.de\/verlagsprogramm\/reihen\/jalta0\" target=\"_blank\" rel=\"noreferrer noopener\">Web Sitesi<\/a> Dergisi &#8216;Yalta. Yahudilerin G\u00fcn\u00fcm\u00fczdeki Konumlar\u0131  <\/p>\n\n<p> <a href=\"https:\/\/de.wikipedia.org\/wiki\/M%C3%B6llner_Rede_im_Exil\" target=\"_blank\" rel=\"noreferrer noopener\">S\u00fcrg\u00fcndeki M\u00f6llner Konu\u015fmas\u0131<\/a> Hakk\u0131nda Bilgi <\/p>\n\n<p><a rel=\"noreferrer noopener\" href=\"https:\/\/www.bildungsinitiative-ferhatunvar.de\" target=\"_blank\">Web Sitesi<\/a> E\u011fitim Giri\u015fimi Ferhat Unvar <a href=\"https:\/\/www.bildungsinitiative-ferhatunvar.de\/\">\n  <br\/>\n<\/a><a href=\"https:\/\/19feb-hanau.org\/\" target=\"_blank\" rel=\"noreferrer noopener\">Web sitesi<\/a> 19 \u015eubat Giri\u015fimi  <\/p>\n\n<p>Ulrich Chaussy (2020): <a href=\"https:\/\/www.christoph-links-verlag.de\/index.cfm?view=3&amp;titel_nr=9100\" target=\"_blank\" rel=\"noreferrer noopener\">Oktoberfest Sald\u0131r\u0131s\u0131 ve Erlangen \u00c7ifte Cinayeti<\/a> &#8211; 1980&#8217;den bu yana sa\u011fc\u0131 ter\u00f6rizm ve antisemitizm nas\u0131l bast\u0131r\u0131ld\u0131?  <\/p>\n\n<p>Erlangen&#8217;de i\u015flenen Shlomo Lewin ve Frida Poeschke \u00e7ifte cinayetine ili\u015fkin <a href=\"https:\/\/doing-memory.de\/tr\/faillerin-ve-magdurlarin-tersine-doenuestueruelmesi-shlomo-levin-ve-frida-poeschke-cinayetinin-anilmasi\/\" target=\"_blank\" rel=\"noreferrer noopener\">podcast b\u00f6l\u00fcm\u00fc<\/a> <\/p>\n\n<p>Hanau sald\u0131r\u0131s\u0131nda \u00f6lenlerin kabataslak portrelerinin yer ald\u0131\u011f\u0131 <a href=\"https:\/\/19feb-hanau.org\/material\/\" target=\"_blank\" rel=\"noreferrer noopener\">posterler <\/a> <\/p>\n\n<p>NSU 2000&#8217;den beri hep ayn\u0131 silahla cinayet i\u015fliyor: Enver \u015eim\u015fek (38 ya\u015f\u0131nda) \u2013 9 Eyl\u00fcl 2000&#8217;de N\u00fcrnberg&#8217;de \u00f6ld\u00fcr\u00fcld\u00fc, Abdurrahim \u00d6z\u00fcdo\u011fru (49 ya\u015f\u0131nda) \u2013 13 Haziran 2001&#8217;de N\u00fcrnberg&#8217;de \u00f6ld\u00fcr\u00fcld\u00fc, S\u00fcleyman Ta\u015fk\u00f6pr\u00fc (31 ya\u015f\u0131nda) \u2013 27 Haziran 2001&#8217;de Hamburg&#8217;da \u00f6ld\u00fcr\u00fcld\u00fc, Habil K\u0131l\u0131\u00e7 (38 ya\u015f\u0131nda) \u2013 29 A\u011fustos 2001&#8217;de M\u00fcnih&#8217;te \u00f6ld\u00fcr\u00fcld\u00fc, Mehmet Turgut (25 ya\u015f\u0131nda) \u2013 25 \u015eubat 2004&#8217;te Rostock&#8217;ta \u00f6ld\u00fcr\u00fcld\u00fc, \u0130smail Ya\u015far (50 ya\u015f\u0131nda) \u2013 9 Haziran 2005&#8217;te N\u00fcrnberg&#8217;te \u00f6ld\u00fcr\u00fcld\u00fc, Theodoros Boulgarides (41 ya\u015f\u0131nda) \u2013 15 Haziran 2005&#8217;te M\u00fcnih&#8217;te \u00f6ld\u00fcr\u00fcld\u00fc, Mehmet Kuba\u015f\u0131k (39 ya\u015f\u0131nda) \u2013 4 Nisan 2006&#8217;da Dortmund&#8217;da \u00f6ld\u00fcr\u00fcld\u00fc, Halit Yozgat&#8217;ta (21 ya\u015f\u0131nda) \u2013 6 Nisan 2006&#8217;da Kassel&#8217;de \u00f6ld\u00fcr\u00fcld\u00fc.<\/p>\n\n<p>23 Kas\u0131m 1992&#8217;de M\u00f6lln&#8217;de kundaklama sald\u0131r\u0131s\u0131nda iki neo-Nazi, Bahide Arslan (51 ya\u015f\u0131nda), Yeliz Arslan (10 ya\u015f\u0131nda) ve Ay\u015fe Y\u0131lmaz&#8217;\u0131 (14 ya\u015f\u0131nda) \u00f6ld\u00fcrd\u00fc. O s\u0131rada 7 ya\u015f\u0131nda olan \u0130brahim Arslan bu su\u00e7tan sa\u011f kurtuldu ve \u015fimdi \u0131rk\u00e7\u0131l\u0131k kar\u015f\u0131t\u0131 \u00e7al\u0131\u015fmalar y\u00fcr\u00fcten bir aktivist.<\/p>\n\n<p>Halle&#8217;deki sa\u011fc\u0131 ter\u00f6r sald\u0131r\u0131s\u0131na ili\u015fkin <a href=\"https:\/\/open.spotify.com\/episode\/2fG67qj0AXTxH6B4K5wJZ0?si=86cb2cc6d55e43f3\" target=\"_blank\" rel=\"noreferrer noopener\">podcast b\u00f6l\u00fcm\u00fc<\/a> <\/p>\n\n<p>9 Haziran 2004 tarihinde K\u00f6ln-M\u00fclheim&#8217;daki Keupstra\u00dfe&#8217;de bir<ins>\u00e7ivili bomban\u0131n<\/ins>patlamas\u0131 sonucu baz\u0131lar\u0131 a\u011f\u0131r olmak \u00fczere 22 ki\u015fi yaralanm\u0131\u015ft\u0131r. Sald\u0131r\u0131 ancak Kas\u0131m 2011&#8217;de kendini if\u015fa eden sa\u011fc\u0131 ter\u00f6rist Nasyonal Sosyalist Yeralt\u0131 (NSU) \u00f6rg\u00fct\u00fcne atfedilebilmi\u015ftir.<\/p>\n\n<p>Wehrsportgruppe Hoffmann, 1970&#8217;li ve 80&#8217;li y\u0131llarda neo-Nazi Karl-Heinz Hoffmann&#8217;\u0131n etraf\u0131nda var olan ve Shlomo Lewin ve Frida Poeschke&#8217;nin \u00e7ifte cinayetiyle ili\u015fkilendirilebilecek a\u015f\u0131r\u0131 sa\u011fc\u0131 bir \u00f6rg\u00fctt\u00fc.<\/p>\n\n<p>NSU Mahkemesi \u0130nternet <a href=\"https:\/\/www.nsu-tribunal.de\/\" target=\"_blank\" rel=\"noreferrer noopener\">Sitesi<\/a>  <\/p>\n\n<p>Dayan\u0131kl\u0131l\u0131k Festivali <a href=\"https:\/\/www.basehillel.de\/programs\/festival-of-resilience\" target=\"_blank\" rel=\"noreferrer noopener\">Web Sitesi<\/a>  <\/p>\n\n<p>Semra Ertan ile ilgili <a href=\"https:\/\/doing-memory.de\/tr\/gidilecek-siginak-olarak-edebiyat-semra-ertan\/\" target=\"_blank\" rel=\"noreferrer noopener\">podcast b\u00f6l\u00fcm\u00fc<\/a> <\/p>\n\n<p>Semra Ertan&#8217;dan<a rel=\"noreferrer noopener\" href=\"https:\/\/www.edition-assemblage.de\/buecher\/mein-name-ist-auslaender-benim-adim-yabanci\/\" target=\"_blank\">&#8220;Benim Ad\u0131m Yabanc\u0131<\/a>&#8221; Kitab\u0131<\/p>\n\n<p>Edit\u00f6rl\u00fc\u011f\u00fcn\u00fc Tamer D\u00fczyol &amp; Taudy Pathmanathan&#8217;\u0131n yapt\u0131\u011f\u0131<a rel=\"noreferrer noopener\" href=\"https:\/\/www.edition-assemblage.de\/buecher\/haymatlos\/\" target=\"_blank\">&#8220;Haymatlos<\/a>&#8221; kitab\u0131<\/p>\n\n<p>\u015eahin \u00c7al\u0131\u015f\u0131r an\u0131s\u0131na Kutlu Yurtseven ve Orhan \u00c7al\u0131\u015f\u0131r&#8217;\u0131n konuk oldu\u011fu <a href=\"https:\/\/doing-memory.de\/tr\/hatirlamak-icin-gueclue-bir-muecadele-sahin-calisir\/\" target=\"_blank\" rel=\"noreferrer noopener\">podcast b\u00f6l\u00fcm\u00fc<\/a>  <\/p>\n\n<p>Blanka Zmigrod \u00fczerine <a href=\"https:\/\/doing-memory.de\/tr\/magdur-olmaya-indirgenmek-blanka-zmigrod-cinayeti\/\" target=\"_blank\" rel=\"noreferrer noopener\">podcast b\u00f6l\u00fcm\u00fc<\/a> <\/p>\n\n<p>Jasper Kettner ve \u0130brahim Arslan&#8217;\u0131n foto\u011fraf ve kitap projesi<a href=\"https:\/\/jasperkettner.de\/die-angeh%C3%B6rigen\/\" target=\"_blank\" rel=\"noreferrer noopener\">&#8220;The Relatives<\/a>&#8221;  <\/p>\n\n<p><em>Literat\u00fcr<\/em><\/p>\n\n<p>Kitap<a rel=\"noreferrer noopener\" href=\"https:\/\/stolzeaugen-books.de\/buecher\/texte-nach-hanau\/\" target=\"_blank\">&#8220;Hanau&#8217;dan Sonra Metinler<\/a><a href=\"https:\/\/stolzeaugen-books.de\/buecher\/texte-nach-hanau\/\">\n  <br\/>\n<\/a><a rel=\"noreferrer noopener\" href=\"https:\/\/www.spiegel.de\/panorama\/gesellschaft\/die-hanau-protokolle-ueberlebende-des-attentats-berichten-ueber-ihre-entfremdung-von-deutschland-a-00000000-0002-0001-0000-000175304177\" target=\"_blank\">Hanau Protokolleri <\/a><a href=\"https:\/\/www.spiegel.de\/panorama\/gesellschaft\/die-hanau-protokolle-ueberlebende-des-attentats-berichten-ueber-ihre-entfremdung-von-deutschland-a-00000000-0002-0001-0000-000175304177\">\n  <br\/>\n<\/a><a href=\"https:\/\/www.boell.de\/de\/2021\/02\/19\/von-moelln-bis-nach-hanau-erinnern-heisst-veraendern\" target=\"_blank\" rel=\"noreferrer noopener\">M\u00f6lln&#8217;den Hanau&#8217;ya: Hat\u0131rlamak de\u011fi\u015fmek demektir<\/a> <\/p>\n\n<p><em>Podcastler, M\u00fczik<\/em><\/p>\n\n<p>Podcast<a rel=\"noreferrer noopener\" href=\"https:\/\/open.spotify.com\/show\/0Z2UJwgGfDnxrIhJpefINW?si=zpCgYj-UTge_8AItGtRtyg&amp;dl_branch=1\" target=\"_blank\">&#8220;190202<\/a><a href=\"https:\/\/open.spotify.com\/show\/0Z2UJwgGfDnxrIhJpefINW?si=zpCgYj-UTge_8AItGtRtyg&amp;dl_branch=1\"><br\/><\/a>Azzi Memo&#8217;nun<a rel=\"noreferrer noopener\" href=\"https:\/\/open.spotify.com\/album\/4lyrCpY1qQ9Z2nx4Vxl604?highlight=spotify:track:29Rfso2W1pERTuboGe3avy\" target=\"_blank\">&#8220;Uyan\u0131k<\/a>m\u0131s\u0131n&#8221; adl\u0131 \u015fark\u0131s\u0131 (feat. (feat. Nate57, Veysel, Sinan G, Kool Savas, NKSN Rola, Disarstar, Meastro, Hanybal, Celo &amp; Abdi, Manuellsen, Silla, Credibil, Ali471, Milonair, Mortel, KEZ)  <a href=\"https:\/\/open.spotify.com\/album\/4lyrCpY1qQ9Z2nx4Vxl604?highlight=spotify:track:29Rfso2W1pERTuboGe3avy\"><br\/><\/a>Chefket taraf\u0131ndan seslendirilen<a href=\"https:\/\/open.spotify.com\/track\/4HKGVviCvOV5aGB4Lml32H?si=a95622643ec1435f\" target=\"_blank\" rel=\"noreferrer noopener\">&#8220;Petrichor<\/a>&#8221; adl\u0131 \u015fark\u0131  <\/p>\n\n<p><em>Videolar<\/em><\/p>\n\n<p>Dattelt\u00e4ter<a rel=\"noreferrer noopener\" href=\"https:\/\/www.youtube.com\/watch?v=4rSj7GdGJ_M\" target=\"_blank\">&#8211; &#8220;Hanau&#8217;dan 1 y\u0131l sonra &#8211; \u0131rk\u00e7\u0131 sald\u0131r\u0131dan kurtulanlarla s\u00f6yle\u015filer<\/a>&#8220;.  <a href=\"https:\/\/www.youtube.com\/watch?v=4rSj7GdGJ_M\"><br\/><\/a>Monitor &#8211;<a rel=\"noreferrer noopener\" href=\"https:\/\/www.youtube.com\/watch?v=AczsiWGp_Wg\" target=\"_blank\">&#8220;Hanau&#8217;dan bir y\u0131l sonra: tamamlanmam\u0131\u015f soru\u015fturmalar<\/a>&#8220;?  <br\/>Kampnagel Hamburg &#8211; &#8220;<a rel=\"noreferrer noopener\" href=\"https:\/\/www.kampnagel.de\/de\/programm\/folge-5-nadine-saeed-von-der-initiative-in-gedenken-an-oury-jalloh\/?datum=&amp;id_datum=9995\" target=\"_blank\">Ekstralar yok! Anma k\u00fclt\u00fcr\u00fcnde aktivist pratikler<\/a>&#8220;<\/p>\n\n<h4 class=\"wp-block-heading\">Katk\u0131da bulunanlar<\/h4>\n\n<p>Edit\u00f6rler: Tanja Thomas, Fabian Virchow ve Tobias Fernholz<br\/>Ortak fikir ve \u00fcretim: grasshopper kreativ<br\/>Moderat\u00f6r: Tanja Thomas ve Fabian Virchow<br\/>M\u00fczik: Martin Pfeilsticker ve Pia Fruth<\/p>\n\n<p>Etkinlik incelemesini T\u00fcbingen&#8217;deki Eberhard Karls \u00dcniversitesi ve D\u00fcsseldorf Uygulamal\u0131 Bilimler \u00dcniversitesi&#8217;nden y\u00fcksek lisans \u00f6\u011frencileri haz\u0131rlad\u0131.<\/p>\n\n<h5 class=\"wp-block-heading\">Etkinlik \u0130ncelemesi i\u00e7in katk\u0131da bulunanlar<\/h5>\n\n<p>O-ses b\u00fck\u00fcc\u00fcler: Serpil Unvar ve \u00c7etin G\u00fcltekin<br\/>Konu\u015fmac\u0131lar: Pia Fruth und Daniel Jacob<br\/>\u00d6\u011frenciler: Aline Schmidl, Jasmin Raei, Gamze \u00d6zdemir, Malin Merkle, Lea Jansky, Jule Gerhard, Vanessa Fatho, Hannah Braun<\/p>\n","protected":false},"excerpt":{"rendered":"<p>Bu podcast b\u00f6l\u00fcm\u00fc, 19.2.2020 tarihinde Hanau&#8217;da meydana gelen a\u015f\u0131r\u0131 sa\u011fc\u0131 ter\u00f6r eylemini anmaktad\u0131r. Konuklar Dr. Hannah Peaceman, \u0130brahim Arslan, Ali Y\u0131ld\u0131r\u0131m ve Ulrich Chaussy. Konu\u015fma, di\u011fer \u015feylerin yan\u0131 s\u0131ra, etkilenenlerin g\u00fcc\u00fc ve hayatta kalanlar\u0131n endi\u015felerinin ve taleplerinin g\u00f6z ard\u0131 edilmesi hakk\u0131nda a\u011f kurma etraf\u0131nda d\u00f6n\u00fcyor. De\u011fi\u015fimin konusu ayn\u0131 zamanda bir\u00e7ok aktivistin \u00e7oklu y\u00fckleridir: \u0131rk\u00e7\u0131l\u0131ktan do\u011frudan [&hellip;]<\/p>\n","protected":false},"author":1,"featured_media":1267,"parent":0,"menu_order":0,"comment_status":"closed","ping_status":"closed","template":"","meta":{"footnotes":""},"class_list":["post-1334","page","type-page","status-publish","has-post-thumbnail","hentry"],"_links":{"self":[{"href":"https:\/\/doing-memory.de\/tr\/wp-json\/wp\/v2\/pages\/1334"}],"collection":[{"href":"https:\/\/doing-memory.de\/tr\/wp-json\/wp\/v2\/pages"}],"about":[{"href":"https:\/\/doing-memory.de\/tr\/wp-json\/wp\/v2\/types\/page"}],"author":[{"embeddable":true,"href":"https:\/\/doing-memory.de\/tr\/wp-json\/wp\/v2\/users\/1"}],"replies":[{"embeddable":true,"href":"https:\/\/doing-memory.de\/tr\/wp-json\/wp\/v2\/comments?post=1334"}],"version-history":[{"count":3,"href":"https:\/\/doing-memory.de\/tr\/wp-json\/wp\/v2\/pages\/1334\/revisions"}],"predecessor-version":[{"id":1337,"href":"https:\/\/doing-memory.de\/tr\/wp-json\/wp\/v2\/pages\/1334\/revisions\/1337"}],"wp:featuredmedia":[{"embeddable":true,"href":"https:\/\/doing-memory.de\/tr\/wp-json\/wp\/v2\/media\/1267"}],"wp:attachment":[{"href":"https:\/\/doing-memory.de\/tr\/wp-json\/wp\/v2\/media?parent=1334"}],"curies":[{"name":"wp","href":"https:\/\/api.w.org\/{rel}","templated":true}]}}