{"id":1330,"date":"2022-04-13T13:36:23","date_gmt":"2022-04-13T13:36:23","guid":{"rendered":"https:\/\/doing-memory.de\/gidilecek-siginak-olarak-edebiyat-semra-ertan\/"},"modified":"2022-09-10T08:05:16","modified_gmt":"2022-09-10T08:05:16","slug":"gidilecek-siginak-olarak-edebiyat-semra-ertan","status":"publish","type":"page","link":"https:\/\/doing-memory.de\/tr\/gidilecek-siginak-olarak-edebiyat-semra-ertan\/","title":{"rendered":"&#8220;Gidilecek S\u0131\u011f\u0131nak&#8221; Olarak Edebiyat &#8211; Semra Ertan"},"content":{"rendered":"\n<p>Bu podcast b\u00f6l\u00fcm\u00fc, 1982 y\u0131l\u0131nda \u0131rk\u00e7\u0131l\u0131\u011f\u0131 protesto etmek i\u00e7in kendini yakan \u015fair ve aktivist Semra Ertan&#8217;\u0131 an\u0131yor. Geride 2020 y\u0131l\u0131na kadar Almanya&#8217;da &#8220;Mein Name ist Ausl\u00e4nder&#8221; ba\u015fl\u0131\u011f\u0131 alt\u0131nda yay\u0131mlanmayan \u015fiirler b\u0131rakt\u0131.  <strong>Taudy Pathmanathan<\/strong> ve <strong>Tamer D\u00fczyol<\/strong> ile yap\u0131lan s\u00f6yle\u015fi, yerle\u015fik k\u00fclt\u00fcr sekt\u00f6r\u00fcndeki \u00e7ok y\u00f6nl\u00fc ayr\u0131mc\u0131l\u0131k kar\u015f\u0131s\u0131nda edebiyatta kendini g\u00fc\u00e7lendirme, &#8216;g\u00f6\u00e7menlik sonras\u0131 miras&#8217; ve farkl\u0131 ifade bi\u00e7imlerinde dayan\u0131\u015fma ve de\u011fi\u015fim hakk\u0131ndad\u0131r.  <\/p>\n\n<iframe loading=\"lazy\" src=\"https:\/\/anchor.fm\/doing-memory\/embed\/episodes\/S1F08-Literatur-als-Schutzraum-to-go--Semra-Ertan-e1hsuvr\" height=\"140px\" width=\"400px\" frameborder=\"0\" scrolling=\"no\"><\/iframe>\n\n<h4 class=\"wp-block-heading\">Olay<\/h4>\n\n<p>24 May\u0131s 1982&#8217;de aktivist, \u015fair ve i\u015f\u00e7i Semra Ertan, \u0131rk\u00e7\u0131l\u0131\u011f\u0131 protesto etmek i\u00e7in Hamburg&#8217;da i\u015flek bir kav\u015fakta \u00fczerine benzin d\u00f6kerek kendini ate\u015fe verdi. \u0130ki g\u00fcn sonra yaralar\u0131ndan dolay\u0131 \u00f6ld\u00fc. Geride s\u0131n\u0131f\u00e7\u0131l\u0131k, cinsiyet\u00e7ilik, kapitalizm ve hepsinden \u00f6nemlisi \u0131rk\u00e7\u0131l\u0131\u011f\u0131 konu edindi\u011fi 350&#8217;den fazla \u015fiir b\u0131rakt\u0131. Ailesi T\u00fcrkiye&#8217;den Almanya&#8217;ya s\u00f6zde misafir i\u015f\u00e7i olarak i\u015fe al\u0131nmak \u00fczere gelmi\u015fti.  <\/p>\n\n<h4 class=\"wp-block-heading\">Edebiyat, ba\u011flant\u0131lar ve arka planlar<\/h4>\n\n<p>Taudy Pathmanathan ve Tamer D\u00fczyol:<a rel=\"noreferrer noopener\" href=\"https:\/\/www.kanakistan.de\/\" target=\"_blank\">&#8220;Kanakistan<\/a>&#8220;<\/p>\n\n<p>Taudy Pathmanathan ve Tamer D\u00fczyol:<a rel=\"noreferrer noopener\" href=\"https:\/\/www.edition-assemblage.de\/buecher\/haymatlos\/\" target=\"_blank\">&#8220;Haymatlos<\/a>&#8221;  <\/p>\n\n<p>Tamer D\u00fczyol<a href=\"https:\/\/www.edition-assemblage.de\/buecher\/araf-unsichtbar\/\" target=\"_blank\" rel=\"noreferrer noopener\">: &#8220;Araf &#8211; Un:::Visible<\/a>&#8220;<\/p>\n\n<p>Semra Ertan:<a href=\"https:\/\/www.edition-assemblage.de\/buecher\/mein-name-ist-auslaender-benim-adim-yabanci\/\" target=\"_blank\" rel=\"noreferrer noopener\">&#8220;Benim Ad\u0131m Yabanc\u0131<\/a>&#8220;<\/p>\n\n<p><a rel=\"noreferrer noopener\" href=\"http:\/\/www.canabilirmeier.com\/\" target=\"_blank\">Cana Bilir-Meier<\/a>: <a rel=\"noreferrer noopener\" href=\"http:\/\/www.canabilirmeier.com\/?page_id=229\" target=\"_blank\">Semra Ertan \u00dczerine \u00c7al\u0131\u015fmalar<\/a><\/p>\n\n<p>Sulaiman Masomi:<a href=\"https:\/\/www.shoptyr.de\/epages\/82748427.sf\/de_DE\/?ObjectPath=\/Shops\/82748427\/Products\/978-3-947106-24-0\" target=\"_blank\" rel=\"noreferrer noopener\">&#8220;Biz yazmaya geldik<\/a>&#8220;.  <\/p>\n\n<p>Natasha A. Kelly:<a rel=\"noreferrer noopener\" href=\"https:\/\/orlanda.de\/book\/sisters-and-souls\" target=\"_blank\">&#8220;Sisters and Souls<\/a> &#8211; Inspirations through May Ayim&#8221;.<\/p>\n\n<p><a href=\"https:\/\/www.stolzeaugen-books.eu\/\" target=\"_blank\" rel=\"noreferrer noopener\">Proud Eyes Books<\/a>: Almanya&#8217;n\u0131n ilk BIPOC yay\u0131nc\u0131l\u0131k \u015firketi<\/p>\n\n<p><a href=\"https:\/\/www.literarischediverse.de\/\" target=\"_blank\" rel=\"noreferrer noopener\">Edebi \u00c7e\u015fitli<\/a><\/p>\n\n<p><a href=\"http:\/\/stefanie-lahya.de\/\" target=\"_blank\" rel=\"noreferrer noopener\">Stefanie-Lahya Aukongo<\/a><\/p>\n\n<p>Cana Bilir-Meier:<a href=\"https:\/\/semraertaninitiative.wordpress.com\/semra-ertan\/ihre-eigene-stimme-kendi-sesi\/\" target=\"_blank\" rel=\"noreferrer noopener\">&#8220;Semra Ertan &#8211; Kendi Sesi, Kendi Sesi, Kendi Sesi<\/a>&#8220;.<\/p>\n\n<p>Aile, arkada\u015flar ve dayan\u0131\u015fma i\u00e7indeki insanlar\u0131n seslerinden olu\u015fan <a href=\"https:\/\/soundcloud.com\/user-147562306\/audiocollage-zum-gedenken-an-semra-ertan-2020\" target=\"_blank\" rel=\"noreferrer noopener\">ses kolaj\u0131<\/a> <\/p>\n\n<p>Semra Ertan an\u0131s\u0131na <a href=\"https:\/\/semraertaninitiative.wordpress.com\/\" target=\"_blank\" rel=\"noreferrer noopener\">giri\u015fim<\/a> <\/p>\n\n<p>Thembi Wolf:<a href=\"https:\/\/www.vice.com\/de\/article\/n7v3k8\/warum-sich-die-25-jaehrige-semra-ertan-angezuendet-hat\" target=\"_blank\" rel=\"noreferrer noopener\">&#8220;25 ya\u015f\u0131ndaki Semra neden St. Pauli&#8217;de kendini yakt\u0131<\/a>&#8220;.<\/p>\n\n<p>G\u00fcrsel Y\u0131ld\u0131r\u0131m:<a href=\"https:\/\/taz.de\/Todestag-von-Semra-Ertan\/!5774155\/\" target=\"_blank\" rel=\"noreferrer noopener\">&#8220;Ate\u015f<\/a>\u00dcst\u00fcnde<\/p>\n\n<p>Leyla Sophie Gleissner:<a href=\"https:\/\/www.zeit.de\/zustimmung?url=https%3A%2F%2Fwww.zeit.de%2Fkultur%2F2020-12%2Fsemra-ertan-schriftstellerin-namen-suizid%2Fkomplettansicht\" target=\"_blank\" rel=\"noreferrer noopener\">&#8220;\u0130simsiz Yazmak<\/a>&#8220;<\/p>\n\n<p>APUZ:<a rel=\"noreferrer noopener\" href=\"https:\/\/www.bpb.de\/shop\/zeitschriften\/apuz\/59727\/50-jahre-anwerbeabkommen-mit-der-tuerkei\/\" target=\"_blank\">&#8220;T\u00fcrkiye ile \u0130\u015fe Al\u0131m Anla\u015fmas\u0131n\u0131n 50 Y\u0131l\u0131&#8221;<\/a>.<\/p>\n\n<p><em>Podcastler<\/em><\/p>\n\n<p>Deutschlandradio: <a href=\"https:\/\/www.deutschlandfunkkultur.de\/semra-ertan-mein-name-ist-auslaender-politische-poesie-und-100.html\" target=\"_blank\" rel=\"noreferrer noopener\">Politik \u015fiir ve kendini yakma<\/a> &#8211; Fatma Aydemir Timo Grampes ile s\u00f6yle\u015fiyor<\/p>\n\n<p>Hamburger Morgenpost Podcast: &#8220;#59 <a rel=\"noreferrer noopener\" href=\"https:\/\/open.spotify.com\/episode\/3MJwsORiudNZweQo9RKGiX?si=qGoaiRNKTw-4PhG9TgltxQ&amp;nd=1\" target=\"_blank\">Semra Ertan&#8217;\u0131n kendi can\u0131na k\u0131yd\u0131\u011f\u0131 g\u00fcn<\/a>&#8220;.<\/p>\n\n<p>Taz Podcast:<a rel=\"noreferrer noopener\" href=\"https:\/\/open.spotify.com\/episode\/0RWMXkXYzKfiLytVrLRpKU?si=rhKTtfDETTKqdEACpUIxDQ&amp;nd=1\" target=\"_blank\">&#8220;Yeni bir \u015fiir kitab\u0131 Semra Ertan&#8217;\u0131n direni\u015f \u015fiirini sunuyor<\/a>&#8220;.<\/p>\n\n<p>Rice ve Shine:<a href=\"https:\/\/open.spotify.com\/episode\/5g8TLYg3gahvTPQF3Dytj3?si=YeF49eeNQCasMGTbqim-IQ&amp;dl_branch=1&amp;nd=1\" target=\"_blank\" rel=\"noreferrer noopener\">&#8220;Hamburg 1980 &#8211; Sa\u011fc\u0131 ter\u00f6r yeniden alevlendi\u011finde<\/a>&#8220;.<\/p>\n\n<h4 class=\"wp-block-heading\">Katk\u0131da bulunanlar<\/h4>\n\n<p>Edit\u00f6rler: Tanja Thomas, Fabian Virchow ve Tobias Fernholz<br\/>Ortak fikir ve \u00fcretim: grasshopper kreativ<br\/>Moderat\u00f6r: Tanja Thomas ve Fabian Virchow<br\/>M\u00fczik: Martin Pfeilsticker ve Pia Fruth<\/p>\n\n<p>Etkinlik incelemesini T\u00fcbingen&#8217;deki Eberhard Karls \u00dcniversitesi ve D\u00fcsseldorf Uygulamal\u0131 Bilimler \u00dcniversitesi&#8217;nden y\u00fcksek lisans \u00f6\u011frencileri haz\u0131rlad\u0131.<\/p>\n\n<h5 class=\"wp-block-heading\">Etkinlik \u0130ncelemesi i\u00e7in katk\u0131da bulunanlar<\/h5>\n\n<p>Orijinal ses: Friedo Karth<br\/>Konu\u015fmac\u0131lar: Pia Fruth ve Gamze \u00d6zdemir<br\/>\u00d6\u011frenciler: Pauline Ruhe, Tamina Stephan, Anna Steigerwald, Judith Weidner, Laurentia Bausinger, Marie Zornbach<\/p>\n","protected":false},"excerpt":{"rendered":"<p>Bu podcast b\u00f6l\u00fcm\u00fc, 1982 y\u0131l\u0131nda \u0131rk\u00e7\u0131l\u0131\u011f\u0131 protesto etmek i\u00e7in kendini yakan \u015fair ve aktivist Semra Ertan&#8217;\u0131 an\u0131yor. Geride 2020 y\u0131l\u0131na kadar Almanya&#8217;da &#8220;Mein Name ist Ausl\u00e4nder&#8221; ba\u015fl\u0131\u011f\u0131 alt\u0131nda yay\u0131mlanmayan \u015fiirler b\u0131rakt\u0131. Taudy Pathmanathan ve Tamer D\u00fczyol ile yap\u0131lan s\u00f6yle\u015fi, yerle\u015fik k\u00fclt\u00fcr sekt\u00f6r\u00fcndeki \u00e7ok y\u00f6nl\u00fc ayr\u0131mc\u0131l\u0131k kar\u015f\u0131s\u0131nda edebiyatta kendini g\u00fc\u00e7lendirme, &#8216;g\u00f6\u00e7menlik sonras\u0131 miras&#8217; ve farkl\u0131 ifade [&hellip;]<\/p>\n","protected":false},"author":1,"featured_media":1205,"parent":0,"menu_order":0,"comment_status":"closed","ping_status":"closed","template":"","meta":{"footnotes":""},"class_list":["post-1330","page","type-page","status-publish","has-post-thumbnail","hentry"],"_links":{"self":[{"href":"https:\/\/doing-memory.de\/tr\/wp-json\/wp\/v2\/pages\/1330"}],"collection":[{"href":"https:\/\/doing-memory.de\/tr\/wp-json\/wp\/v2\/pages"}],"about":[{"href":"https:\/\/doing-memory.de\/tr\/wp-json\/wp\/v2\/types\/page"}],"author":[{"embeddable":true,"href":"https:\/\/doing-memory.de\/tr\/wp-json\/wp\/v2\/users\/1"}],"replies":[{"embeddable":true,"href":"https:\/\/doing-memory.de\/tr\/wp-json\/wp\/v2\/comments?post=1330"}],"version-history":[{"count":3,"href":"https:\/\/doing-memory.de\/tr\/wp-json\/wp\/v2\/pages\/1330\/revisions"}],"predecessor-version":[{"id":1333,"href":"https:\/\/doing-memory.de\/tr\/wp-json\/wp\/v2\/pages\/1330\/revisions\/1333"}],"wp:featuredmedia":[{"embeddable":true,"href":"https:\/\/doing-memory.de\/tr\/wp-json\/wp\/v2\/media\/1205"}],"wp:attachment":[{"href":"https:\/\/doing-memory.de\/tr\/wp-json\/wp\/v2\/media?parent=1330"}],"curies":[{"name":"wp","href":"https:\/\/api.w.org\/{rel}","templated":true}]}}