{"id":1326,"date":"2022-04-13T14:19:34","date_gmt":"2022-04-13T14:19:34","guid":{"rendered":"https:\/\/doing-memory.de\/baglilik-gueven-ve-karsilikli-gueclendirme-suereci-halle\/"},"modified":"2022-09-10T08:04:43","modified_gmt":"2022-09-10T08:04:43","slug":"baglilik-gueven-ve-karsilikli-gueclendirme-suereci-halle","status":"publish","type":"page","link":"https:\/\/doing-memory.de\/tr\/baglilik-gueven-ve-karsilikli-gueclendirme-suereci-halle\/","title":{"rendered":"Ba\u011fl\u0131l\u0131k, g\u00fcven ve kar\u015f\u0131l\u0131kl\u0131 g\u00fc\u00e7lendirme s\u00fcreci &#8211; Halle"},"content":{"rendered":"\n<p>Bu b\u00f6l\u00fcmde 2019 y\u0131l\u0131nda Halle&#8217;deki sinagoga ve Kiez kebab\u0131na yap\u0131lan sa\u011fc\u0131 ter\u00f6r sald\u0131r\u0131s\u0131n\u0131 hat\u0131rl\u0131yoruz. Konuk, sald\u0131r\u0131dan kurtulan ve eski Kiez-D\u00f6ner&#8217;in bug\u00fcnk\u00fc ad\u0131 olan Caf\u00e9 TEKIEZ&#8217;in ortaklar\u0131ndan <strong>\u0130smet Tekin<\/strong>. Ayr\u0131ca solo grup TEKIEZ&#8217;den <strong>Jelle<\/strong> ve <strong>Nele<\/strong> de konuklar\u0131m\u0131z aras\u0131nda. Konu\u015fma, g\u00fcven ve kar\u015f\u0131l\u0131kl\u0131 g\u00fc\u00e7lendirme s\u00fcre\u00e7leri, dayan\u0131\u015fma a\u011flar\u0131 ve ayn\u0131 zamanda farkl\u0131 kayg\u0131lar\u0131n ve siyasi yorumlar\u0131n tan\u0131nmas\u0131 ile ilgilidir.  <\/p>\n\n<iframe loading=\"lazy\" src=\"https:\/\/anchor.fm\/doing-memory\/embed\/episodes\/S1F10-Verbundenheit--Vertrauen-und-wechselseitiger-Ermchtigungsprozess--Halle-e1ijnme\" height=\"140px\" width=\"400px\" frameborder=\"0\" scrolling=\"no\"><\/iframe>\n\n<h4 class=\"wp-block-heading\">Olay<\/h4>\n\n<p>Yahudilerin en b\u00fcy\u00fck bayram\u0131 olan Yom Kippur 2019&#8217;da sa\u011fc\u0131 bir ter\u00f6rist Halle\/Saale&#8217;deki sinagogda bulunanlar\u0131 \u00f6ld\u00fcrmeye te\u015febb\u00fcs etmi\u015f; binaya girmeyi ba\u015faramay\u0131nca binan\u0131n d\u0131\u015f\u0131nda yoldan ge\u00e7en Jana Lange&#8217;yi ve k\u0131sa bir s\u00fcre sonra da <em>Kiez-D\u00f6ner<\/em> b\u00fcfesinde misafir olan Kevin Schwarze&#8217;yi \u00f6ld\u00fcrm\u00fc\u015ft\u00fcr.  <\/p>\n\n<h4 class=\"wp-block-heading\">Edebiyat, ba\u011flant\u0131lar ve arka planlar<\/h4>\n\n<p><a href=\"https:\/\/www.facebook.com\/KiezDoenerLuWu\/\" target=\"_blank\" rel=\"noreferrer noopener\">Facebook sayfas\u0131<\/a> Tekiez Kahvalt\u0131 Kafe  <\/p>\n\n<p> <ins>\u0130smet<\/ins>Tekin ile <a href=\"https:\/\/www.spiegel.de\/panorama\/halle-attentat-besitzer-von-kiez-doener-muss-wegen-corona-schliessen-a-df555171-e4df-46ac-adbd-397fd76121ac\" target=\"_blank\" rel=\"noreferrer noopener\">Spiegel r\u00f6portaj\u0131<\/a>  <\/p>\n\n<p><a rel=\"noreferrer noopener\" href=\"https:\/\/www.facebook.com\/116423263380055\/posts\/287762836246096\/\" target=\"_blank\">Tekiez i\u00e7in Soli-Shirts<\/a> kampanyas\u0131 hakk\u0131nda bilgi  <\/p>\n\n<p>Corax Radyosu Tekiez hakk\u0131nda:<\/p>\n\n<p>&#8220;&#8230; <a rel=\"noreferrer noopener\" href=\"https:\/\/radiocorax.de\/wp-content\/uploads\/CORAX_OktNov21_web.pdf\" target=\"_blank\">politikac\u0131lar bir foto\u011fraf i\u00e7in \u00e7i\u00e7eklerini ve bo\u015f s\u00f6zlerini b\u0131rakmaya geldiklerinde<\/a>&#8220;.  <br\/><a rel=\"noreferrer noopener\" href=\"https:\/\/radiocorax.de\/tekiez-ein-ort-des-gedenkens-nach-dem-anschlag-von-halle\/\" target=\"_blank\">Tekez &#8211; Halle sald\u0131r\u0131s\u0131n\u0131n ard\u0131ndan bir anma yeri<\/a> <br\/><a rel=\"noreferrer noopener\" href=\"https:\/\/radiocorax.de\/zuhoeren-statt-sprechen-gedenken-am-2-jahrestag-des-halle-anschlags\/\" target=\"_blank\">Kim konu\u015fuyor ve kim dinliyor &#8211; sald\u0131r\u0131n\u0131n 2. y\u0131ld\u00f6n\u00fcm\u00fcnde anma<\/a> <br\/><a href=\"https:\/\/radiocorax.de\/rechte-stichwortgeber-proteste-der-bewegung-halle\/\" target=\"_blank\" rel=\"noreferrer noopener\">Sa\u011fc\u0131 i\u015faretler &#8211; Halle hareketinin protestolar\u0131  <\/a><\/p>\n\n<p><del>Sa\u011fc\u0131<\/del> bir ter\u00f6ristin 15 Mart 2019 tarihinde Yeni Zelanda&#8217;n\u0131n Christchurch kentinde M\u00fcsl\u00fcman kar\u015f\u0131t\u0131 gerek\u00e7elerle iki camiye d\u00fczenledi\u011fi sald\u0131r\u0131da 51 ki\u015fi hayat\u0131n\u0131 kaybetti, 51 ki\u015fi de a\u011f\u0131r yaraland\u0131.<\/p>\n\n<p>Thomas Kemmerich 5 \u015eubat 2020 tarihinde AfD&#8217;nin oylar\u0131yla Ba\u015fbakan se\u00e7ilmi\u015f ve k\u0131sa bir s\u00fcre sonra istifa etmi\u015ftir.<\/p>\n\n<p>Mobil Ma\u011fdur Dan\u0131\u015fma Hizmeti <a href=\"https:\/\/www.mobile-opferberatung.de\/\" target=\"_blank\" rel=\"noreferrer noopener\">web sitesi<\/a>  <\/p>\n\n<p><a href=\"https:\/\/ofek-beratung.de\/\" target=\"_blank\" rel=\"noreferrer noopener\">OFEK web sitesi<\/a> &#8211; Yahudi kar\u015f\u0131t\u0131 \u015fiddet ve ayr\u0131mc\u0131l\u0131k ma\u011fdurlar\u0131 i\u00e7in dan\u0131\u015fmanl\u0131k. Antisemit olaylar\u0131n ard\u0131ndan okullar ve di\u011fer kurumlar i\u00e7in dan\u0131\u015fmanl\u0131k  <\/p>\n\n<p>Federal Dernek RIAS e.V.&#8217;nin <a href=\"https:\/\/report-antisemitism.de\/bundesverband-rias\/\" target=\"_blank\" rel=\"noreferrer noopener\">web sitesi<\/a>  <\/p>\n\n<p>Kutlu Yurtseven, <a href=\"https:\/\/doing-memory.de\/tr\/hatirlamak-icin-gueclue-bir-muecadele-sahin-calisir\/\" target=\"_blank\" rel=\"noreferrer noopener\">\u015eahin \u00c7al\u0131\u015f\u0131r<\/a>&#8216;\u0131n anlat\u0131ld\u0131\u011f\u0131 b\u00f6l\u00fcme konuk oluyor. <\/p>\n\n<p>Sukot hasat ve \u00c7ardaklar bayram\u0131d\u0131r<ins>;<\/ins> Yahudilere M\u0131s\u0131r&#8217;dan ka\u00e7an atalar\u0131n\u0131n ya\u015fad\u0131klar\u0131n\u0131 hat\u0131rlat\u0131r.<\/p>\n\n<p>Dayan\u0131kl\u0131l\u0131k Festivali <a href=\"https:\/\/www.basehillel.de\/programs\/festival-of-resilience\" target=\"_blank\" rel=\"noreferrer noopener\">Web Sitesi<\/a>  <\/p>\n\n<p><a href=\"https:\/\/www.idz-jena.de\/wsddet\/wsd6-13\/\" target=\"_blank\" rel=\"noreferrer noopener\">Sa\u011fc\u0131 &#8216;yaln\u0131z failler&#8217; tart\u0131\u015fmas\u0131 \u00fczerine<\/a><\/p>\n\n<p>Di\u011fer \u015feylerin yan\u0131 s\u0131ra, sa\u011fc\u0131 suikast\u00e7\u0131lar\u0131n canl\u0131 yay\u0131n yoluyla kendi kendilerini sahnelemeleri \u00fczerine: &#8220;Sa\u011fc\u0131 birinci \u015fah\u0131s ni\u015fanc\u0131lar. Sanal Ajitasyondan Canl\u0131 Yay\u0131n Suikast\u0131na&#8221; Jean-Phillip Baeck ve Andreas Speit 2020<\/p>\n\n<p>A\u015f\u0131r\u0131 sa\u011fc\u0131lar\u0131n \u00e7evrimi\u00e7i d\u00fcnyalar\u0131 ve k\u00fcresel a\u011flar\u0131 \u00fczerine: &#8220;Nefret Sava\u015f\u00e7\u0131lar\u0131. Yeni k\u00fcresel a\u015f\u0131r\u0131 sa\u011fc\u0131l\u0131k&#8221; Karolin Schwarz 2020<\/p>\n\n<p>Antifeminizm ve enseller \u00fczerine: &#8220;Politik Erkeklik. Incels, Fundamentalistler ve Otoriterler Ataerkillik \u0130\u00e7in Nas\u0131l Seferber Oluyor?&#8221; Susanne Kaiser 2020<\/p>\n\n<p>Beyaz \u00dcst\u00fcnl\u00fc\u011f\u00fc Efsanesi \u00dczerine:  <br\/><a rel=\"noreferrer noopener\" href=\"https:\/\/www.bpb.de\/apuz\/266277\/white-supremacy-geschichte-und-politik-des-weissseins-in-den-usa?p=all\" target=\"_blank\">Federal Yurtta\u015fl\u0131k E\u011fitimi Ajans\u0131<\/a>: ABD&#8217;de Beyazl\u0131\u011f\u0131n Tarihi ve Politikas\u0131<br\/>Deutschlandfunk: &#8220;&#8216;<a rel=\"noreferrer noopener\" href=\"https:\/\/www.deutschlandfunk.de\/white-supremacy-es-geht-darum-ein-us-versus-them-zu.691.de.html?dram:article_id=454878\" target=\"_blank\">Onlara Kar\u015f\u0131 Biz&#8217; tasarlamakla ilgili<\/a>&#8220;.<\/p>\n\n<p>Hayatta kalan Naomi Henkel-G\u00fcmbel M\u00f6lln konu\u015fmas\u0131 s\u0131ras\u0131nda (54:50-1:07:00): <a href=\"https:\/\/www.youtube.com\/watch?app=desktop&amp;v=39oG_oOPFpk&amp;pli=1\">M\u00f6llner&#8217;in s\u00fcrg\u00fcndeki konu\u015fmas\u0131<\/a><\/p>\n\n<p>Naomi Henkel-G\u00fcmbel <a rel=\"noreferrer noopener\" href=\"https:\/\/podcast.dissenspodcast.de\/93-halle\" target=\"_blank\">Dissens Podcast<\/a>&#8216;te<\/p>\n\n<p><a href=\"https:\/\/anschlag.halggr.de\/category\/aktuell\/\" target=\"_blank\" rel=\"noreferrer noopener\">Anma giri\u015fimleri<\/a><\/p>\n\n<h4 class=\"wp-block-heading\">Katk\u0131da bulunanlar<\/h4>\n\n<p>Edit\u00f6rler: Tanja Thomas, Fabian Virchow ve Tobias Fernholz<br\/>Ortak fikir ve \u00fcretim: grasshopper kreativ<br\/>Moderat\u00f6r: Tanja Thomas ve Fabian Virchow<br\/>M\u00fczik: Martin Pfeilsticker ve Pia Fruth<\/p>\n\n<p>Etkinlik incelemesini T\u00fcbingen&#8217;deki Eberhard Karls \u00dcniversitesi ve D\u00fcsseldorf Uygulamal\u0131 Bilimler \u00dcniversitesi&#8217;nden y\u00fcksek lisans \u00f6\u011frencileri haz\u0131rlad\u0131.<\/p>\n\n<h5 class=\"wp-block-heading\">Etkinlik \u0130ncelemesi i\u00e7in katk\u0131da bulunanlar<\/h5>\n\n<p>Konu\u015fmac\u0131: Naomi Henkel-G\u00fcmbel<br\/>Konu\u015fmac\u0131: Pia Fruth<br\/>\u00d6\u011frenciler: Hannah Moormann, Jonas Drews, Julia Thissen, Louisa Baumann, Matthias Seng<\/p>\n","protected":false},"excerpt":{"rendered":"<p>Bu b\u00f6l\u00fcmde 2019 y\u0131l\u0131nda Halle&#8217;deki sinagoga ve Kiez kebab\u0131na yap\u0131lan sa\u011fc\u0131 ter\u00f6r sald\u0131r\u0131s\u0131n\u0131 hat\u0131rl\u0131yoruz. Konuk, sald\u0131r\u0131dan kurtulan ve eski Kiez-D\u00f6ner&#8217;in bug\u00fcnk\u00fc ad\u0131 olan Caf\u00e9 TEKIEZ&#8217;in ortaklar\u0131ndan \u0130smet Tekin. Ayr\u0131ca solo grup TEKIEZ&#8217;den Jelle ve Nele de konuklar\u0131m\u0131z aras\u0131nda. Konu\u015fma, g\u00fcven ve kar\u015f\u0131l\u0131kl\u0131 g\u00fc\u00e7lendirme s\u00fcre\u00e7leri, dayan\u0131\u015fma a\u011flar\u0131 ve ayn\u0131 zamanda farkl\u0131 kayg\u0131lar\u0131n ve siyasi yorumlar\u0131n tan\u0131nmas\u0131 [&hellip;]<\/p>\n","protected":false},"author":1,"featured_media":1285,"parent":0,"menu_order":0,"comment_status":"closed","ping_status":"closed","template":"","meta":{"footnotes":""},"class_list":["post-1326","page","type-page","status-publish","has-post-thumbnail","hentry"],"_links":{"self":[{"href":"https:\/\/doing-memory.de\/tr\/wp-json\/wp\/v2\/pages\/1326"}],"collection":[{"href":"https:\/\/doing-memory.de\/tr\/wp-json\/wp\/v2\/pages"}],"about":[{"href":"https:\/\/doing-memory.de\/tr\/wp-json\/wp\/v2\/types\/page"}],"author":[{"embeddable":true,"href":"https:\/\/doing-memory.de\/tr\/wp-json\/wp\/v2\/users\/1"}],"replies":[{"embeddable":true,"href":"https:\/\/doing-memory.de\/tr\/wp-json\/wp\/v2\/comments?post=1326"}],"version-history":[{"count":3,"href":"https:\/\/doing-memory.de\/tr\/wp-json\/wp\/v2\/pages\/1326\/revisions"}],"predecessor-version":[{"id":1329,"href":"https:\/\/doing-memory.de\/tr\/wp-json\/wp\/v2\/pages\/1326\/revisions\/1329"}],"wp:featuredmedia":[{"embeddable":true,"href":"https:\/\/doing-memory.de\/tr\/wp-json\/wp\/v2\/media\/1285"}],"wp:attachment":[{"href":"https:\/\/doing-memory.de\/tr\/wp-json\/wp\/v2\/media?parent=1326"}],"curies":[{"name":"wp","href":"https:\/\/api.w.org\/{rel}","templated":true}]}}