{"id":1322,"date":"2022-04-13T14:12:25","date_gmt":"2022-04-13T14:12:25","guid":{"rendered":"https:\/\/doing-memory.de\/devlet-tepkisi-gerceklesmediginde-marwa-el-sherbini\/"},"modified":"2022-09-10T08:04:25","modified_gmt":"2022-09-10T08:04:25","slug":"devlet-tepkisi-gerceklesmediginde-marwa-el-sherbini","status":"publish","type":"page","link":"https:\/\/doing-memory.de\/tr\/devlet-tepkisi-gerceklesmediginde-marwa-el-sherbini\/","title":{"rendered":"Devlet tepkisi ger\u00e7ekle\u015fmedi\u011finde &#8211; Marwa El-Sherbini"},"content":{"rendered":"\n<p>Marwa El-Sherbini&#8217;yi hat\u0131rl\u0131yoruz.  <strong>Youmna Fouad <\/strong>ve <strong>Katharina W\u00fcstefeld <\/strong>ile yapt\u0131\u011f\u0131m\u0131z s\u00f6yle\u015fide, resmi tepkilerin teredd\u00fctlerine, \u0131rk\u00e7\u0131 \u015fiddetin tetikledi\u011fi korkulara ve ayn\u0131 zamanda g\u00f6\u00e7men ve M\u00fcsl\u00fcmanlar\u0131n \u00f6z \u00f6rg\u00fctlenme deneyimlerine ve M\u00fcsl\u00fcman kar\u015f\u0131t\u0131 \u0131rk\u00e7\u0131l\u0131\u011f\u0131n diren\u00e7li tematikle\u015ftirilmesine \u0131\u015f\u0131k tutuyoruz.  <\/p>\n\n<iframe loading=\"lazy\" src=\"https:\/\/anchor.fm\/doing-memory\/embed\/episodes\/S1F09-Wenn-staatliche-Reaktion-ausbleibt--Marwa-El-Sherbini-e1i956h\" height=\"140px\" width=\"400px\" frameborder=\"0\" scrolling=\"no\"><\/iframe>\n\n<h4 class=\"wp-block-heading\">Olay<\/h4>\n\n<p>M\u0131s\u0131rl\u0131 atlet ve bilim insan\u0131 Marwa El-Sherbini, 1 Temmuz 2009 tarihinde, daha \u00f6nce kendisine ve \u00e7ocuklar\u0131na \u0131rk\u00e7\u0131 hakaretlerde bulunan bir adam taraf\u0131ndan \u00f6ld\u00fcr\u00fcld\u00fc. Dresden B\u00f6lge Mahkemesi&#8217;nde tan\u0131k olarak ifade veren kad\u0131n\u0131 b\u0131\u00e7aklad\u0131\u011f\u0131 i\u00e7in daha \u00f6nce ald\u0131\u011f\u0131 bir mahkumiyeti kabul etmek istemedi.  <\/p>\n\n<h4 class=\"wp-block-heading\">Edebiyat, ba\u011flant\u0131lar ve arka planlar<\/h4>\n\n<p> <a href=\"https:\/\/dresden-concept.de\/gesellschaft\/stipendien\/marwa-el-sherbini-stipendium\/\" target=\"_blank\" rel=\"noreferrer noopener\">Marwa El-Sherbini Bursu <\/a> hakk\u0131nda daha fazla bilgi  <\/p>\n\n<p>Web dok\u00fcmantasyonu Bize kar\u015f\u0131:<\/p>\n\n<p><a rel=\"noreferrer noopener\" href=\"https:\/\/gegenuns.de\/marwa-el-sherbini\/\" target=\"_blank\">Marwa El-Sherbini<\/a><br\/><a href=\"https:\/\/gegenuns.de\/jorge-gomondai\/\" target=\"_blank\" rel=\"noreferrer noopener\">Jorge Gomondai<\/a><\/p>\n\n<p>Thilo Sarrazin&#8217;in &#8220;Deutschland schafft sich ab&#8221; (Almanya kendini la\u011fvediyor) adl\u0131 kitab\u0131na at\u0131f<\/p>\n\n<p>Dresden&#8217;deki <a href=\"https:\/\/www.auslaenderrat.de\/arbeit-mit-frauen\/\" target=\"_blank\" rel=\"noreferrer noopener\">kad\u0131n bulu\u015fmas\u0131<\/a> hakk\u0131nda daha fazla bilgi  <\/p>\n\n<p>Marwa El-Sherbini&#8217;nin anma t\u00f6reni Gedenken.Erinnnern.Mahnen giri\u015fimi taraf\u0131ndan d\u00fczenlenmektedir.<\/p>\n\n<p> <a href=\"https:\/\/www.auslaenderrat.de\/\" target=\"_blank\" rel=\"noreferrer noopener\">Ausl\u00e4nderrat Dresden<\/a>&#8216;in \u00e7al\u0131\u015fmalar\u0131 hakk\u0131nda daha fazla bilgi  <\/p>\n\n<p>Bize kar\u015f\u0131: &#8220;<a href=\"https:\/\/gegenuns.de\/wp-content\/uploads\/2020\/12\/Interview-Huebler-Mahmood-Sperling-in-RAA-Sachsen-Toedliche-Realitaeten-2011.pdf\" target=\"_blank\" rel=\"noreferrer noopener\">Cinayetten sonra. Dresden&#8217;de M\u00fcsl\u00fcman kad\u0131nlar<\/a>&#8220;<\/p>\n\n<p><a rel=\"noreferrer noopener\" href=\"https:\/\/koefte-kosher.de\/\" target=\"_blank\">K\u00f6fte Ko\u015fer<\/a>: Gen\u00e7lik ve Anma Projesi  <\/p>\n\n<p>Vatanda\u015flar. Cesaret: Aksiyon<a href=\"http:\/\/www.buerger-courage.de\/de\/projekte\/abgeschlossen\/aktion18stiche2010\/\" target=\"_blank\" rel=\"noreferrer noopener\">&#8220;18 Stitches<\/a>&#8221; (2010)  <\/p>\n\n<p>Medya Sorumlulu\u011fu Enstit\u00fcs\u00fc: <a href=\"https:\/\/www.medienverantwortung.de\/wp-content\/uploads\/2009\/12\/20091215_Medien-MordAnMarwa.pdf\" target=\"_blank\" rel=\"noreferrer noopener\">Almanya, Avusturya ve \u0130svi\u00e7re&#8217;de Marwa El-Sherbini&#8217;nin \u0130slam kar\u015f\u0131t\u0131 motivasyonla \u00f6ld\u00fcr\u00fclmesinin medyada ele al\u0131n\u0131\u015f\u0131 \u00fczerine<\/a> <\/p>\n\n<p>Qantara: <a href=\"https:\/\/archive.ph\/20130212082440\/http:\/\/en.qantara.de\/webcom\/show_article.php\/_c-478\/_nr-970\/i.html\" target=\"_blank\" rel=\"noreferrer noopener\">Umutsuzca K\u00fclt\u00fcrleraras\u0131 Duyarl\u0131l\u0131k Aray\u0131\u015f\u0131<\/a>. Marwa El-Sherbini Davas\u0131na \u0130li\u015fkin Medya Ele\u015ftirisi  <\/p>\n\n<h4 class=\"wp-block-heading\">Katk\u0131da bulunanlar<\/h4>\n\n<p>Edit\u00f6rler: Tanja Thomas, Fabian Virchow ve Tobias Fernholz<br\/>Ortak fikir ve \u00fcretim: grasshopper kreativ<br\/>Moderat\u00f6r: Tanja Thomas ve Fabian Virchow<br\/>M\u00fczik: Martin Pfeilsticker ve Pia Fruth<\/p>\n\n<p>Etkinlik incelemesini T\u00fcbingen&#8217;deki Eberhard Karls \u00dcniversitesi ve D\u00fcsseldorf Uygulamal\u0131 Bilimler \u00dcniversitesi&#8217;nden y\u00fcksek lisans \u00f6\u011frencileri haz\u0131rlad\u0131.<\/p>\n\n<h5 class=\"wp-block-heading\">Etkinlik \u0130ncelemesi i\u00e7in katk\u0131da bulunanlar<\/h5>\n\n<p>O-Ton ba\u011f\u0131\u015f\u00e7\u0131lar\u0131: Olga Sperling ve Prof. Dr. Hanan Badr<br\/>Konu\u015fmac\u0131: Pia Fruth<br\/>Proje y\u00f6netimi: Rebecca Schnell<br\/>Ara\u015ft\u0131rma ve G\u00f6sterimler: Ataman Y\u0131ld\u0131r\u0131m ve Katharina Schnackertz<br\/>Storyboard ve seslendirme: Marvin Pfeifle<br\/>R\u00f6portajlar ve Kurgu Tamara Beck ve Vera Fuller<\/p>\n","protected":false},"excerpt":{"rendered":"<p>Marwa El-Sherbini&#8217;yi hat\u0131rl\u0131yoruz. Youmna Fouad ve Katharina W\u00fcstefeld ile yapt\u0131\u011f\u0131m\u0131z s\u00f6yle\u015fide, resmi tepkilerin teredd\u00fctlerine, \u0131rk\u00e7\u0131 \u015fiddetin tetikledi\u011fi korkulara ve ayn\u0131 zamanda g\u00f6\u00e7men ve M\u00fcsl\u00fcmanlar\u0131n \u00f6z \u00f6rg\u00fctlenme deneyimlerine ve M\u00fcsl\u00fcman kar\u015f\u0131t\u0131 \u0131rk\u00e7\u0131l\u0131\u011f\u0131n diren\u00e7li tematikle\u015ftirilmesine \u0131\u015f\u0131k tutuyoruz. Olay M\u0131s\u0131rl\u0131 atlet ve bilim insan\u0131 Marwa El-Sherbini, 1 Temmuz 2009 tarihinde, daha \u00f6nce kendisine ve \u00e7ocuklar\u0131na \u0131rk\u00e7\u0131 hakaretlerde bulunan [&hellip;]<\/p>\n","protected":false},"author":1,"featured_media":1272,"parent":0,"menu_order":0,"comment_status":"closed","ping_status":"closed","template":"","meta":{"footnotes":""},"class_list":["post-1322","page","type-page","status-publish","has-post-thumbnail","hentry"],"_links":{"self":[{"href":"https:\/\/doing-memory.de\/tr\/wp-json\/wp\/v2\/pages\/1322"}],"collection":[{"href":"https:\/\/doing-memory.de\/tr\/wp-json\/wp\/v2\/pages"}],"about":[{"href":"https:\/\/doing-memory.de\/tr\/wp-json\/wp\/v2\/types\/page"}],"author":[{"embeddable":true,"href":"https:\/\/doing-memory.de\/tr\/wp-json\/wp\/v2\/users\/1"}],"replies":[{"embeddable":true,"href":"https:\/\/doing-memory.de\/tr\/wp-json\/wp\/v2\/comments?post=1322"}],"version-history":[{"count":3,"href":"https:\/\/doing-memory.de\/tr\/wp-json\/wp\/v2\/pages\/1322\/revisions"}],"predecessor-version":[{"id":1325,"href":"https:\/\/doing-memory.de\/tr\/wp-json\/wp\/v2\/pages\/1322\/revisions\/1325"}],"wp:featuredmedia":[{"embeddable":true,"href":"https:\/\/doing-memory.de\/tr\/wp-json\/wp\/v2\/media\/1272"}],"wp:attachment":[{"href":"https:\/\/doing-memory.de\/tr\/wp-json\/wp\/v2\/media?parent=1322"}],"curies":[{"name":"wp","href":"https:\/\/api.w.org\/{rel}","templated":true}]}}