{"id":1039,"date":"2021-01-15T03:45:46","date_gmt":"2021-01-15T03:45:46","guid":{"rendered":"https:\/\/doing-memory.de\/damga\/"},"modified":"2022-04-26T15:11:16","modified_gmt":"2022-04-26T15:11:16","slug":"damga","status":"publish","type":"page","link":"https:\/\/doing-memory.de\/tr\/damga\/","title":{"rendered":"Damga"},"content":{"rendered":"\n<h2 class=\"wp-block-heading\">\u00a7 5 TMG&#8217;ye g\u00f6re<\/h2>\n\n<p>Eberhard-Karls-Universit\u00e4t T\u00fcbingen<br\/>Geschwister-Scholl-Platz<br\/>72074 T\u00fcbingen<br\/>\u0130le temsil edilen:<br\/>Prof. Dr. Tanja Thomas<br\/>Temas<br\/>Telefon: +49 (0) 7071 29 -76816<br\/>E-posta: tanja.thomas[at] uni-tuebingen.de<\/p>\n\n<h2 class=\"wp-block-heading\">Editoryal sorumluluk<\/h2>\n\n<p>Prof. Dr. Tanja Thomas<br\/>Eberhard-Karls-Universit\u00e4t T\u00fcbingen<br\/>Institut f\u00fcr Medienwissenschaft<br\/>Wilhelmstra\u00dfe 50<br\/>72074 T\u00fcbingen<\/p>\n\n<h2 class=\"wp-block-heading\">Verbraucherstreitbeilegung\/ Universalschlichtungsstelle<\/h2>\n\n<p>Wir sind nicht verpflichtet oder bereit, an Streitbeilegungsverfahren vor einerVerbraucherschlichtungsstelle teilzunehmen.<\/p>\n","protected":false},"excerpt":{"rendered":"<p>\u00a7 5 TMG&#8217;ye g\u00f6re Eberhard-Karls-Universit\u00e4t T\u00fcbingenGeschwister-Scholl-Platz72074 T\u00fcbingen\u0130le temsil edilen:Prof. Dr. Tanja ThomasTemasTelefon: +49 (0) 7071 29 -76816E-posta: tanja.thomas[at] uni-tuebingen.de Editoryal sorumluluk Prof. Dr. Tanja ThomasEberhard-Karls-Universit\u00e4t T\u00fcbingenInstitut f\u00fcr MedienwissenschaftWilhelmstra\u00dfe 5072074 T\u00fcbingen Verbraucherstreitbeilegung\/ Universalschlichtungsstelle Wir sind nicht verpflichtet oder bereit, an Streitbeilegungsverfahren vor einerVerbraucherschlichtungsstelle teilzunehmen.<\/p>\n","protected":false},"author":1,"featured_media":0,"parent":0,"menu_order":0,"comment_status":"closed","ping_status":"closed","template":"","meta":{"footnotes":""},"class_list":["post-1039","page","type-page","status-publish","hentry"],"_links":{"self":[{"href":"https:\/\/doing-memory.de\/tr\/wp-json\/wp\/v2\/pages\/1039"}],"collection":[{"href":"https:\/\/doing-memory.de\/tr\/wp-json\/wp\/v2\/pages"}],"about":[{"href":"https:\/\/doing-memory.de\/tr\/wp-json\/wp\/v2\/types\/page"}],"author":[{"embeddable":true,"href":"https:\/\/doing-memory.de\/tr\/wp-json\/wp\/v2\/users\/1"}],"replies":[{"embeddable":true,"href":"https:\/\/doing-memory.de\/tr\/wp-json\/wp\/v2\/comments?post=1039"}],"version-history":[{"count":3,"href":"https:\/\/doing-memory.de\/tr\/wp-json\/wp\/v2\/pages\/1039\/revisions"}],"predecessor-version":[{"id":1042,"href":"https:\/\/doing-memory.de\/tr\/wp-json\/wp\/v2\/pages\/1039\/revisions\/1042"}],"wp:attachment":[{"href":"https:\/\/doing-memory.de\/tr\/wp-json\/wp\/v2\/media?parent=1039"}],"curies":[{"name":"wp","href":"https:\/\/api.w.org\/{rel}","templated":true}]}}