{"id":1035,"date":"2022-04-04T10:35:02","date_gmt":"2022-04-04T10:35:02","guid":{"rendered":"https:\/\/doing-memory.de\/faillerin-ve-magdurlarin-tersine-doenuestueruelmesi-shlomo-levin-ve-frida-poeschke-cinayetinin-anilmasi\/"},"modified":"2022-05-19T11:58:24","modified_gmt":"2022-05-19T11:58:24","slug":"faillerin-ve-magdurlarin-tersine-doenuestueruelmesi-shlomo-levin-ve-frida-poeschke-cinayetinin-anilmasi","status":"publish","type":"page","link":"https:\/\/doing-memory.de\/tr\/faillerin-ve-magdurlarin-tersine-doenuestueruelmesi-shlomo-levin-ve-frida-poeschke-cinayetinin-anilmasi\/","title":{"rendered":"Faillerin ve ma\u011fdurlar\u0131n tersine d\u00f6n\u00fc\u015ft\u00fcr\u00fclmesi \u2013 Shlomo Levin ve Frida Poeschke cinayetinin an\u0131lmas\u0131"},"content":{"rendered":"\n<p>Bu podcast b\u00f6l\u00fcm\u00fc Shlomo Lewin ve Frida Poeschke&#8217;nin \u00f6ld\u00fcr\u00fclmesi an\u0131s\u0131nad\u0131r. Konuklar, <strong>\u201cinisiyatif ele\u015ftirel anma t\u00f6reninden\u201d Anna<\/strong> ve Berlin Teknik \u00dcniversitesi Antisemitizm Ara\u015ft\u0131rma Merkezi ba\u015fkan yard\u0131mc\u0131s\u0131 <strong>Uffa Jensen<\/strong>&#8216;dir. Konu\u015fma, di\u011fer \u015feylerin yan\u0131 s\u0131ra, failleri kurbanlara d\u00f6n\u00fc\u015ft\u00fcrmek ve \u015fiddet eyleminin tedavisi ve medya haberlerinde su\u00e7 i\u00e7in anti-semitik g\u00fcd\u00fc temas\u0131ndan ar\u0131nd\u0131r\u0131lmas\u0131 etraf\u0131nda d\u00f6n\u00fcyor.<\/p>\n\n<iframe loading=\"lazy\" src=\"https:\/\/anchor.fm\/doing-memory\/embed\/episodes\/S1F07-Umkehr-von-Tter-und-Opfer--Erinnerung-an-die-Ermordung-von-Shlomo-Lewin-und-Frida-Poeschke-e1hcg92\" height=\"140px\" width=\"400px\" frameborder=\"0\" scrolling=\"no\"><\/iframe>\n\n<h4 class=\"wp-block-heading\">Olay<\/h4>\n\n<p>19 Aral\u0131k 1980 ak\u015fam\u0131, Haham Shlomo Lewin ve orta\u011f\u0131 Frida Poeschke, Erlangen&#8217;deki evlerinde bir neo-Nazi taraf\u0131ndan vurularak \u00f6ld\u00fcr\u00fcld\u00fc. G\u00fc\u00e7l\u00fc do\u011frudan kan\u0131tlar yerel neo-Nazi sahnesine i\u015faret etse de, bu Yahudi kar\u015f\u0131t\u0131 cinayetten sonra polis \u00f6nce \u00f6l\u00fclere yak\u0131n olanlar\u0131 ara\u015ft\u0131r\u0131r; Lewin ve Poeschke de bir\u00e7ok medya tasvirinde d\u00fcr\u00fcst olmayan ki\u015filer olarak kar\u015f\u0131m\u0131za \u00e7\u0131k\u0131yor. Tek fail olarak s\u0131n\u0131fland\u0131r\u0131lan, a\u015f\u0131r\u0131 sa\u011fc\u0131 Wehrsportgruppe Hoffmann&#8217;\u0131n (WSG) bir \u00fcyesi olan katil, yurt d\u0131\u015f\u0131na ka\u00e7abilirdi. <\/p>\n\n<p>Cinayet kurban\u0131 Shlomo Lewin&#8217;in \u00f6l\u00fcm\u00fcnden sonra alenen karalanmas\u0131 ve a\u015f\u0131r\u0131 sa\u011fc\u0131 Karl-Heinz Hoffmann taraf\u0131ndan Yahudi aleyhtar\u0131 komplo anlat\u0131s\u0131n\u0131n haz\u0131rlanmas\u0131 da dahil olmak \u00fczere, bu olaylar 2011&#8217;den beri Ulrich Chaussy taraf\u0131ndan H\u0131ristiyan Yahudi Ortakl\u0131k Sosyetesi ve Erlangen \u015fehri ad\u0131na ara\u015ft\u0131r\u0131lm\u0131\u015f ve a\u00e7\u0131\u011fa \u00e7\u0131kar\u0131lm\u0131\u015ft\u0131r. \u201cOktoberfest. Das Attentat. Wie die Verdr\u00e4ngung des Rechtsterrors begann\u201d ve \u201eDas Oktoberfestattentat und der Doppelmord von Erlangen. Wie Rechtsterrorismus und Antisemitismus seit 1980 verdr\u00e4ngt werden\u201c (2020) adl\u0131 kitaplar\u0131nda ayr\u0131nt\u0131lar okunabilir.<\/p>\n\n<p>Sosyal Bilimler Ara\u015ft\u0131rma, E\u011fitim ve Dan\u0131\u015fmanl\u0131k Enstit\u00fcs\u00fc (ISFBB)&#8217;nin nazik izniyle Shlomo Lewin&#8217;in konu\u015fmas\u0131n\u0131n kullan\u0131lmas\u0131. <\/p>\n\n<h4 class=\"wp-block-heading\">Edebiyat, ba\u011flant\u0131lar ve arka planlar<\/h4>\n\n<p>Website der \u201e<a href=\"https:\/\/kritischesgedenken.de\/\">initiative kritisches gedenken erlangen<\/a>\u201c<\/p>\n\n<p>Uffa Jensen (2022): \u201e<a href=\"https:\/\/www.suhrkamp.de\/epub\/uffa-jensen-ein-antisemitischer-doppelmord-t-9783518769461\">Ein antisemitischer Doppelmord \u2013 die vergessene Geschichte des Rechtsterrorismus in der Bundesrepublik<\/a>\u201c. Kitab\u0131n bas\u0131m\u0131 ertelenmi\u015ftir. 22 Eyl\u00fcl 2022&#8217;de Suhrkamp-Verlag taraf\u0131ndan yay\u0131nlanacak.<\/p>\n\n<p>Website der <a href=\"https:\/\/jkgerlangen.de\/\">J\u00fcdischen Kultusgemeinde Erlangen<\/a><\/p>\n\n<p>Das Interview mit Paul Spiegel ist zu sehen im Dokumentarfilm \u201e<a href=\"https:\/\/www.youtube.com\/watch?v=BDK88KaFK9U\">Propaganda, Hass, Mord. Die Geschichte des Rechten Terrors<\/a>\u201c, Erstausstrahlung: ARD, 26.3.2012, abrufbar \u00fcber Youtube.<\/p>\n\n<p>26 Eyl\u00fcl 1980&#8217;de M\u00fcnih&#8217;teki Oktoberfest&#8217;in ana giri\u015finde a\u015f\u0131r\u0131 sa\u011fc\u0131 bir ter\u00f6rist sald\u0131r\u0131s\u0131nda el yap\u0131m\u0131 bir bomban\u0131n patlamas\u0131 sonucu 13 ki\u015fi hayat\u0131n\u0131 kaybetti.<\/p>\n\n<p>22 A\u011fustos 1980&#8217;de, iki Vietnaml\u0131 Nguy\u1ec5n Ng\u1ecdc Ch\u00e2u ve \u0110\u1ed7 Anh L\u00e2n, Hamburg-Billbrook&#8217;taki Halskestrasse&#8217;deki m\u00fclteciler i\u00e7in ge\u00e7ici bir eve yap\u0131lan kundaklama sald\u0131r\u0131s\u0131nda \u00f6ld\u00fc. Eylem, neo-Nazi ter\u00f6r \u00f6rg\u00fct\u00fc Alman eylem gruplar\u0131n\u0131n \u00fcyeleri taraf\u0131ndan ger\u00e7ekle\u015ftirildi. Federal Almanya Cumhuriyeti tarihindeki ilk \u0131rk\u00e7\u0131 cinayetlerden biri olarak kabul ediliyor.<\/p>\n\n<p>\u0130ki Vietnaml\u0131 m\u00fcltecinin \u00f6ld\u00fcr\u00fclmesi, <a href=\"https:\/\/open.spotify.com\/episode\/7mymGbOGT3guNQnuB4ZRnP?si=9b5e09145e424fd7\">Rice ve Shine taraf\u0131ndan<\/a> da g\u00fcndeme getirildi.<\/p>\n\n<p>Cinayet, karakter suikast\u0131 ve Shlomo Lewin ve Frida Poeschke hakk\u0131nda genel bilgiler:<\/p>\n\n<p><a href=\"https:\/\/www.cilip.de\/2020\/12\/17\/blaming-the-victims-der-antisemitische-doppelmord-in-erlangen-1980-und-die-ermittler\/\">Ronen Steinke<\/a> cinayet ve soru\u015fturma hakk\u0131nda<\/p>\n\n<p><a href=\"https:\/\/www.amadeu-antonio-stiftung.de\/ermordet-von-haenden-von-boesewichten-der-mord-an-shlomo-lewin-und-frida-poeschke-64583\/\">Blumenthaler<\/a> , Lewin&#8217;in hayat\u0131, Hoffmann askeri spor grubu, cinayet ve soru\u015fturmalar hakk\u0131nda<\/p>\n\n<p>S\u00fcddeutsche Zeitung&#8217;da Przybilla ve Ramelsberger&#8217;in \u201c <a href=\"https:\/\/www.sueddeutsche.de\/bayern\/erlangen-doppelmord-1980-justizgeschichte-1.5152017\">Erlangen Travmas\u0131\u201d ile<\/a> ilgili makalesi<\/p>\n\n<p>Shlomo Lewin ve Frida Poeschke&#8217;nin an\u0131s\u0131na:<\/p>\n\n<p><a href=\"https:\/\/www.erlangen.de\/desktopdefault.aspx\/tabid-2096\/\">Stadt Erlangen<\/a><\/p>\n\n<p><a href=\"https:\/\/www.erlangen.de\/Portaldata\/1\/Resources\/080_stadtverwaltung\/dokumente\/sonstiges\/WdB2011Veroeffentlichung_Redebeitraege_Internet.pdf\">Redebeitrag<\/a> zur Woche der Br\u00fcderlichkeit, unter anderem von Ulrich Chaussy<\/p>\n\n<p><a href=\"https:\/\/www.juedische-allgemeine.de\/politik\/40-jahre-nach-den-morden\/\">Artikel<\/a> der J\u00fcdischen Allgemeinen Zeitung zur 40. J\u00e4hrung des Doppelmords<\/p>\n\n<p>Anti-Semitizm ve sa\u011f ter\u00f6rizmin s\u00fcreklili\u011fi konusunda:<\/p>\n\n<p><a href=\"https:\/\/podcast.dissenspodcast.de\/84-steinke\">Dissens-Podcast<\/a> mit dem Gast Ronen Steinke<\/p>\n\n<p>Ronen Steinke im Gespr\u00e4ch mit Philipp Schnee in dem Audiost\u00fcck \u201e<a href=\"https:\/\/www.deutschlandfunkkultur.de\/mordfall-shlomo-lewin-lehrbeispiel-fuer-den-umgang-mit.976.de.html?dram:article_id=489559\">Lehrbeispiel f\u00fcr den Umgang mit rechtem Terror<\/a>\u201c<\/p>\n\n<p>Wehrsportgruppe Hoffmann (WSG)&#8217;in \u015fiddet eylemleri hakk\u0131nda:<\/p>\n\n<p>A\u015f\u0131r\u0131 sa\u011fc\u0131, paramiliter Wehrsportgruppe Hoffmann (WSG) 1973&#8217;te Karl-Heinz Hoffmann taraf\u0131ndan kuruldu ve 400&#8217;e kadar \u00fcyeden olu\u015fuyordu. WSG sa\u011fc\u0131 ter\u00f6rle ba\u011flant\u0131l\u0131d\u0131r, bu nedenle Lewin ve Poeschke&#8217;nin katilleri ve ayn\u0131 y\u0131l ger\u00e7ekle\u015fen Oktoberfest sald\u0131r\u0131s\u0131n\u0131n bombac\u0131s\u0131 WSG \u00e7emberine aitti. <\/p>\n\n<p>Buch von Ulrich Chaussy \u201cDas Oktoberfest-Attentat und der Doppelmord von Erlangen: Wie Rechtsterrorismus und Antisemitismus seit 1980 verdr\u00e4ngt werden\u201d (2020)<\/p>\n\n<h4 class=\"wp-block-heading\">Katk\u0131da bulunanlar<\/h4>\n\n<p>Edit\u00f6rler: Tanja Thomas, Fabian Virchow ve Tobias Fernholz<br\/>Ortak fikir ve \u00fcretim: grasshopper kreativ<br\/>Moderat\u00f6r: Tanja Thomas ve Fabian Virchow<br\/>M\u00fczik: Martin Pfeilsticker ve Pia Fruth<\/p>\n\n<p>Etkinlik incelemesini T\u00fcbingen&#8217;deki Eberhard Karls \u00dcniversitesi ve D\u00fcsseldorf Uygulamal\u0131 Bilimler \u00dcniversitesi&#8217;nden y\u00fcksek lisans \u00f6\u011frencileri haz\u0131rlad\u0131.<\/p>\n\n<h5 class=\"wp-block-heading\">Etkinlik \u0130ncelemesi i\u00e7in katk\u0131da bulunanlar<\/h5>\n\n<p>Orijinal ses sa\u011flay\u0131c\u0131lar: Erlangen Ele\u015ftirel Anma Giri\u015fimi Temsilcisi Sebastian Wehrhahn<br\/>Konu\u015fmac\u0131lar: Pia Fruth und Daniel Jacob<br\/>Proje Y\u00f6netimi: Carolin Wenzel<br\/>Ara\u015ft\u0131rma ve G\u00f6steri notlar\u0131: Jana Machacek &amp; Luisa Simon<br\/>Hikaye panosu ve Konu\u015fma metni: Julia Glass &amp; Joerg M\u00fcller<br\/>R\u00f6portaj ve d\u00fczenleme: Daniel Jacob<br\/>Al\u0131nt\u0131: Anna Siemen<\/p>\n","protected":false},"excerpt":{"rendered":"<p>Bu podcast b\u00f6l\u00fcm\u00fc Shlomo Lewin ve Frida Poeschke&#8217;nin \u00f6ld\u00fcr\u00fclmesi an\u0131s\u0131nad\u0131r. Konuklar, \u201cinisiyatif ele\u015ftirel anma t\u00f6reninden\u201d Anna ve Berlin Teknik \u00dcniversitesi Antisemitizm Ara\u015ft\u0131rma Merkezi ba\u015fkan yard\u0131mc\u0131s\u0131 Uffa Jensen&#8216;dir. Konu\u015fma, di\u011fer \u015feylerin yan\u0131 s\u0131ra, failleri kurbanlara d\u00f6n\u00fc\u015ft\u00fcrmek ve \u015fiddet eyleminin tedavisi ve medya haberlerinde su\u00e7 i\u00e7in anti-semitik g\u00fcd\u00fc temas\u0131ndan ar\u0131nd\u0131r\u0131lmas\u0131 etraf\u0131nda d\u00f6n\u00fcyor. Olay 19 Aral\u0131k 1980 ak\u015fam\u0131, [&hellip;]<\/p>\n","protected":false},"author":1,"featured_media":932,"parent":0,"menu_order":0,"comment_status":"closed","ping_status":"closed","template":"","meta":{"footnotes":""},"class_list":["post-1035","page","type-page","status-publish","has-post-thumbnail","hentry"],"_links":{"self":[{"href":"https:\/\/doing-memory.de\/tr\/wp-json\/wp\/v2\/pages\/1035"}],"collection":[{"href":"https:\/\/doing-memory.de\/tr\/wp-json\/wp\/v2\/pages"}],"about":[{"href":"https:\/\/doing-memory.de\/tr\/wp-json\/wp\/v2\/types\/page"}],"author":[{"embeddable":true,"href":"https:\/\/doing-memory.de\/tr\/wp-json\/wp\/v2\/users\/1"}],"replies":[{"embeddable":true,"href":"https:\/\/doing-memory.de\/tr\/wp-json\/wp\/v2\/comments?post=1035"}],"version-history":[{"count":9,"href":"https:\/\/doing-memory.de\/tr\/wp-json\/wp\/v2\/pages\/1035\/revisions"}],"predecessor-version":[{"id":1243,"href":"https:\/\/doing-memory.de\/tr\/wp-json\/wp\/v2\/pages\/1035\/revisions\/1243"}],"wp:featuredmedia":[{"embeddable":true,"href":"https:\/\/doing-memory.de\/tr\/wp-json\/wp\/v2\/media\/932"}],"wp:attachment":[{"href":"https:\/\/doing-memory.de\/tr\/wp-json\/wp\/v2\/media?parent=1035"}],"curies":[{"name":"wp","href":"https:\/\/api.w.org\/{rel}","templated":true}]}}