{"id":1031,"date":"2022-04-03T17:00:41","date_gmt":"2022-04-03T17:00:41","guid":{"rendered":"https:\/\/doing-memory.de\/magdur-olmaya-indirgenmek-blanka-zmigrod-cinayeti\/"},"modified":"2022-12-01T10:29:13","modified_gmt":"2022-12-01T10:29:13","slug":"magdur-olmaya-indirgenmek-blanka-zmigrod-cinayeti","status":"publish","type":"page","link":"https:\/\/doing-memory.de\/tr\/magdur-olmaya-indirgenmek-blanka-zmigrod-cinayeti\/","title":{"rendered":"Ma\u011fdur olmaya indirgenmek \u2013 Blanka Zmigrod cinayeti"},"content":{"rendered":"\n<p>Bu b\u00f6l\u00fcm, Holokost&#8217;tan kurtulan ve Frankfurt&#8217;lu i\u015f kad\u0131n\u0131 Blanka Zmigrod&#8217;u an\u0131yor. Misafirlerimiz <strong>Ruben Gerzikow<\/strong> ve <strong>Marina Schulz<\/strong> , sa\u011fdan gelen bir \u015fiddet eyleminden y\u0131llar sonra bile hat\u0131rlaman\u0131n olanaklar\u0131ndan, Yahudi ya\u015fam yollar\u0131n\u0131n \u00e7e\u015fitlili\u011finden ve failin sa\u011fc\u0131 ideolojisinin temalardan ar\u0131nd\u0131r\u0131lmas\u0131ndan s\u00f6z ediyor. yarg\u0131. <\/p>\n\n<iframe loading=\"lazy\" src=\"https:\/\/anchor.fm\/doing-memory\/embed\/episodes\/S1F06-Aufs-Opfersein-reduziert--die-Ermordung-von-Blanka-Zmigrod-e1hb479\" height=\"140px\" width=\"400px\" frameborder=\"0\" scrolling=\"no\"><\/iframe>\n\n<h4 class=\"wp-block-heading\">Olay<\/h4>\n\n<div class=\"wp-block-media-text alignwide is-stacked-on-mobile\"><figure class=\"wp-block-media-text__media\"><img loading=\"lazy\" decoding=\"async\" width=\"1024\" height=\"1024\" src=\"http:\/\/doing-memory.de\/wp-content\/uploads\/2022\/04\/zmigrod-gedenktafel_Ruben-Gerczikow_optimiert_1500-1024x1024.png\" alt=\"Su\u00e7 mahallinde Blanka Zmigrod i\u00e7in an\u0131t plaket. Kaynak: R. Gerczikow.\" class=\"wp-image-717 size-full\" srcset=\"https:\/\/doing-memory.de\/wp-content\/uploads\/2022\/04\/zmigrod-gedenktafel_Ruben-Gerczikow_optimiert_1500-1024x1024.png 1024w, https:\/\/doing-memory.de\/wp-content\/uploads\/2022\/04\/zmigrod-gedenktafel_Ruben-Gerczikow_optimiert_1500-300x300.png 300w, https:\/\/doing-memory.de\/wp-content\/uploads\/2022\/04\/zmigrod-gedenktafel_Ruben-Gerczikow_optimiert_1500-150x150.png 150w, https:\/\/doing-memory.de\/wp-content\/uploads\/2022\/04\/zmigrod-gedenktafel_Ruben-Gerczikow_optimiert_1500-768x768.png 768w, https:\/\/doing-memory.de\/wp-content\/uploads\/2022\/04\/zmigrod-gedenktafel_Ruben-Gerczikow_optimiert_1500-1200x1200.png 1200w, https:\/\/doing-memory.de\/wp-content\/uploads\/2022\/04\/zmigrod-gedenktafel_Ruben-Gerczikow_optimiert_1500.png 1500w\" sizes=\"(max-width: 1024px) 100vw, 1024px\" \/><\/figure><div class=\"wp-block-media-text__content\">\n<p class=\"has-large-font-size\">Yahudi ve Shoa&#8217;dan sa\u011f kurtulan Blanka, 68 ya\u015f\u0131nda, 23 \u015eubat 1992&#8217;de Frankfurt am Main&#8217;de i\u015ften eve d\u00f6nerken \u0130sve\u00e7li bir neo-Nazi taraf\u0131ndan vurularak \u00f6ld\u00fcr\u00fcld\u00fc. <\/p>\n\n\n\n<p class=\"has-large-font-size\">Blanka Zmigrod&#8217;un \u00f6ld\u00fcr\u00fclmesine uzun s\u00fcre \u00e7ok az ilgi g\u00f6sterildi. 2018 y\u0131l\u0131nda mahkeme, su\u00e7luyu m\u00fcebbet hapis cezas\u0131na \u00e7arpt\u0131rd\u0131. Son zamanlarda resmi bir an\u0131t sitenin kurulmas\u0131na yol a\u00e7an faaliyetler artm\u0131\u015ft\u0131r.<\/p>\n<\/div><\/div>\n\n<h4 class=\"wp-block-heading\">Edebiyat, ba\u011flant\u0131lar ve arka planlar<\/h4>\n\n<p><a href=\"https:\/\/www.change.org\/p\/oberb%C3%BCrgermeister-der-stadt-frankfurt-peter-feldmann-ein-denkmal-f%C3%BCr-die-shoa-%C3%BCberlebende-blanka-zmigrod\">Petition auf change.org<\/a> von Ruben Gerczikow<\/p>\n\n<p><a href=\"https:\/\/www.instagram.com\/laumer_lounge\/?hl=de\">Laumer Lounge<\/a> von Ruben Gerczikow und Monty Ott auf Instagram<\/p>\n\n<p>Ronen Steinke (2020): <a href=\"https:\/\/www.bpb.de\/shop\/buecher\/schriftenreihe\/337343\/terror-gegen-juden\/\">Terror gegen Juden<\/a> &#8211; Wie antisemitische Gewalt erstarkt und der Staat versagt &#8211; Eine Anklage. Berlin: Piper Verlag.<\/p>\n\n<p><a href=\"https:\/\/neofelis-verlag.de\/verlagsprogramm\/reihen\/jalta\">Magazin Jalta<\/a> \u2013 Positionen zur j\u00fcdischen Gegenwart<\/p>\n\n<p><a href=\"https:\/\/www.basehillel.de\/programs\/festival-of-resilience\">Website<\/a> des Festival Of Resilience<\/p>\n\n<p>Kutlu Yurtseven, K\u00f6ln grubu Microphone Mafia&#8217;da bir rap\u00e7i, \u00f6\u011fretmen, sosyal hizmet uzman\u0131 olarak, K\u00f6ln tiyatrosunda Keupstrasse \u00fc\u00e7lemesine katk\u0131da bulunuyor. M\u00fczi\u011fiyle ve bir aktivist olarak, aktif bir anma k\u00fclt\u00fcr\u00fc i\u00e7in ve \u0131rk\u00e7\u0131l\u0131\u011fa kar\u015f\u0131 kampanya y\u00fcr\u00fct\u00fcyor. \u015eahin \u00c7al\u0131\u015f\u0131r ile ilgili <a href=\"https:\/\/doing-memory.de\/tr\/hatirlamak-icin-gueclue-bir-muecadele-sahin-calisir\/\" target=\"_blank\" rel=\"noreferrer noopener\">podcast b\u00f6l\u00fcm\u00fcnde<\/a> de konu\u015fuyor.<\/p>\n\n<p>\u201cHannibal\u201d a\u011f\u0131, Bundeswehr (Alman Silahl\u0131 Kuvvetleri), polis ve Anayasay\u0131 Koruma Dairesi \u00fcyeleriyle, s\u00f6zde haz\u0131rlay\u0131c\u0131lar\u0131n \u201cX G\u00fcn\u00fc\u201d i\u00e7in haz\u0131rland\u0131\u011f\u0131 sa\u011fc\u0131 bir sohbet grubuydu. Uniter e.V. derne\u011fi de sivillere askeri taktikler \u00f6\u011fretmek i\u00e7in kurulmu\u015ftu.<\/p>\n\n<p>Blanka Zmigrod hakk\u0131nda daha fazla bilgi:<del><a href=\"https:\/\/www.facebook.com\/ZDFAktenzeichenXY\/videos\/xy-retro-mord-an-der-garderobenfrau\/832947967509292\/\"><br\/><\/a><\/del><a href=\"https:\/\/www.amadeu-antonio-stiftung.de\/todesopfer-rechter-gewalt\/blanka-zmigrod-verdachtsfall\/\">Amadeu-Antonio-Stiftung<br\/><\/a><a href=\"https:\/\/www.antifainfoblatt.de\/artikel\/sp%C3%A4tes-urteil-f%C3%BCr-den-lasermannen#footnote1_4retfx9\">Antifa Infoblatt<br\/><\/a><a href=\"https:\/\/www.juedische-allgemeine.de\/politik\/der-tod-der-blanka-z\/\">J\u00fcdische Allgemeine<br\/><\/a><a href=\"https:\/\/taz.de\/Ermordete-Shoah-Ueberlebende\/!5743803\/\">TAZ<\/a><\/p>\n\n<p>Anma k\u00fclt\u00fcr\u00fcyle ilgili ba\u011flant\u0131lar:<br\/><a href=\"https:\/\/www.fr.de\/frankfurt\/frankfurt-ein-gedenkort-fuer-blanka-zmigrod-90176759.html\">Frankfurter Rundschau<br\/><\/a><a href=\"https:\/\/www.hessenschau.de\/kultur\/student-kaempft-in-frankfurt-fuer-gedenken-an-ermordete-juedin,andenken-blanka-zmigrod-100.html\">Hessenschau<br\/><\/a><a href=\"https:\/\/www.hr-fernsehen.de\/sendungen-a-z\/maintower\/sendungen\/gedenken-an-blanka-zmigrod,video-144484.html\">hr fernsehen<\/a><\/p>\n\n<p>Fail aleyhine a\u00e7\u0131lan davaya ili\u015fkin bilgiler:<br\/><a href=\"https:\/\/www.faz.net\/aktuell\/rhein-main\/prozess-gegen-lasermann-john-ausonius-15334800.html\">FAZ<br\/><\/a><a href=\"https:\/\/hessen.nsu-watch.info\/prozesse\/laserman\/\">NSU Watch Hessen<br\/><\/a><a href=\"https:\/\/www.spiegel.de\/panorama\/justiz\/frankfurt-lasermann-john-ausonius-sagt-im-mordprozess-aus-a-1182881.html\">Spiegel<br\/><\/a><a href=\"https:\/\/www.sueddeutsche.de\/panorama\/frankfurt-lasermann-steht-25-jahre-nach-bluttat-vor-gericht-1.3789800\">S\u00fcddeutsche<\/a><\/p>\n\n<p>Kurulu\u015flar, dernekler, kurumlar:<br\/>J\u00fcdisch &amp; Intersektional, Initiative f\u00fcr j\u00fcdische Bildungsarbeit<br\/>J\u00fcdisches Museum Frankfurt<br\/>Bildungsst\u00e4tte Anne Frank<br\/>Zentralrat der Juden in Deutschland<br\/>Amadeu-Antonio-Stiftung<br\/>Verband der Beratungsstellen f\u00fcr betroffene Rechter, rassistischer und antisemitischer Gewalt e.V.<br\/>NSU Watch<\/p>\n\n<p>Anti-Semitizm ve sa\u011fc\u0131 \u015fiddet \u00fczerine podcast&#8217;ler:<br\/>de:hate<br\/>F\u00fcnf Folgen \u00fcber Extremismus &#8211; <a href=\"https:\/\/www.bpb.de\/mediathek\/314098\/fuenf-folgen-ueber-extremismus-folge-4-antisemitismus\">Folge 4: Antisemitismus<br\/><\/a>BR Podcast <a href=\"https:\/\/www.br.de\/kultur\/rechter-terror-podcast-rechtsextremismus-oktoberfestattentat-nsu-halle-gewalt-100.html\">Rechter Terror<br\/><\/a>Podcastserie von NSU Watch und VBRG e.V. <a href=\"https:\/\/verband-brg.de\/podcast\/\">Vor Ort \u2013 gegen Rassismus, Antisemitismus und rechte Gewalt<\/a><\/p>\n\n<h4 class=\"wp-block-heading\">Katk\u0131da bulunanlar<\/h4>\n\n<p>Edit\u00f6rler: Tanja Thomas, Fabian Virchow ve Tobias Fernholz<br\/>Ortak fikir ve \u00fcretim: grasshopper kreativ<br\/>Moderat\u00f6r: Tanja Thomas ve Fabian Virchow<br\/>M\u00fczik: Martin Pfeilsticker ve Pia Fruth<\/p>\n\n<p>Kapak foto\u011fraf\u0131: Foto\u011fraf <a rel=\"noreferrer noopener\" href=\"https:\/\/de.indymedia.org\/node\/18493\" target=\"_blank\">Indymedia<\/a> , CC BY-SA 3.0 DE, grasshopper kreativ&#8217;dan k\u0131rpma ve renk d\u00fczenleme.<\/p>\n\n<p>Makaledeki resim: R. Gerczikow.<\/p>\n\n<p>Etkinlik incelemesini T\u00fcbingen&#8217;deki Eberhard Karls \u00dcniversitesi ve D\u00fcsseldorf Uygulamal\u0131 Bilimler \u00dcniversitesi&#8217;nden y\u00fcksek lisans \u00f6\u011frencileri haz\u0131rlad\u0131.<\/p>\n\n<h5 class=\"wp-block-heading\">Etkinlik \u0130ncelemesi i\u00e7in katk\u0131da bulunanlar<\/h5>\n\n<p>Orijinal ses sa\u011flay\u0131c\u0131lar: Nathalie Friedlender &amp; Ruben Gerczikow <br\/>Konu\u015fmac\u0131: Pia Fruth<br\/>Proje M\u00fcd\u00fcr\u00fc: Tran Trieu<br\/>Hikaye panosu ve Konu\u015fma metni: Sophie Gurland<br\/>R\u00f6portaj ve d\u00fczenleme: Carolin Hoos<br\/>G\u00f6steri notlar\u0131: Lea Rodenburg<br\/>Al\u0131nt\u0131: Celine Desel und Anna Warnholz<\/p>\n\n<p>Bu podcast, Tanja Thomas, Matthias Lorenz ve Fabian Virchow taraf\u0131ndan bellek k\u00fclt\u00fcr\u00fc alan\u0131nda disiplinler aras\u0131 bir proje olan Doing Memory&#8217;nin bir par\u00e7as\u0131 olarak olu\u015fturuldu. &#8220;Haf\u0131za Yapmak&#8221; projesi VolkswagenStiftung (Volkswagen Vakf\u0131) taraf\u0131ndan finanse edildi. <\/p>\n","protected":false},"excerpt":{"rendered":"<p>Bu b\u00f6l\u00fcm, Holokost&#8217;tan kurtulan ve Frankfurt&#8217;lu i\u015f kad\u0131n\u0131 Blanka Zmigrod&#8217;u an\u0131yor. Misafirlerimiz Ruben Gerzikow ve Marina Schulz , sa\u011fdan gelen bir \u015fiddet eyleminden y\u0131llar sonra bile hat\u0131rlaman\u0131n olanaklar\u0131ndan, Yahudi ya\u015fam yollar\u0131n\u0131n \u00e7e\u015fitlili\u011finden ve failin sa\u011fc\u0131 ideolojisinin temalardan ar\u0131nd\u0131r\u0131lmas\u0131ndan s\u00f6z ediyor. yarg\u0131. Olay Yahudi ve Shoa&#8217;dan sa\u011f kurtulan Blanka, 68 ya\u015f\u0131nda, 23 \u015eubat 1992&#8217;de Frankfurt am [&hellip;]<\/p>\n","protected":false},"author":1,"featured_media":928,"parent":0,"menu_order":0,"comment_status":"closed","ping_status":"closed","template":"","meta":{"footnotes":""},"class_list":["post-1031","page","type-page","status-publish","has-post-thumbnail","hentry"],"_links":{"self":[{"href":"https:\/\/doing-memory.de\/tr\/wp-json\/wp\/v2\/pages\/1031"}],"collection":[{"href":"https:\/\/doing-memory.de\/tr\/wp-json\/wp\/v2\/pages"}],"about":[{"href":"https:\/\/doing-memory.de\/tr\/wp-json\/wp\/v2\/types\/page"}],"author":[{"embeddable":true,"href":"https:\/\/doing-memory.de\/tr\/wp-json\/wp\/v2\/users\/1"}],"replies":[{"embeddable":true,"href":"https:\/\/doing-memory.de\/tr\/wp-json\/wp\/v2\/comments?post=1031"}],"version-history":[{"count":6,"href":"https:\/\/doing-memory.de\/tr\/wp-json\/wp\/v2\/pages\/1031\/revisions"}],"predecessor-version":[{"id":1354,"href":"https:\/\/doing-memory.de\/tr\/wp-json\/wp\/v2\/pages\/1031\/revisions\/1354"}],"wp:featuredmedia":[{"embeddable":true,"href":"https:\/\/doing-memory.de\/tr\/wp-json\/wp\/v2\/media\/928"}],"wp:attachment":[{"href":"https:\/\/doing-memory.de\/tr\/wp-json\/wp\/v2\/media?parent=1031"}],"curies":[{"name":"wp","href":"https:\/\/api.w.org\/{rel}","templated":true}]}}