{"id":1029,"date":"2022-04-03T16:31:27","date_gmt":"2022-04-03T16:31:27","guid":{"rendered":"https:\/\/doing-memory.de\/lobi-olmadan-zar-zor-hatirlanir-guenter-schannecke\/"},"modified":"2022-09-10T08:01:34","modified_gmt":"2022-09-10T08:01:34","slug":"lobi-olmadan-zar-zor-hatirlanir-guenter-schannecke","status":"publish","type":"page","link":"https:\/\/doing-memory.de\/tr\/lobi-olmadan-zar-zor-hatirlanir-guenter-schannecke\/","title":{"rendered":"Lobi olmadan zar zor hat\u0131rlan\u0131r \u2013 G\u00fcnter Schannecke"},"content":{"rendered":"\n<p>G\u00fcnter Schwannecke, bir ba\u015fkas\u0131 \u0131rk\u00e7\u0131lar taraf\u0131ndan tehdit edildi\u011finde m\u00fcdahale etti. G\u00fcnter Schwannecke anma giri\u015fiminden <strong>Diana K\u00f6nig<\/strong> ve BAG evsizler yard\u0131m\u0131ndan <strong>Paul Neupert&#8217;in<\/strong> konuk oldu\u011fu bu podcast b\u00f6l\u00fcm\u00fc, G\u00fcnter Schwannecke&#8217;yi bir sanat\u00e7\u0131 olarak an\u0131yor; sa\u011fc\u0131 \u015fiddet g\u00fc\u00e7l\u00fc bir lobisi olmayan insanlar\u0131 vurdu\u011funda onurlu bir \u015fekilde anman\u0131n zorluklar\u0131n\u0131 g\u00f6steriyor. <\/p>\n\n<iframe loading=\"lazy\" src=\"https:\/\/anchor.fm\/doing-memory\/embed\/episodes\/Ohne-Lobby-kaum-erinnert---Gnter-Schwannecke-e1guq5b\" height=\"140px\" width=\"400px\" frameborder=\"0\" scrolling=\"no\"><\/iframe>\n\n<h4 class=\"wp-block-heading\">Olay<\/h4>\n\n<p>\u0130ki evsiz sanat\u00e7\u0131 G\u00fcnter Schwannecke ve Hagen Knuth, 29 A\u011fustos 1992&#8217;de Berlin Charlottenburg&#8217;daki bir parkta Hagen&#8217;in do\u011fum g\u00fcn\u00fcn\u00fc kutlad\u0131lar. A\u015f\u0131r\u0131 sa\u011f sahneyle ba\u011flant\u0131s\u0131 olan iki adam \u00fc\u00e7\u00fcnc\u00fc bir gruba \u0131rk\u00e7\u0131 tav\u0131r sergiledi\u011finde, G\u00fcnter Schwannecke ve Hagen Knuth olaya dahil oldu ve sivil cesaret g\u00f6sterdi. Sonu\u00e7 olarak, bir beyzbol sopas\u0131 ile d\u00f6v\u00fcld\u00fcler ve ciddi \u015fekilde yaraland\u0131lar. G\u00fcnter Schwannecke, ald\u0131\u011f\u0131 yaralardan birka\u00e7 g\u00fcn sonra hayat\u0131n\u0131 kaybetti. <\/p>\n\n<h4 class=\"wp-block-heading\">Edebiyat, ba\u011flant\u0131lar ve arka planlar<\/h4>\n\n<p><a href=\"https:\/\/www.bagw.de\/de\/\" target=\"_blank\" rel=\"noreferrer noopener\">Bundesarbeitsgemeinschaft Wohnungslosenhilfe<\/a><\/p>\n\n<p>G\u00fcnter-Schwannecke-Gedenkinitiative <a href=\"http:\/\/guenterschwannecke.net\">Website<\/a> und <a rel=\"noreferrer noopener\" href=\"https:\/\/www.facebook.com\/GuenterSchwanneckeGedenkinitiative\/\" target=\"_blank\">Facebook-Seite<\/a> <\/p>\n\n<p>NSU 2000&#8217;den beri hep ayn\u0131 silahla cinayet i\u015fliyor: Enver \u015eim\u015fek (38 ya\u015f\u0131nda) \u2013 9 Eyl\u00fcl 2000&#8217;de N\u00fcrnberg&#8217;de \u00f6ld\u00fcr\u00fcld\u00fc, Abdurrahim \u00d6z\u00fcdo\u011fru (49 ya\u015f\u0131nda) \u2013 13 Haziran 2001&#8217;de N\u00fcrnberg&#8217;de \u00f6ld\u00fcr\u00fcld\u00fc, S\u00fcleyman Ta\u015fk\u00f6pr\u00fc (31 ya\u015f\u0131nda) \u2013 27 Haziran 2001&#8217;de Hamburg&#8217;da \u00f6ld\u00fcr\u00fcld\u00fc, Habil K\u0131l\u0131\u00e7 (38 ya\u015f\u0131nda) \u2013 29 A\u011fustos 2001&#8217;de M\u00fcnih&#8217;te \u00f6ld\u00fcr\u00fcld\u00fc, Mehmet Turgut (25 ya\u015f\u0131nda) \u2013 25 \u015eubat 2004&#8217;te Rostock&#8217;ta \u00f6ld\u00fcr\u00fcld\u00fc, \u0130smail Ya\u015far (50 ya\u015f\u0131nda) \u2013 9 Haziran 2005&#8217;te N\u00fcrnberg&#8217;te \u00f6ld\u00fcr\u00fcld\u00fc, Theodoros Boulgarides (41 ya\u015f\u0131nda) \u2013 15 Haziran 2005&#8217;te M\u00fcnih&#8217;te \u00f6ld\u00fcr\u00fcld\u00fc, Mehmet Kuba\u015f\u0131k (39 ya\u015f\u0131nda) \u2013 4 Nisan 2006&#8217;da Dortmund&#8217;da \u00f6ld\u00fcr\u00fcld\u00fc, Halit Yozgat&#8217;ta (21 ya\u015f\u0131nda) \u2013 6 Nisan 2006&#8217;da Kassel&#8217;de \u00f6ld\u00fcr\u00fcld\u00fc.<\/p>\n\n<p>Podcast \u201e<a href=\"https:\/\/www.mixcloud.com\/Entropien\/\" target=\"_blank\" rel=\"noreferrer noopener\">Sozialdarwinistische Morde an Wohnungslosen<\/a>\u201c von 404 \u2013 Willkommen in Entropien. u.a. mit Dirk Dymarski von der Selbstvertretung wohnungsloser Menschen<br\/> <\/p>\n\n<p>G\u00fcnter Schwannecke ve anma hakk\u0131nda daha fazla bilgiyi a\u015fa\u011f\u0131daki linklerde bulabilirsiniz:<br\/><a href=\"http:\/\/berlin.niemandistvergessen.net\/morde\/guenterschwannecke\/\">http:\/\/berlin.niemandistvergessen.net\/morde\/guenterschwannecke\/<\/a><br\/><a href=\"https:\/\/www.amadeu-antonio-stiftung.de\/todesopfer-rechter-gewalt\/guenter-schwannecke-staatlich-anerkannt\/\">https:\/\/www.amadeu-antonio-stiftung.de\/todesopfer-rechter-gewalt\/guenter-schwannecke-staatlich-anerkannt\/<\/a><br\/><a href=\"https:\/\/antifa-westberlin.org\/1310\/\">https:\/\/antifa-westberlin.org\/1310\/<\/a><\/p>\n\n<p>Evsizlere kar\u015f\u0131 \u015fiddet ve ideolojik konularda daha fazla okuma<\/p>\n\n<p>Opferperspektive e.V<ins>.<\/ins><del>,<\/del> (2015)(Hrsg.): Rassistische Diskriminierung und rechte Gewalt: an der Seite der Betroffenen beraten, informieren, intervenieren. 2. Auflage. M\u00fcnster: Westf\u00e4lisches Dampfboot.<\/p>\n\n<p>Pollich, Daniela (2017): \u201eOpferwerdung wohnungsloser Menschen.<br\/>Ein \u00dcberblick zum Stand der Forschung zu Theorien, Methoden, Opfern und T\u00e4tern\u201c, IKG Working Paper Bielefeld, S. 51-77.<\/p>\n\n<p>Teidelbaum, Lucius. Obdachlosenhass und Sozialdarwinismus. 1. Auflage. Unrast transparent. Rechter Rand, Band 13. M\u00fcnster: Unrast, 2013.<\/p>\n\n<h4 class=\"wp-block-heading\">Katk\u0131da bulunanlar<\/h4>\n\n<p>Edit\u00f6rler: Tanja Thomas, Fabian Virchow ve Tobias Fernholz<br\/>Ortak fikir ve \u00fcretim: grasshopper kreativ<br\/>Moderat\u00f6r: Tanja Thomas ve Fabian Virchow<br\/>M\u00fczik: Martin Pfeilsticker ve Pia Fruth<\/p>\n\n<p>Etkinlik incelemesini T\u00fcbingen&#8217;deki Eberhard Karls \u00dcniversitesi ve D\u00fcsseldorf Uygulamal\u0131 Bilimler \u00dcniversitesi&#8217;nden y\u00fcksek lisans \u00f6\u011frencileri haz\u0131rlad\u0131.<\/p>\n\n<p>Kapak foto\u011fraf\u0131: <a href=\"http:\/\/guenterschwannecke.net\">G\u00fcnter Schwannecke anma giri\u015fimi<\/a> (Gedenkinitiative G\u00fcnter Schwannecke) arac\u0131l\u0131\u011f\u0131yla Karl-August Holl\u00e4nder. Resim G\u00fcnter Schwannecke&#8217;yi 1980 civar\u0131nda Braunschweig&#8217;de bir kafede g\u00f6steriyor. Arka planda kendi \u00e7izdi\u011fi resimler var. Kolaj: grasshopper kreativ.<\/p>\n\n<h5 class=\"wp-block-heading\">Etkinlik \u0130ncelemesi i\u00e7in katk\u0131da bulunanlar<\/h5>\n\n<p>Orijinal ses sa\u011flay\u0131c\u0131: Diana K\u00f6nig<br\/>\u00d6\u011frenciler: Annkatrin Voos, Fabian Lenhardt, Laura Scherer, Philipp Sigle, Elisabeth K\u00f6hnke, Sophia Schlicker ve Marlene Pick <br\/>Konu\u015fmac\u0131: Pia Fruth <\/p>\n\n<p>Bu podcast, Tanja Thomas, Matthias Lorenz ve Fabian Virchow taraf\u0131ndan bellek k\u00fclt\u00fcr\u00fc alan\u0131nda disiplinler aras\u0131 bir proje olan Doing Memory&#8217;nin bir par\u00e7as\u0131 olarak olu\u015fturuldu. &#8220;Haf\u0131za Yapmak&#8221; projesi VolkswagenStiftung (Volkswagen Vakf\u0131) taraf\u0131ndan finanse edildi. <\/p>\n","protected":false},"excerpt":{"rendered":"<p>G\u00fcnter Schwannecke, bir ba\u015fkas\u0131 \u0131rk\u00e7\u0131lar taraf\u0131ndan tehdit edildi\u011finde m\u00fcdahale etti. G\u00fcnter Schwannecke anma giri\u015fiminden Diana K\u00f6nig ve BAG evsizler yard\u0131m\u0131ndan Paul Neupert&#8217;in konuk oldu\u011fu bu podcast b\u00f6l\u00fcm\u00fc, G\u00fcnter Schwannecke&#8217;yi bir sanat\u00e7\u0131 olarak an\u0131yor; sa\u011fc\u0131 \u015fiddet g\u00fc\u00e7l\u00fc bir lobisi olmayan insanlar\u0131 vurdu\u011funda onurlu bir \u015fekilde anman\u0131n zorluklar\u0131n\u0131 g\u00f6steriyor. Olay \u0130ki evsiz sanat\u00e7\u0131 G\u00fcnter Schwannecke ve Hagen [&hellip;]<\/p>\n","protected":false},"author":1,"featured_media":922,"parent":0,"menu_order":0,"comment_status":"closed","ping_status":"closed","template":"","meta":{"footnotes":""},"class_list":["post-1029","page","type-page","status-publish","has-post-thumbnail","hentry"],"_links":{"self":[{"href":"https:\/\/doing-memory.de\/tr\/wp-json\/wp\/v2\/pages\/1029"}],"collection":[{"href":"https:\/\/doing-memory.de\/tr\/wp-json\/wp\/v2\/pages"}],"about":[{"href":"https:\/\/doing-memory.de\/tr\/wp-json\/wp\/v2\/types\/page"}],"author":[{"embeddable":true,"href":"https:\/\/doing-memory.de\/tr\/wp-json\/wp\/v2\/users\/1"}],"replies":[{"embeddable":true,"href":"https:\/\/doing-memory.de\/tr\/wp-json\/wp\/v2\/comments?post=1029"}],"version-history":[{"count":4,"href":"https:\/\/doing-memory.de\/tr\/wp-json\/wp\/v2\/pages\/1029\/revisions"}],"predecessor-version":[{"id":1305,"href":"https:\/\/doing-memory.de\/tr\/wp-json\/wp\/v2\/pages\/1029\/revisions\/1305"}],"wp:featuredmedia":[{"embeddable":true,"href":"https:\/\/doing-memory.de\/tr\/wp-json\/wp\/v2\/media\/922"}],"wp:attachment":[{"href":"https:\/\/doing-memory.de\/tr\/wp-json\/wp\/v2\/media?parent=1029"}],"curies":[{"name":"wp","href":"https:\/\/api.w.org\/{rel}","templated":true}]}}