{"id":1025,"date":"2022-04-01T10:13:10","date_gmt":"2022-04-01T10:13:10","guid":{"rendered":"https:\/\/doing-memory.de\/hatirlamak-icin-gueclue-bir-muecadele-sahin-calisir\/"},"modified":"2022-04-26T14:35:35","modified_gmt":"2022-04-26T14:35:35","slug":"hatirlamak-icin-gueclue-bir-muecadele-sahin-calisir","status":"publish","type":"page","link":"https:\/\/doing-memory.de\/tr\/hatirlamak-icin-gueclue-bir-muecadele-sahin-calisir\/","title":{"rendered":"Hat\u0131rlamak i\u00e7in g\u00fc\u00e7l\u00fc bir m\u00fccadele \u2013 \u015eahin \u00c7al\u0131\u015f\u0131r"},"content":{"rendered":"\n<p>Bu podcast b\u00f6l\u00fcm\u00fc \u015eahin \u00c7al\u0131\u015f\u0131r&#8217;\u0131n \u00f6l\u00fcm\u00fcn\u00fc an\u0131yor. Konuklar\u0131m\u0131z <strong>Orhan \u00c7al\u0131\u015f\u0131r<\/strong>ve <strong>Kutlu Yurtseven<\/strong> ile Solingen&#8217;deki kundaklama sald\u0131r\u0131s\u0131n\u0131n ba\u011flant\u0131lar\u0131, g\u00f6\u00e7men m\u00fccadelelerinin ve bireysel \u00f6rg\u00fctlenmenin \u00f6nemi, aile ba\u011flamlar\u0131 ve ma\u011fdurlar\u0131n kamuoyunda ve politik olarak tan\u0131ma\/hat\u0131rlama m\u00fccadelelerine kat\u0131lmalar\u0131 y\u00f6n\u00fcndeki zor beklentilerin yan\u0131 s\u0131ra d\u00fczenleme ve kamusal tart\u0131\u015fma i\u00e7in e\u011fitim ve m\u00fczi\u011fin \u00f6nemi hakk\u0131nda konu\u015fuyoruz. <\/p>\n\n<iframe loading=\"lazy\" src=\"https:\/\/anchor.fm\/doing-memory\/embed\/episodes\/S1F04-Vom-Kraftakt--um-Erinnerung-zu-kmpfen--ahin-alr-e1gmn0b\" height=\"140px\" width=\"400px\" frameborder=\"0\" scrolling=\"no\"><\/iframe>\n\n<h4 class=\"wp-block-heading\">Olay<\/h4>\n\n<p>\u015eahin \u00c7al\u0131\u015f\u0131r 27 Aral\u0131k 1992&#8217;de, 20 ya\u015f\u0131nda, Kuzey Ren-Vestfalya&#8217;da Meerbusch yak\u0131nlar\u0131ndaki 52 numaral\u0131 otobanda hayat\u0131n\u0131 kaybetti. Polisin tan\u0131d\u0131\u011f\u0131 sa\u011fc\u0131 bir holigan, \u015eahin&#8217;in iki arkada\u015f\u0131yla birlikte kulland\u0131\u011f\u0131 otomobili daha \u00f6nce de kovalam\u0131\u015f ve \u00e7arpm\u0131\u015ft\u0131. \u00dc\u00e7\u00fc panik halinde soka\u011fa ka\u00e7arken \u015eahin&#8217;e araba \u00e7arpt\u0131. \u00d6l\u00fcm\u00fc hala sa\u011fc\u0131 bir su\u00e7 olarak kabul edilmiyor. <\/p>\n\n<h4 class=\"wp-block-heading\">Edebiyat, ba\u011flant\u0131lar ve arka planlar<\/h4>\n\n<p>Ramazan Avc\u0131, 21 Aral\u0131k 1985&#8217;te Hamburg-Eilbek&#8217;te neo-Naziler taraf\u0131ndan o kadar k\u00f6t\u00fc d\u00f6v\u00fcld\u00fc ki, \u00fc\u00e7 g\u00fcn sonra ald\u0131\u011f\u0131 yaralara yenik d\u00fc\u015ft\u00fc. <\/p>\n\n<p>26\/27 A\u011fustos 1984 gecesi Duisburg-Wanheimerort&#8217;ta meydana gelen kundaklamada D\u00f6nd\u00fc Sat\u0131r (40 ya\u015f\u0131nda), Zeliha ve Rasim Turhan (18 ya\u015f\u0131nda) ve o\u011fullar\u0131 Tar\u0131k Turhan (1 ayl\u0131k), \u00c7i\u011fdem Sat\u0131r (7 ya\u015f\u0131nda), \u00dcmit Sat\u0131r (5 ya\u015f\u0131nda) ve Song\u00fcl Sat\u0131r (4 ya\u015f\u0131nda) hayat\u0131n\u0131 kaybetti. <\/p>\n\n<p>23 Kas\u0131m 1992&#8217;de M\u00f6lln&#8217;de kundaklama sald\u0131r\u0131s\u0131nda iki neo-Nazi, Bahide Arslan (51 ya\u015f\u0131nda), Yeliz Arslan (10 ya\u015f\u0131nda) ve Ay\u015fe Y\u0131lmaz&#8217;\u0131 (14 ya\u015f\u0131nda) \u00f6ld\u00fcrd\u00fc. O zamanlar 7 ya\u015f\u0131nda olan \u0130brahim Arslan sald\u0131r\u0131dan sa\u011f kurtuldu ve bug\u00fcn \u0131rk\u00e7\u0131l\u0131k kar\u015f\u0131t\u0131 \u00e7al\u0131\u015fmalarda Aktivist olarak \u00e7al\u0131\u015f\u0131yor. <\/p>\n\n<p>Solingen&#8217;de 29 May\u0131s 1993 sabah saatlerinde G\u00fcrs\u00fcn \u0130nce (27 ya\u015f\u0131nda), Hatice Gen\u00e7 (18 ya\u015f\u0131nda), G\u00fcl\u00fcstan \u00d6zt\u00fcrk (12 ya\u015f\u0131nda), H\u00fclya Gen\u00e7 (9 ya\u015f\u0131nda) ve Saime Gen\u00e7 (4 ya\u015f\u0131nda) bir kundaklama sald\u0131r\u0131s\u0131nda hayat\u0131n\u0131 kaybetti. <\/p>\n\n<p>Konuyla ilgili <a href=\"https:\/\/doing-memory.de\/tr\/hatirlamak-ve-unutmak-rostock-lichtenhagen-2\/\" target=\"_blank\" rel=\"noreferrer noopener\">podcast b\u00f6l\u00fcm\u00fcm\u00fczde Rostock-Lichtenhagen&#8217;deki pogrom hakk\u0131nda<\/a> daha fazla bilgi bulabilirsiniz. <\/p>\n\n<p>17 ve 23 Eyl\u00fcl 1991 tarihleri aras\u0131nda Saksonya&#8217;n\u0131n Hoyerswerda kasabas\u0131nda s\u00f6zle\u015fmeli i\u015f\u00e7ileri ve m\u00fcltecilerin kald\u0131\u011f\u0131 yurtlara \u0131rk\u00e7\u0131 g\u00fcd\u00fcml\u00fc birka\u00e7 sald\u0131r\u0131 ger\u00e7ekle\u015ftirildi. <\/p>\n\n<p>9 Haziran 2004&#8217;te K\u00f6ln-M\u00fclheim&#8217;daki Keupstrasse&#8217;de bir \u00e7ivili bomba patlad\u0131 ve baz\u0131lar\u0131 a\u011f\u0131r olmak \u00fczere 22 ki\u015fi yaraland\u0131. Sald\u0131r\u0131 ancak, Kas\u0131m 2011&#8217;de kendini a\u00e7\u0131\u011fa \u00e7\u0131kard\u0131ktan sonra sa\u011fc\u0131 ter\u00f6rist NSU ile ili\u015fkilendirilebildi. Sald\u0131r\u0131, ancak Kas\u0131m 2011&#8217;de kendini if\u015fa ettikten sonra sa\u011fc\u0131 ter\u00f6rist Nasyonal Sosyalist Yeralt\u0131&#8217;na (NSU) atanabildi. <\/p>\n\n<p>NSU 2000&#8217;den beri hep ayn\u0131 silahla cinayet i\u015fliyor: Enver \u015eim\u015fek (38 ya\u015f\u0131nda) \u2013 9 Eyl\u00fcl 2000&#8217;de N\u00fcrnberg&#8217;de \u00f6ld\u00fcr\u00fcld\u00fc, Abdurrahim \u00d6z\u00fcdo\u011fru (49 ya\u015f\u0131nda) \u2013 13 Haziran 2001&#8217;de N\u00fcrnberg&#8217;de \u00f6ld\u00fcr\u00fcld\u00fc, S\u00fcleyman Ta\u015fk\u00f6pr\u00fc (31 ya\u015f\u0131nda) \u2013 27 Haziran 2001&#8217;de Hamburg&#8217;da \u00f6ld\u00fcr\u00fcld\u00fc, Habil K\u0131l\u0131\u00e7 (38 ya\u015f\u0131nda) \u2013 29 A\u011fustos 2001&#8217;de M\u00fcnih&#8217;te \u00f6ld\u00fcr\u00fcld\u00fc, Mehmet Turgut (25 ya\u015f\u0131nda) \u2013 25 \u015eubat 2004&#8217;te Rostock&#8217;ta \u00f6ld\u00fcr\u00fcld\u00fc, \u0130smail Ya\u015far (50 ya\u015f\u0131nda) \u2013 9 Haziran 2005&#8217;te N\u00fcrnberg&#8217;te \u00f6ld\u00fcr\u00fcld\u00fc, Theodoros Boulgarides (41 ya\u015f\u0131nda) \u2013 15 Haziran 2005&#8217;te M\u00fcnih&#8217;te \u00f6ld\u00fcr\u00fcld\u00fc, Mehmet Kuba\u015f\u0131k (39 ya\u015f\u0131nda) \u2013 4 Nisan 2006&#8217;da Dortmund&#8217;da \u00f6ld\u00fcr\u00fcld\u00fc, Halit Yozgat&#8217;ta (21 ya\u015f\u0131nda) \u2013 6 Nisan 2006&#8217;da Kassel&#8217;de \u00f6ld\u00fcr\u00fcld\u00fc. <\/p>\n\n<p>Hen\u00fcz 2006&#8217;da Dortmund ve Kassel&#8217;deki g\u00f6sterilerde \u00f6ld\u00fcr\u00fclen dokuz ki\u015finin yak\u0131nlar\u0131 sokaklara d\u00f6k\u00fcld\u00fc ve \u201c10. kurban yok!\u201d (\u201cKein 10.Opfer!\u201d) dedi. \u00c7\u00fcnk\u00fc soru\u015fturma makamlar\u0131 taraf\u0131ndan takip edilmeyen cinayet i\u00e7in \u0131rk\u00e7\u0131 bir nedene inand\u0131lar. <\/p>\n\n<p>May\u0131s 2017&#8217;de K\u00f6ln&#8217;deki mahkemede, \u00fclke \u00e7ap\u0131nda eylem \u0130ttifak\u0131 \u201cNSU kompleksinin da\u011f\u0131lmas\u0131\u201d yap\u0131sal \u0131rk\u00e7\u0131l\u0131kla su\u00e7lad\u0131, NSU kompleksinin tam olarak ayd\u0131nlat\u0131lmas\u0131n\u0131 talep etti ve anma k\u00fclt\u00fcr\u00fcyle ilgilenmeye ve sa\u011fc\u0131 \u015fiddetten etkilenen ki\u015fileri desteklemeye davet etti. <\/p>\n\n<p>5\u20136 Mart 2021 gecesi, 19 ya\u015f\u0131ndaki Qosay Khalaf, belirsiz ko\u015fullar nedeniyle Delmenhorst&#8217;ta polis nezaretinde hayat\u0131n\u0131 kaybetti. <\/p>\n\n<p>L\u00fcbeck&#8217;te bir kundaklama sald\u0131r\u0131s\u0131nda yedisi \u00e7ocuk ve gen\u00e7 olmak \u00fczere 10 ki\u015fi \u00f6ld\u00fc: Monica (Maiamba) Bunga ve yedi ya\u015f\u0131ndaki k\u0131z\u0131 Suzanna (Nsuzana), Fran\u00e7oise Makudila ve be\u015f \u00e7ocu\u011fu Christine, Miya, Christelle, Legrand ve Jean-Daniel Makudila, on yedi ya\u015f\u0131ndaki Rabia El Omari ve 27 ya\u015f\u0131ndaki Sylvio Amoussou. <\/p>\n\n<p>Argyris Sfountouris, d\u00f6rt ya\u015f\u0131ndayken, 10 Haziran 1944&#8217;te Alman SS \u00fcyelerinin Yunan k\u00f6y\u00fcnde 218 ki\u015fiyi \u00f6ld\u00fcrd\u00fc\u011f\u00fc Distomo katliam\u0131ndan sa\u011f kurtuldu. <\/p>\n\n<p>Microphone Mafia, Refpolk, Mal Eleve ve Chaoze One&#8217;dan &#8220;Kein Einzelfall&#8221; (\u201cTek bir vaka de\u011fil\u201d). <\/p>\n\n<p>Esther Bejarano, Auschwitz-Birkenau toplama kamp\u0131ndan sa\u011f \u00e7\u0131kt\u0131 ve Microphone Mafia grubuyla uzun y\u0131llar \u00e7al\u0131\u015ft\u0131 ve konserler verdi. <\/p>\n\n<p>Amadeu Antonio Stiftung (2021): <a href=\"https:\/\/www.amadeu-antonio-stiftung.de\/todesopfer-rechter-gewalt\/sahin-calisir\/\" target=\"_blank\" rel=\"noreferrer noopener\">\u015eahin \u00c7al\u0131\u015f\u0131r<\/a>. <\/p>\n\n<p>\u00c7al\u0131\u015f\u0131r, Orhan (2020): <a href=\"https:\/\/vimeo.com\/497312093\" target=\"_blank\" rel=\"noreferrer noopener\">Erinnerung an \u015eahin \u00c7al\u0131\u015f\u0131r<\/a>. Video. <\/p>\n\n<p>Solingen ist bunt (2020): <a href=\"https:\/\/solingenistbunt.de\/erinnerung-an-den-tod-von-sahin-calisir\/1523\/\" target=\"_blank\" rel=\"noreferrer noopener\">Erinnerung an den Tod von \u015eahin \u00c7al\u0131\u015f\u0131r<\/a>. <\/p>\n\n<p>Karavana (2020): <a href=\"http:\/\/thecaravan.org\/node\/4715\" target=\"_blank\" rel=\"noreferrer noopener\">In Gedenken an \u015eahin \u00c7al\u0131\u015f\u0131r<\/a>. <\/p>\n\n<p>Taz (1993): <a href=\"https:\/\/taz.de\/Toedliche-Hetzjagd-als-schlichte-Verkehrssache\/!1598101\/\" target=\"_blank\" rel=\"noreferrer noopener\">T\u00f6dliche Hetzjagd als schlichte \u201eVerkehrssache\u201c<\/a>. <\/p>\n\n<p><a href=\"http:\/\/dipbt.bundestag.de\/dip21\/btd\/12\/052\/1205233.pdf\" target=\"_blank\" rel=\"noreferrer noopener\">Informationen zur Kampfsportschule Hak Pao<\/a>: Jelpke, Gysi (1993). <\/p>\n\n<h4 class=\"wp-block-heading\">Katk\u0131da bulunanlar<\/h4>\n\n<p>Edit\u00f6rler: Tanja Thomas, Fabian Virchow ve Tobias Fernholz <br\/>Ortak fikir ve \u00fcretim: grasshopper kreativ <br\/>Moderat\u00f6r: Tanja Thomas ve Fabian Virchow <br\/>M\u00fczik: Martin Pfeilsticker ve Pia Fruth <\/p>\n\n<p>Kapak foto\u011fraf\u0131: \u015eahin \u00c7al\u0131\u015f\u0131r&#8217;\u0131n foto\u011fraf\u0131 Orhan \u00c7al\u0131\u015f\u0131r&#8217;\u0131n izniyle. Kolaj: grasshopper kreativ.<\/p>\n\n<p>Etkinlik incelemesini T\u00fcbingen&#8217;deki Eberhard Karls \u00dcniversitesi ve D\u00fcsseldorf Uygulamal\u0131 Bilimler \u00dcniversitesi&#8217;nden y\u00fcksek lisans \u00f6\u011frencileri haz\u0131rlad\u0131.<\/p>\n\n<h5 class=\"wp-block-heading\">Etkinlik \u0130ncelemesi i\u00e7in katk\u0131da bulunanlar<\/h5>\n\n<p>Orijinal ses sa\u011flay\u0131c\u0131: Orhan \u00c7al\u0131\u015f\u0131r <br\/>Konu\u015fmac\u0131: Pia Fruth<br\/>\u00d6\u011frenciler: Stina Rieke, Johannes Wacha, Laura Embach, Madlen Bocklet, Alicia Schweizer, Annika Schmidt <br\/><\/p>\n","protected":false},"excerpt":{"rendered":"<p>Bu podcast b\u00f6l\u00fcm\u00fc \u015eahin \u00c7al\u0131\u015f\u0131r&#8217;\u0131n \u00f6l\u00fcm\u00fcn\u00fc an\u0131yor. Konuklar\u0131m\u0131z Orhan \u00c7al\u0131\u015f\u0131rve Kutlu Yurtseven ile Solingen&#8217;deki kundaklama sald\u0131r\u0131s\u0131n\u0131n ba\u011flant\u0131lar\u0131, g\u00f6\u00e7men m\u00fccadelelerinin ve bireysel \u00f6rg\u00fctlenmenin \u00f6nemi, aile ba\u011flamlar\u0131 ve ma\u011fdurlar\u0131n kamuoyunda ve politik olarak tan\u0131ma\/hat\u0131rlama m\u00fccadelelerine kat\u0131lmalar\u0131 y\u00f6n\u00fcndeki zor beklentilerin yan\u0131 s\u0131ra d\u00fczenleme ve kamusal tart\u0131\u015fma i\u00e7in e\u011fitim ve m\u00fczi\u011fin \u00f6nemi hakk\u0131nda konu\u015fuyoruz. Olay \u015eahin \u00c7al\u0131\u015f\u0131r 27 Aral\u0131k [&hellip;]<\/p>\n","protected":false},"author":1,"featured_media":918,"parent":0,"menu_order":0,"comment_status":"closed","ping_status":"closed","template":"","meta":{"footnotes":""},"class_list":["post-1025","page","type-page","status-publish","has-post-thumbnail","hentry"],"_links":{"self":[{"href":"https:\/\/doing-memory.de\/tr\/wp-json\/wp\/v2\/pages\/1025"}],"collection":[{"href":"https:\/\/doing-memory.de\/tr\/wp-json\/wp\/v2\/pages"}],"about":[{"href":"https:\/\/doing-memory.de\/tr\/wp-json\/wp\/v2\/types\/page"}],"author":[{"embeddable":true,"href":"https:\/\/doing-memory.de\/tr\/wp-json\/wp\/v2\/users\/1"}],"replies":[{"embeddable":true,"href":"https:\/\/doing-memory.de\/tr\/wp-json\/wp\/v2\/comments?post=1025"}],"version-history":[{"count":3,"href":"https:\/\/doing-memory.de\/tr\/wp-json\/wp\/v2\/pages\/1025\/revisions"}],"predecessor-version":[{"id":1028,"href":"https:\/\/doing-memory.de\/tr\/wp-json\/wp\/v2\/pages\/1025\/revisions\/1028"}],"wp:featuredmedia":[{"embeddable":true,"href":"https:\/\/doing-memory.de\/tr\/wp-json\/wp\/v2\/media\/918"}],"wp:attachment":[{"href":"https:\/\/doing-memory.de\/tr\/wp-json\/wp\/v2\/media?parent=1025"}],"curies":[{"name":"wp","href":"https:\/\/api.w.org\/{rel}","templated":true}]}}