{"id":1021,"date":"2022-03-25T19:39:45","date_gmt":"2022-03-25T19:39:45","guid":{"rendered":"https:\/\/doing-memory.de\/dogu-almanyada-irkci-siddet-merseburgda-delfin-guerra-ve-raul-garcia-paretin-oeldueruelmesi\/"},"modified":"2022-04-26T14:25:07","modified_gmt":"2022-04-26T14:25:07","slug":"dogu-almanyada-irkci-siddet-merseburgda-delfin-guerra-ve-raul-garcia-paretin-oeldueruelmesi","status":"publish","type":"page","link":"https:\/\/doing-memory.de\/tr\/dogu-almanyada-irkci-siddet-merseburgda-delfin-guerra-ve-raul-garcia-paretin-oeldueruelmesi\/","title":{"rendered":"Do\u011fu Almanya&#8217;da \u0131rk\u00e7\u0131 \u015fiddet \u2013 Merseburg&#8217;da Delfin Guerra ve Ra\u00fal Garcia Paret&#8217;in \u00f6ld\u00fcr\u00fclmesi"},"content":{"rendered":"\n<p>Bu podcast b\u00f6l\u00fcm\u00fc, iki K\u00fcbal\u0131 ta\u015feron i\u015f\u00e7isi Delfin Guerra ve Ra\u00fal Paret&#8217;in 1979&#8217;da \u00f6ld\u00fcr\u00fclmesini an\u0131yor. Bu b\u00f6l\u00fcmde, 12 A\u011fustos Giri\u015fimi&#8217;nden <strong>Cynthia Zimmermann<\/strong> ve gazeteci ve belgesel yap\u0131mc\u0131s\u0131 <strong>Julia Oelkers<\/strong> ile ailelerinin neden akrabalar\u0131n\u0131n \u00f6ld\u00fcr\u00fcld\u00fc\u011f\u00fcn\u00fc onlarca y\u0131l sonra \u00f6\u011frendi\u011fini ve \u00f6lenlerin an\u0131s\u0131n\u0131n neden toplumun \u00e7\u0131kar\u0131na olmas\u0131 gerekti\u011fini konu\u015fuyoruz.<\/p>\n\n<iframe loading=\"lazy\" src=\"https:\/\/anchor.fm\/doing-memory\/embed\/episodes\/S1F03-Rassistische-Gewalt-in-der-DDR--Ermordung-von-Delfin-Guerra-und-Ral-Garcia-Paret-in-Merseburg-e1g8eur\" height=\"140px\" width=\"400px\" frameborder=\"0\" scrolling=\"no\"><\/iframe>\n\n<h4 class=\"wp-block-heading\">Olay<\/h4>\n\n<p>12 A\u011fustos 1969&#8217;da, iki K\u00fcbal\u0131 s\u00f6zde s\u00f6zle\u015fmeli i\u015f\u00e7i, Delfin Guerra ve Ra\u00fal Garcia Paret Merseburg&#8217;da \u00f6ld\u00fc. Irk\u00e7\u0131 bir kovalamacadan ka\u00e7an iki K\u00fcbal\u0131, Saale nehrine at\u0131ld\u0131lar. Cesetleri g\u00fcnler sonra bulunamad\u0131. Olay hi\u00e7bir zaman tutarl\u0131 bir \u015fekilde a\u00e7\u0131kl\u0131\u011fa kavu\u015fturulmad\u0131 \u2013 ne o zamanki SED liderli\u011finin talimat\u0131 \u00fczerine Do\u011fu Almanya polisi ve savc\u0131l\u0131\u011f\u0131 ne de Halle savc\u0131l\u0131\u011f\u0131 taraf\u0131ndan yeni bir soru\u015fturma yap\u0131ld\u0131.<\/p>\n\n<h4 class=\"wp-block-heading\">Edebiyat, ba\u011flant\u0131lar ve arka planlar (Almanca&#8217;da)<\/h4>\n\n<p><a rel=\"noreferrer noopener\" href=\"https:\/\/initiative12august.de\/\" target=\"_blank\">Initiative 12. August.<\/a><\/p>\n\n<p>Lydia Lierke und Massimo Perinelli (Hg.): \u201eErinnern st\u00f6ren \u2013 der Mauerfall aus migratischer und j\u00fcdischer Perspektive\u201c. <a href=\"9783957324511\" target=\"_blank\" rel=\"noreferrer noopener\">ISBN: 9783957324511<\/a>. <\/p>\n\n<p>Julia Oelkers und Thomas Walther (2013): \u201cCan\u2019t Be Silent\u201d [Film]. Trailer: Can&#8217;t Be Silent &#8211; Trailer deutsch german (Julia Oelker).<\/p>\n\n<p><a rel=\"noreferrer noopener\" href=\"https:\/\/bruderland.de\/\" target=\"_blank\">\u201cEigensinn im Bruderland\u201d<\/a> [Webdokumentation].<\/p>\n\n<p>\u201c<a rel=\"noreferrer noopener\" href=\"https:\/\/gegenuns.de\/\" target=\"_blank\">Gegen uns. Betroffene im Gespr\u00e4ch \u00fcber rechte Gewalt nach 1990 und die Verteidigung der solidarischen Gesellschaft<\/a>\u201d [Webdokumentation].<\/p>\n\n<p><strong>Delfin Guerra ve Ra\u00fa Garcia Paret&#8217;in cinayeti iddias\u0131 ve bu ba\u011flamdaki ve bu ba\u011flamda anma k\u00fclt\u00fcr\u00fc uygulamalar\u0131 ve zorluklar\u0131 (Almanca&#8217;da):<\/strong><\/p>\n\n<p>Informationen der Mobilen Beratung f\u00fcr Opfer rechter Gewalt (2017): <a href=\"https:\/\/www.mobile-opferberatung.de\/wp-content\/uploads\/2017\/12\/news54_Langfassung_Der-Fall-Merseburg.pdf\" target=\"_blank\" rel=\"noreferrer noopener\">Der Fall Merseburg: Lynchmord an Delfin Guerra und Ra\u00fal Garcia Paret in Merseburg am 12. August 1979. Ein Gastbeitrag von Dr. Harry Waibel, Historiker<\/a>.<\/p>\n\n<p>Radio Corax (11.05.2021): <a rel=\"noreferrer noopener\" href=\"https:\/\/dev.radiocorax.de\/mord-an-raul-garcia-paret-und-delfin-guerra-das-erinnern-wird-kriminalisiert\/\" target=\"_blank\">Mord an Ra\u00fal Garcia Paret und Delfin Guerra \u2013 Das Erinnern wird kriminalisiert<\/a>.<\/p>\n\n<p>Deutschlandfunk Kultur (14.05.2021): <a rel=\"noreferrer noopener\" href=\"https:\/\/srv.deutschlandradio.de\/dlf-audiothek-audio-teilen.3265.de.html?mdm:audio_id=925584\" target=\"_blank\">Streit um Gedenkort f\u00fcr tote DDR-Gastarbeiter. Es gibt einen Unwillen, sich damit auseinanderzusetzen<\/a>.<\/p>\n\n<p><a rel=\"noreferrer noopener\" href=\"https:\/\/www.instagram.com\/initiative12august\/\" target=\"_blank\">Instagramseite der Initiative 12. August<\/a>.<\/p>\n\n<p><strong>Do\u011fu Almanya&#8217;da sa\u011fc\u0131 \u015fiddet ve neo-Nazizm \u00fczerine yaz\u0131lar (Almanca&#8217;da):<\/strong><\/p>\n\n<p>Waibel, Harry (2017): Die braune Saat: Antisemitismus und Neonazismus in der DDR. Schmetterling, Stuttgart.<br\/>Deutschlandfunk (2019): <a rel=\"noreferrer noopener\" href=\"https:\/\/www.deutschlandfunk.de\/die-ddr-und-ihre-neonazis-real-existierender.862.de.html?dram:article_id=460746\" target=\"_blank\">Die DDR und ihre Neonazis. Real existierender Rechtsextremismus<\/a>.<\/p>\n\n<p>Informationen der Initiative 12. August <a rel=\"noreferrer noopener\" href=\"https:\/\/initiative12august.de\/in-gedenken\/die-doppelte-mauer\/das-vergessenwerden-hat-geschichte\/\" target=\"_blank\">zu den Todesf\u00e4llen von Manuel Diogo und Carlos Concei\u00e7\u00e3o als weitere mutma\u00dfliche Morde<\/a>, siehe auch dazu Informationen der Mobilen Beratung f\u00fcr Opfer rechter Gewalt (2017).<\/p>\n\n<p><strong>Do\u011fu Almanya&#8217;da s\u00f6zle\u015fmeli i\u015f\u00e7ilerinin durumuna ili\u015fkin yaz\u0131lar (Almanca&#8217;da):<\/strong><\/p>\n\n<p>Poutrus, Patrice G. (2020): <a rel=\"noreferrer noopener\" href=\"https:\/\/www.rosalux.de\/fileadmin\/rls_uploads\/pdfs\/sonst_publikationen\/US-IH-Marsch_Migration-web.pdf.\" target=\"_blank\">Von der Planwirtschaft in die ethnische \u00d6konomie. Vertragsarbeiter in der DDR und Ostdeutschland<\/a>. In: Albert Scharenberg (Hrsg.). Der lange Marsch der Migration. Die Anf\u00e4nge migrantischer Selbstorganisation im Nachkriegsdeutschland. Rosa-Luxemburg-Stiftung. S. 125-139.<\/p>\n\n<p>Dokumentationszentrum und Museum \u00fcber die Migration in Deutschland e.V.: <a rel=\"noreferrer noopener\" href=\"https:\/\/domid.org\/news\/vertragsarbeit-in-der-ddr\/\" target=\"_blank\">Motivserie &#8220;Migrationsgeschichte in Bildern&#8221;. \u201eVertragsarbeiter\u201c in der DDR<\/a>.<\/p>\n\n<p><a href=\"https:\/\/ze.tt\/vertragsarbeiterinnen-in-der-ddr-heute-koennen-sie-keine-kinder-mehr-kriegen-weil-sie-kaputt-sind\/\" target=\"_blank\" rel=\"noreferrer noopener\">Kurt, Seyda (2018): Vertragsarbeiter*innen in der DDR: \u201eHeute k\u00f6nnen sie keine Kinder mehr kriegen, weil sie kaputt sind\u201c<\/a>.<\/p>\n\n<h4 class=\"wp-block-heading\">Katk\u0131da bulunanlar<\/h4>\n\n<p>Edit\u00f6rler: Tanja Thomas, Fabian Virchow ve Tobias Fernholz<br\/>Ortak fikir ve \u00fcretim: grasshopper kreativ<br\/>Moderat\u00f6r: Tanja Thomas ve Fabian Virchow<br\/>M\u00fczik: Martin Pfeilsticker ve Pia Fruth<\/p>\n\n<p>Etkinlik incelemesini T\u00fcbingen&#8217;deki Eberhard Karls \u00dcniversitesi ve D\u00fcsseldorf Uygulamal\u0131 Bilimler \u00dcniversitesi&#8217;nden y\u00fcksek lisans \u00f6\u011frencileri haz\u0131rlad\u0131.<\/p>\n\n<h5 class=\"wp-block-heading\">Etkinlik \u0130ncelemesi i\u00e7in katk\u0131da bulunanlar<\/h5>\n\n<p>Orijinal ses sa\u011flay\u0131c\u0131: 12 A\u011fustos Giri\u015fimi&#8217;nden Jessica Mass\u00f3chua<br\/>Konu\u015fmac\u0131: Pia Fruth<br\/>Vaka yeniden yap\u0131land\u0131rma ekibi: Lina K., Chiara W., Jelle P., Frie H., Julia M.<br\/>Ses ve d\u00fczenleme: Jan Kunz<\/p>\n\n<h5 class=\"wp-block-heading\">Krediler bu sayfan\u0131n kapak foto\u011fraf\u0131<\/h5>\n\n<p>Cynthia Zimmermann<\/p>\n","protected":false},"excerpt":{"rendered":"<p>Bu podcast b\u00f6l\u00fcm\u00fc, iki K\u00fcbal\u0131 ta\u015feron i\u015f\u00e7isi Delfin Guerra ve Ra\u00fal Paret&#8217;in 1979&#8217;da \u00f6ld\u00fcr\u00fclmesini an\u0131yor. Bu b\u00f6l\u00fcmde, 12 A\u011fustos Giri\u015fimi&#8217;nden Cynthia Zimmermann ve gazeteci ve belgesel yap\u0131mc\u0131s\u0131 Julia Oelkers ile ailelerinin neden akrabalar\u0131n\u0131n \u00f6ld\u00fcr\u00fcld\u00fc\u011f\u00fcn\u00fc onlarca y\u0131l sonra \u00f6\u011frendi\u011fini ve \u00f6lenlerin an\u0131s\u0131n\u0131n neden toplumun \u00e7\u0131kar\u0131na olmas\u0131 gerekti\u011fini konu\u015fuyoruz. Olay 12 A\u011fustos 1969&#8217;da, iki K\u00fcbal\u0131 s\u00f6zde s\u00f6zle\u015fmeli [&hellip;]<\/p>\n","protected":false},"author":1,"featured_media":914,"parent":0,"menu_order":0,"comment_status":"closed","ping_status":"closed","template":"","meta":{"footnotes":""},"class_list":["post-1021","page","type-page","status-publish","has-post-thumbnail","hentry"],"_links":{"self":[{"href":"https:\/\/doing-memory.de\/tr\/wp-json\/wp\/v2\/pages\/1021"}],"collection":[{"href":"https:\/\/doing-memory.de\/tr\/wp-json\/wp\/v2\/pages"}],"about":[{"href":"https:\/\/doing-memory.de\/tr\/wp-json\/wp\/v2\/types\/page"}],"author":[{"embeddable":true,"href":"https:\/\/doing-memory.de\/tr\/wp-json\/wp\/v2\/users\/1"}],"replies":[{"embeddable":true,"href":"https:\/\/doing-memory.de\/tr\/wp-json\/wp\/v2\/comments?post=1021"}],"version-history":[{"count":3,"href":"https:\/\/doing-memory.de\/tr\/wp-json\/wp\/v2\/pages\/1021\/revisions"}],"predecessor-version":[{"id":1024,"href":"https:\/\/doing-memory.de\/tr\/wp-json\/wp\/v2\/pages\/1021\/revisions\/1024"}],"wp:featuredmedia":[{"embeddable":true,"href":"https:\/\/doing-memory.de\/tr\/wp-json\/wp\/v2\/media\/914"}],"wp:attachment":[{"href":"https:\/\/doing-memory.de\/tr\/wp-json\/wp\/v2\/media?parent=1021"}],"curies":[{"name":"wp","href":"https:\/\/api.w.org\/{rel}","templated":true}]}}