{"id":1017,"date":"2021-01-15T04:13:52","date_gmt":"2021-01-15T04:13:52","guid":{"rendered":"https:\/\/doing-memory.de\/bir-bakista-konular\/"},"modified":"2022-04-26T14:14:10","modified_gmt":"2022-04-26T14:14:10","slug":"bir-bakista-konular","status":"publish","type":"page","link":"https:\/\/doing-memory.de\/tr\/bir-bakista-konular\/","title":{"rendered":"Bir bak\u0131\u015fta konular"},"content":{"rendered":"<style>#jtg-150 .modula-item .jtg-social a, .lightbox-socials.jtg-social a{ fill: #ffffff; color: #ffffff }#jtg-150 .modula-item .jtg-social-mobile a{ fill: #ffffff; color: #ffffff }#jtg-150 .modula-item .jtg-social svg, .lightbox-socials.jtg-social svg { height: 16px; width: 16px }#jtg-150 .modula-item .jtg-social-mobile svg { height: 16px; width: 16px }#jtg-150 .modula-item .jtg-social a:not(:last-child), .lightbox-socials.jtg-social a:not(:last-child) { margin-right: 10px }#jtg-150 .modula-item .jtg-social-mobile .jtg-social-mobile-icons a:not(:last-child){ margin-right: 10px }#jtg-150 .modula-item .figc {}#jtg-150 .modula-item .figc .jtg-title {  font-size: 20px; }#jtg-150 .modula-item .modula-item-content { transform: scale(1) }#jtg-150{max-width:60%}#jtg-150 { width:60%;}#jtg-150 .modula-items .figc p.description { font-size:16px; }#jtg-150 .modula-items .figc p.description { color:;}#jtg-150.modula-gallery .modula-item > a, #jtg-150.modula-gallery .modula-item, #jtg-150.modula-gallery .modula-item-content > a:not(.modula-no-follow) { cursor:pointer; } #jtg-150.modula-gallery .modula-item-content .modula-no-follow { cursor: default; } #jtg-150 .modula-item .modula-item-overlay, #jtg-150 .modula-item.effect-layla, #jtg-150  .modula-item.effect-ruby,#jtg-150 .modula-item.effect-bubba,#jtg-150 .modula-item.effect-sarah,#jtg-150 .modula-item.effect-milo,#jtg-150 .modula-item.effect-julia,#jtg-150 .modula-item.effect-hera,#jtg-150 .modula-item.effect-winston,#jtg-150 .modula-item.effect-selena,#jtg-150 .modula-item.effect-terry,#jtg-150 .modula-item.effect-phoebe,#jtg-150 .modula-item.effect-apollo{ background-color:#fff; }#jtg-150  .modula-item.effect-oscar { background: -webkit-linear-gradient(45deg,#fff 0,#9b4a1b 40%,#fff 100%);background: linear-gradient(45deg,#fff 0,#9b4a1b 40%,#fff 100%);}#jtg-150  .modula-item.effect-roxy {background: -webkit-linear-gradient(45deg,#fff 0,#05abe0 100%);background: linear-gradient(45deg,#fff 0,#05abe0 100%);}#jtg-150 .modula-item.effect-dexter {background: -webkit-linear-gradient(top,#fff 0,rgba(104,60,19,1) 100%); background: linear-gradient(to bottom,#fff 0,rgba(104,60,19,1) 100%);}#jtg-150  .modula-item.effect-jazz {background: -webkit-linear-gradient(-45deg,#fff 0,#f33f58 100%);background: linear-gradient(-45deg,#fff 0,#f33f58 100%);}#jtg-150 .modula-item.effect-lexi {background: -webkit-linear-gradient(-45deg,#fff 0,#fff 100%);background: linear-gradient(-45deg,#fff 0,#fff 100%);}#jtg-150 .modula-item.effect-duke {background: -webkit-linear-gradient(-45deg,#fff 0,#cc6055 100%);background: linear-gradient(-45deg,#fff 0,#cc6055 100%);}#jtg-150 .modula-item.effect-ming .figc::before {border: 2px solid #fff; box-shadow: 0 0 0 100vmax rgba(255,255,255,0.5);}#jtg-150 .modula-item:hover img { opacity: 0.5; }#jtg-150 .jtg-title {font-weight:normal; }#jtg-150 p.description {font-weight:normal; }#jtg-150:not(.modula-loaded-scale)  .modula-item .modula-item-content { transform: scale(1) translate(0px,0px) rotate(0deg); }@keyframes modulaScaling { 0% {transform: scale(1) translate(0px,p0x) rotate(0deg);} 50%{transform: scale(1) translate(0px,0px) rotate(0deg);}100%{transform: scale(1) translate(0px,p0x) rotate(0deg);}}#jtg-150.modula-gallery .modula-item.effect-terry .jtg-social a:not(:last-child){margin-bottom:10px;}.modula-fancybox-container.modula-lightbox-jtg-150 .modula-fancybox-caption .modula-fancybox-caption__body, .modula-fancybox-container.modula-lightbox-jtg-150 .modula-fancybox-caption .modula-fancybox-caption__body p {text-align:center}html body .modula.modula-columns .modula-items.grid-gallery .modula-item.effect-under .modula-item-content { height:auto;}@media all and (max-width: 768px) { .modula-gallery .modula-item.effect-under.modula-caption-effect-item.jg-entry { margin-top: 20px; } }.modula-fancybox-container.modula-lightbox-jtg-150 .fancybox__caption {align-self:center}.modula-fancybox-container.modula-lightbox-jtg-150 {--fancybox-bg:rgba(30,30,30,0.9);--fancybox-opacity:1 !important;}.modula-fancybox-container.modula-lightbox-jtg-150 .fancybox__caption {align-self:center}@media screen and (max-width:480px){#jtg-150 .modula-item .figc .jtg-title {  font-size: 12px; }#jtg-150 .modula-items .figc p.description { color:;font-size:10px; }}<\/style>\n<!-- Gallery Container -->\n<div  id=\"jtg-150\" class=\"modula modula-gallery modula-columns\" data-config=\"{&quot;tabletHeight&quot;:800,&quot;mobileHeight&quot;:800,&quot;desktopHeight&quot;:800,&quot;enableTwitter&quot;:false,&quot;enableWhatsapp&quot;:false,&quot;enableFacebook&quot;:false,&quot;enablePinterest&quot;:false,&quot;enableLinkedin&quot;:false,&quot;enableEmail&quot;:false,&quot;randomFactor&quot;:0,&quot;type&quot;:&quot;grid&quot;,&quot;columns&quot;:12,&quot;gutter&quot;:20,&quot;mobileGutter&quot;:20,&quot;tabletGutter&quot;:20,&quot;desktopGutter&quot;:20,&quot;enableResponsive&quot;:&quot;0&quot;,&quot;tabletColumns&quot;:&quot;2&quot;,&quot;mobileColumns&quot;:&quot;1&quot;,&quot;lazyLoad&quot;:&quot;0&quot;,&quot;lightboxOpts&quot;:{&quot;animated&quot;:true,&quot;Thumbs&quot;:{&quot;type&quot;:&quot;modern&quot;,&quot;showOnStart&quot;:false},&quot;Toolbar&quot;:{&quot;display&quot;:{&quot;right&quot;:[&quot;close&quot;],&quot;left&quot;:[&quot;infobar&quot;]},&quot;enabled&quot;:true},&quot;Carousel&quot;:{&quot;Panzoom&quot;:{&quot;touch&quot;:true},&quot;infinite&quot;:false,&quot;transition&quot;:&quot;fade&quot;},&quot;keyboard&quot;:{&quot;Escape&quot;:&quot;close&quot;,&quot;Delete&quot;:&quot;close&quot;,&quot;Backspace&quot;:&quot;close&quot;,&quot;PageUp&quot;:&quot;next&quot;,&quot;PageDown&quot;:&quot;prev&quot;,&quot;ArrowUp&quot;:&quot;prev&quot;,&quot;ArrowDown&quot;:&quot;next&quot;,&quot;ArrowRight&quot;:&quot;next&quot;,&quot;ArrowLeft&quot;:&quot;prev&quot;},&quot;touch&quot;:{&quot;vertical&quot;:true,&quot;momentum&quot;:true},&quot;backdropClick&quot;:false,&quot;l10n&quot;:{&quot;CLOSE&quot;:&quot;Close&quot;,&quot;NEXT&quot;:&quot;Next&quot;,&quot;PREV&quot;:&quot;Previous&quot;,&quot;Error&quot;:&quot;The requested content cannot be loaded. Please try again later.&quot;,&quot;PLAY_START&quot;:&quot;Start slideshow&quot;,&quot;PLAY_STOP&quot;:&quot;Pause slideshow&quot;,&quot;FULL_SCREEN&quot;:&quot;Full screen&quot;,&quot;THUMBS&quot;:&quot;Thumbnails&quot;,&quot;DOWNLOAD&quot;:&quot;Download&quot;,&quot;SHARE&quot;:&quot;Share&quot;,&quot;ZOOM&quot;:&quot;Zoom&quot;,&quot;EMAIL&quot;:&quot;Here is the link to the image : %%image_link%% and this is the link to the gallery : %%gallery_link%%&quot;,&quot;MODAL&quot;:&quot;You can close this modal content with the ESC key&quot;,&quot;ERROR&quot;:&quot;Something Went Wrong, Please Try Again Later&quot;,&quot;IMAGE_ERROR&quot;:&quot;Image Not Found&quot;,&quot;ELEMENT_NOT_FOUND&quot;:&quot;HTML Element Not Found&quot;,&quot;AJAX_NOT_FOUND&quot;:&quot;Error Loading AJAX : Not Found&quot;,&quot;AJAX_FORBIDDEN&quot;:&quot;Error Loading AJAX : Forbidden&quot;,&quot;IFRAME_ERROR&quot;:&quot;Error Loading Page&quot;,&quot;TOGGLE_ZOOM&quot;:&quot;Toggle zoom level&quot;,&quot;TOGGLE_THUMBS&quot;:&quot;Toggle thumbnails&quot;,&quot;TOGGLE_SLIDESHOW&quot;:&quot;Toggle slideshow&quot;,&quot;TOGGLE_FULLSCREEN&quot;:&quot;Toggle full-screen mode&quot;},&quot;Images&quot;:{&quot;Panzoom&quot;:{&quot;maxScale&quot;:2},&quot;zoom&quot;:false},&quot;toolbar&quot;:true,&quot;wheel&quot;:false,&quot;animationEffect&quot;:&quot;&quot;,&quot;transitionEffect&quot;:&quot;fade&quot;,&quot;mainClass&quot;:&quot;modula-fancybox-container modula-lightbox-jtg-150&quot;,&quot;Html&quot;:{&quot;videoAutoplay&quot;:0,&quot;videoTpl&quot;:&quot;&lt;video class=\\&quot;fancybox__html5video\\&quot; controls muted playsinline controlsList controlsList=\\&quot;nodownload\\&quot; poster=\\&quot;{{poster}}\\&quot; src=\\&quot;{{src}}\\&quot; type=\\&quot;{{format}}\\&quot; &gt;  Sorry, your browser doesn&#039;t support embedded videos, &lt;a href=\\&quot;{{src}}\\&quot;&gt; download &lt;\\\/a&gt; and watch with your favorite video player! &lt;\\\/video&gt;&quot;},&quot;showClass&quot;:&quot;m-In&quot;,&quot;hideClass&quot;:&quot;m-Out&quot;},&quot;inView&quot;:false,&quot;email_subject&quot;:&quot;Check out this awesome image !!&quot;,&quot;email_message&quot;:&quot;Here is the link to the image : %%image_link%% and this is the link to the gallery : %%gallery_link%%&quot;,&quot;grid_type&quot;:&quot;automatic&quot;,&quot;rowHeight&quot;:300,&quot;lastRow&quot;:&quot;nojustify&quot;,&quot;lightbox&quot;:&quot;attachment-page&quot;,&quot;filterClick&quot;:&quot;0&quot;,&quot;dropdownFilters&quot;:&quot;0&quot;,&quot;defaultActiveFilter&quot;:&quot;all&quot;,&quot;initLightbox&quot;:&quot;modula_pro_init_lightbox&quot;,&quot;haveFilters&quot;:0,&quot;lightbox_devices&quot;:&quot;both&quot;}\">\n\n\t\n\t<!-- Items Container -->\n\t<div  class=\"modula-items grid-gallery\">\n\t\t<div class=\"modula-item modula-simple-link modula-simple-link effect- jtg-filter-all jtg-filter-\" >\n\t<div class=\"modula-item-overlay\"><\/div>\n\n\t<div class=\"modula-item-content\">\n\n\t\t\t\t\n\t\t\t\t\t<a data-image-id=\"228\" tabindex=\"0\" class=\"modula-simple-link modula-simple-link\" href=\"http:\/\/doing-memory.de\/rechte-gewalt-in-europa\/\" target=\"_blank\" data-thumb=\"https:\/\/doing-memory.de\/wp-content\/uploads\/2021\/01\/thementeaser_01_rechte-gewalt-1-150x150.png\" class=\"tile-inner modula-item-link\"><\/a>\n\t\t\n\t\t<img loading=\"lazy\" decoding=\"async\" class=\"pic wp-image-228\"  data-valign=\"middle\" data-halign=\"center\" alt=\"Thementeaser Rechte Gewalt in Europa mit Text\" data-full=\"https:\/\/doing-memory.de\/wp-content\/uploads\/2021\/01\/thementeaser_01_rechte-gewalt-1.png\" title=\"Rechte Gewalt in Europa\" width=\"300\" height=\"300\" src=\"https:\/\/doing-memory.de\/wp-content\/uploads\/2021\/01\/thementeaser_01_rechte-gewalt-1.png\" data-src=\"https:\/\/doing-memory.de\/wp-content\/uploads\/2021\/01\/thementeaser_01_rechte-gewalt-1.png\" data-caption=\"Was ist \u00fcberhaupt rechte Gewalt und wer \u00fcbt sie aus? Welches Ausma\u00df hat sie und wie hat sie sich in Deutschland, Griechenland, Norwegen und Gro\u00dfbritannien entwickelt?\" srcset=\"https:\/\/doing-memory.de\/wp-content\/uploads\/2021\/01\/thementeaser_01_rechte-gewalt-1.png 300w, https:\/\/doing-memory.de\/wp-content\/uploads\/2021\/01\/thementeaser_01_rechte-gewalt-1-150x150.png 150w\" sizes=\"(max-width: 300px) 100vw, 300px\" \/>\n\t\t<div class=\"figc\">\n\t\t\t<div class=\"figc-inner\">\n\t\t\t\t\t\t\t\t\t\t\t\t\t\t\t<\/div>\n\t\t<\/div>\n\n\t<\/div>\n\n<\/div><div class=\"modula-item modula-simple-link modula-simple-link effect- jtg-filter-all jtg-filter-\" >\n\t<div class=\"modula-item-overlay\"><\/div>\n\n\t<div class=\"modula-item-content\">\n\n\t\t\t\t\n\t\t\t\t\t<a data-image-id=\"216\" tabindex=\"0\" class=\"modula-simple-link modula-simple-link\" href=\"http:\/\/doing-memory.de\/die-perspektive-der-betroffenen\/\" target=\"_blank\" data-thumb=\"https:\/\/doing-memory.de\/wp-content\/uploads\/2021\/01\/thementeaser_02_perspektive-150x150.png\" class=\"tile-inner modula-item-link\"><\/a>\n\t\t\n\t\t<img loading=\"lazy\" decoding=\"async\" class=\"pic wp-image-216\"  data-valign=\"middle\" data-halign=\"center\" alt=\"Thementeaser Betroffenenperspektive\" data-full=\"https:\/\/doing-memory.de\/wp-content\/uploads\/2021\/01\/thementeaser_02_perspektive.png\" title=\"Die Perspektive der Betroffenen \" width=\"300\" height=\"300\" src=\"https:\/\/doing-memory.de\/wp-content\/uploads\/2021\/01\/thementeaser_02_perspektive.png\" data-src=\"https:\/\/doing-memory.de\/wp-content\/uploads\/2021\/01\/thementeaser_02_perspektive.png\" data-caption=\"Warum die Betroffenen rechter Gewalt zu selten geh\u00f6rt werden und  ihre Wahrnehmung so wichtig ist.\" srcset=\"https:\/\/doing-memory.de\/wp-content\/uploads\/2021\/01\/thementeaser_02_perspektive.png 300w, https:\/\/doing-memory.de\/wp-content\/uploads\/2021\/01\/thementeaser_02_perspektive-150x150.png 150w\" sizes=\"(max-width: 300px) 100vw, 300px\" \/>\n\t\t<div class=\"figc\">\n\t\t\t<div class=\"figc-inner\">\n\t\t\t\t\t\t\t\t\t\t\t\t\t\t\t<\/div>\n\t\t<\/div>\n\n\t<\/div>\n\n<\/div><div class=\"modula-item modula-simple-link modula-simple-link effect- jtg-filter-all jtg-filter-\" >\n\t<div class=\"modula-item-overlay\"><\/div>\n\n\t<div class=\"modula-item-content\">\n\n\t\t\t\t\n\t\t\t\t\t<a data-image-id=\"229\" tabindex=\"0\" class=\"modula-simple-link modula-simple-link\" href=\"http:\/\/doing-memory.de\/doing-memory-und-demokratie\/\" target=\"_blank\" data-thumb=\"https:\/\/doing-memory.de\/wp-content\/uploads\/2021\/01\/thementeaser_03_dm-demokratie-1-150x150.png\" class=\"tile-inner modula-item-link\"><\/a>\n\t\t\n\t\t<img loading=\"lazy\" decoding=\"async\" class=\"pic wp-image-229\"  data-valign=\"middle\" data-halign=\"center\" alt=\"\" data-full=\"https:\/\/doing-memory.de\/wp-content\/uploads\/2021\/01\/thementeaser_03_dm-demokratie-1.png\" title=\"Doing Memory und Demokratie\" width=\"300\" height=\"300\" src=\"https:\/\/doing-memory.de\/wp-content\/uploads\/2021\/01\/thementeaser_03_dm-demokratie-1.png\" data-src=\"https:\/\/doing-memory.de\/wp-content\/uploads\/2021\/01\/thementeaser_03_dm-demokratie-1.png\" data-caption=\"Rechte Ideologie und Demokratie - wie h\u00e4ngt das zusammen? Wie funktioniert das kollektive Ged\u00e4chtnis? Erinnern in einer Gesellschaft auf Grundlage des Modells der Basiserz\u00e4hlung verstehen. \" srcset=\"https:\/\/doing-memory.de\/wp-content\/uploads\/2021\/01\/thementeaser_03_dm-demokratie-1.png 300w, https:\/\/doing-memory.de\/wp-content\/uploads\/2021\/01\/thementeaser_03_dm-demokratie-1-150x150.png 150w\" sizes=\"(max-width: 300px) 100vw, 300px\" \/>\n\t\t<div class=\"figc\">\n\t\t\t<div class=\"figc-inner\">\n\t\t\t\t\t\t\t\t\t\t\t\t\t\t\t<\/div>\n\t\t<\/div>\n\n\t<\/div>\n\n<\/div><div class=\"modula-item modula-simple-link modula-simple-link effect- jtg-filter-all jtg-filter-\" >\n\t<div class=\"modula-item-overlay\"><\/div>\n\n\t<div class=\"modula-item-content\">\n\n\t\t\t\t\n\t\t\t\t\t<a data-image-id=\"230\" tabindex=\"0\" class=\"modula-simple-link modula-simple-link\" href=\"http:\/\/doing-memory.de\/konflikte-und-kontroversen\/\" target=\"_blank\" data-thumb=\"https:\/\/doing-memory.de\/wp-content\/uploads\/2021\/01\/thementeaser_04_konflikte-1-150x150.png\" class=\"tile-inner modula-item-link\"><\/a>\n\t\t\n\t\t<img loading=\"lazy\" decoding=\"async\" class=\"pic wp-image-230\"  data-valign=\"middle\" data-halign=\"center\" alt=\"\" data-full=\"https:\/\/doing-memory.de\/wp-content\/uploads\/2021\/01\/thementeaser_04_konflikte-1.png\" title=\"Konflikte und Kontroversen\" width=\"300\" height=\"300\" src=\"https:\/\/doing-memory.de\/wp-content\/uploads\/2021\/01\/thementeaser_04_konflikte-1.png\" data-src=\"https:\/\/doing-memory.de\/wp-content\/uploads\/2021\/01\/thementeaser_04_konflikte-1.png\" data-caption=\"Erinnerungsarbeit im Kontext rechter Gewalt bringt Konflikte und Kontroversen mit sich. Widerstand gegen die Akteur:innen. Der Wunsch nach Vergessen und viele mehr.\" srcset=\"https:\/\/doing-memory.de\/wp-content\/uploads\/2021\/01\/thementeaser_04_konflikte-1.png 300w, https:\/\/doing-memory.de\/wp-content\/uploads\/2021\/01\/thementeaser_04_konflikte-1-150x150.png 150w\" sizes=\"(max-width: 300px) 100vw, 300px\" \/>\n\t\t<div class=\"figc\">\n\t\t\t<div class=\"figc-inner\">\n\t\t\t\t\t\t\t\t\t\t\t\t\t\t\t<\/div>\n\t\t<\/div>\n\n\t<\/div>\n\n<\/div><div class=\"modula-item modula-simple-link modula-simple-link effect- jtg-filter-all jtg-filter-\" >\n\t<div class=\"modula-item-overlay\"><\/div>\n\n\t<div class=\"modula-item-content\">\n\n\t\t\t\t\n\t\t\t\t\t<a data-image-id=\"231\" tabindex=\"0\" class=\"modula-simple-link modula-simple-link\" href=\"http:\/\/doing-memory.de\/doing-memory-in-der-praxis-erleben\/\" target=\"_blank\" data-thumb=\"https:\/\/doing-memory.de\/wp-content\/uploads\/2021\/01\/thementeaser_05_praxis-1-150x150.png\" class=\"tile-inner modula-item-link\"><\/a>\n\t\t\n\t\t<img loading=\"lazy\" decoding=\"async\" class=\"pic wp-image-231\"  data-valign=\"middle\" data-halign=\"center\" alt=\"\" data-full=\"https:\/\/doing-memory.de\/wp-content\/uploads\/2021\/01\/thementeaser_05_praxis-1.png\" title=\"Doing Memory in der Praxis erleben\" width=\"300\" height=\"300\" src=\"https:\/\/doing-memory.de\/wp-content\/uploads\/2021\/01\/thementeaser_05_praxis-1.png\" data-src=\"https:\/\/doing-memory.de\/wp-content\/uploads\/2021\/01\/thementeaser_05_praxis-1.png\" data-caption=\"Wie sehen Formen von Erinnern in der Praxis aus? Eine Demonstration. Ein Mahnmal. Ein Theaterst\u00fcck. Erinnerungspraktiken sind vielf\u00e4ltig.\" srcset=\"https:\/\/doing-memory.de\/wp-content\/uploads\/2021\/01\/thementeaser_05_praxis-1.png 300w, https:\/\/doing-memory.de\/wp-content\/uploads\/2021\/01\/thementeaser_05_praxis-1-150x150.png 150w\" sizes=\"(max-width: 300px) 100vw, 300px\" \/>\n\t\t<div class=\"figc\">\n\t\t\t<div class=\"figc-inner\">\n\t\t\t\t\t\t\t\t\t\t\t\t\t\t\t<\/div>\n\t\t<\/div>\n\n\t<\/div>\n\n<\/div><div class=\"modula-item modula-simple-link modula-simple-link effect- jtg-filter-all jtg-filter-\" >\n\t<div class=\"modula-item-overlay\"><\/div>\n\n\t<div class=\"modula-item-content\">\n\n\t\t\t\t\n\t\t\t\t\t<a data-image-id=\"563\" tabindex=\"0\" class=\"modula-simple-link modula-simple-link\" href=\"https:\/\/doing-memory.de\/blind-spots\/\" data-thumb=\"https:\/\/doing-memory.de\/wp-content\/uploads\/2021\/03\/Blind-Spots-150x150.png\" class=\"tile-inner modula-item-link\"><\/a>\n\t\t\n\t\t<img loading=\"lazy\" decoding=\"async\" class=\"pic wp-image-563\"  data-valign=\"middle\" data-halign=\"center\" alt=\"\" data-full=\"https:\/\/doing-memory.de\/wp-content\/uploads\/2021\/03\/Blind-Spots.png\" title=\"Blind Spots\" width=\"300\" height=\"300\" src=\"https:\/\/doing-memory.de\/wp-content\/uploads\/2021\/03\/Blind-Spots.png\" data-src=\"https:\/\/doing-memory.de\/wp-content\/uploads\/2021\/03\/Blind-Spots.png\" data-caption=\"\" srcset=\"https:\/\/doing-memory.de\/wp-content\/uploads\/2021\/03\/Blind-Spots.png 300w, https:\/\/doing-memory.de\/wp-content\/uploads\/2021\/03\/Blind-Spots-150x150.png 150w\" sizes=\"(max-width: 300px) 100vw, 300px\" \/>\n\t\t<div class=\"figc no-description\">\n\t\t\t<div class=\"figc-inner\">\n\t\t\t\t\t\t\t\t\t\t\t\t\t\t\t<\/div>\n\t\t<\/div>\n\n\t<\/div>\n\n<\/div><div class=\"modula-item modula-simple-link modula-simple-link effect- jtg-filter-all jtg-filter-\" >\n\t<div class=\"modula-item-overlay\"><\/div>\n\n\t<div class=\"modula-item-content\">\n\n\t\t\t\t\n\t\t\t\t\t<a data-image-id=\"227\" tabindex=\"0\" class=\"modula-simple-link modula-simple-link\" href=\"http:\/\/doing-memory.de\/zukunftsvisionen\/\" target=\"_blank\" data-thumb=\"https:\/\/doing-memory.de\/wp-content\/uploads\/2021\/01\/thementeaser_06_visionen-1-150x150.png\" class=\"tile-inner modula-item-link\"><\/a>\n\t\t\n\t\t<img loading=\"lazy\" decoding=\"async\" class=\"pic wp-image-227\"  data-valign=\"middle\" data-halign=\"center\" alt=\"\" data-full=\"https:\/\/doing-memory.de\/wp-content\/uploads\/2021\/01\/thementeaser_06_visionen-1.png\" title=\"Zukunftsvisionen\" width=\"300\" height=\"300\" src=\"https:\/\/doing-memory.de\/wp-content\/uploads\/2021\/01\/thementeaser_06_visionen-1.png\" data-src=\"https:\/\/doing-memory.de\/wp-content\/uploads\/2021\/01\/thementeaser_06_visionen-1.png\" data-caption=\"Was k\u00f6nnen wir aus der Besch\u00e4ftigung mit Doing Memory und Erinnerungskultur lernen?\" srcset=\"https:\/\/doing-memory.de\/wp-content\/uploads\/2021\/01\/thementeaser_06_visionen-1.png 300w, https:\/\/doing-memory.de\/wp-content\/uploads\/2021\/01\/thementeaser_06_visionen-1-150x150.png 150w\" sizes=\"(max-width: 300px) 100vw, 300px\" \/>\n\t\t<div class=\"figc\">\n\t\t\t<div class=\"figc-inner\">\n\t\t\t\t\t\t\t\t\t\t\t\t\t\t\t<\/div>\n\t\t<\/div>\n\n\t<\/div>\n\n<\/div><div class=\"modula-item modula-simple-link modula-simple-link effect- jtg-filter-all jtg-filter-\" >\n\t<div class=\"modula-item-overlay\"><\/div>\n\n\t<div class=\"modula-item-content\">\n\n\t\t\t\t\n\t\t\t\t\t<a data-image-id=\"565\" tabindex=\"0\" class=\"modula-simple-link modula-simple-link\" href=\"https:\/\/doing-memory.de\/podcast\/\" data-thumb=\"https:\/\/doing-memory.de\/wp-content\/uploads\/2021\/03\/DM_thumbnail_podcast_300x300-150x150.png\" class=\"tile-inner modula-item-link\"><\/a>\n\t\t\n\t\t<img loading=\"lazy\" decoding=\"async\" class=\"pic wp-image-565\"  data-valign=\"middle\" data-halign=\"center\" alt=\"\" data-full=\"https:\/\/doing-memory.de\/wp-content\/uploads\/2021\/03\/DM_thumbnail_podcast_300x300.png\" title=\"Doing Memory Podcast\" width=\"300\" height=\"300\" src=\"https:\/\/doing-memory.de\/wp-content\/uploads\/2021\/03\/DM_thumbnail_podcast_300x300.png\" data-src=\"https:\/\/doing-memory.de\/wp-content\/uploads\/2021\/03\/DM_thumbnail_podcast_300x300.png\" data-caption=\"\" srcset=\"https:\/\/doing-memory.de\/wp-content\/uploads\/2021\/03\/DM_thumbnail_podcast_300x300.png 300w, https:\/\/doing-memory.de\/wp-content\/uploads\/2021\/03\/DM_thumbnail_podcast_300x300-150x150.png 150w\" sizes=\"(max-width: 300px) 100vw, 300px\" \/>\n\t\t<div class=\"figc no-description\">\n\t\t\t<div class=\"figc-inner\">\n\t\t\t\t\t\t\t\t\t\t\t\t\t\t\t<\/div>\n\t\t<\/div>\n\n\t<\/div>\n\n<\/div><div class=\"modula-item modula-simple-link modula-simple-link effect- jtg-filter-all jtg-filter-\" >\n\t<div class=\"modula-item-overlay\"><\/div>\n\n\t<div class=\"modula-item-content\">\n\n\t\t\t\t\n\t\t\t\t\t<a data-image-id=\"564\" tabindex=\"0\" class=\"modula-simple-link modula-simple-link\" href=\"https:\/\/doing-memory.de\/bibliographie\/\" data-thumb=\"https:\/\/doing-memory.de\/wp-content\/uploads\/2021\/03\/Zukunftsvisionen-150x150.png\" class=\"tile-inner modula-item-link\"><\/a>\n\t\t\n\t\t<img loading=\"lazy\" decoding=\"async\" class=\"pic wp-image-564\"  data-valign=\"middle\" data-halign=\"center\" alt=\"\" data-full=\"https:\/\/doing-memory.de\/wp-content\/uploads\/2021\/03\/Zukunftsvisionen.png\" title=\"Spezialbibliographie\" width=\"300\" height=\"300\" src=\"https:\/\/doing-memory.de\/wp-content\/uploads\/2021\/03\/Zukunftsvisionen.png\" data-src=\"https:\/\/doing-memory.de\/wp-content\/uploads\/2021\/03\/Zukunftsvisionen.png\" data-caption=\"\" srcset=\"https:\/\/doing-memory.de\/wp-content\/uploads\/2021\/03\/Zukunftsvisionen.png 300w, https:\/\/doing-memory.de\/wp-content\/uploads\/2021\/03\/Zukunftsvisionen-150x150.png 150w\" sizes=\"(max-width: 300px) 100vw, 300px\" \/>\n\t\t<div class=\"figc no-description\">\n\t\t\t<div class=\"figc-inner\">\n\t\t\t\t\t\t\t\t\t\t\t\t\t\t\t<\/div>\n\t\t<\/div>\n\n\t<\/div>\n\n<\/div>\t\t\n\t<\/div>\n\n\t\n\t\n\t<script type=\"application\/ld+json\">\n\t{\n\t\t\"@context\": \"http:\/\/schema.org\",\n\t\t\"@type\"   : \"ImageGallery\",\n\t\t\"id\"      : \"https:\/\/doing-memory.de\/tr\/bir-bakista-konular\/\",\n\t\t\"url\"     : \"https:\/\/doing-memory.de\/tr\/bir-bakista-konular\/\"\n\t}\n\n\t<\/script>\n\n\t\n<\/div>\n","protected":false},"excerpt":{"rendered":"","protected":false},"author":1,"featured_media":0,"parent":0,"menu_order":0,"comment_status":"closed","ping_status":"closed","template":"","meta":{"footnotes":""},"class_list":["post-1017","page","type-page","status-publish","hentry"],"_links":{"self":[{"href":"https:\/\/doing-memory.de\/tr\/wp-json\/wp\/v2\/pages\/1017"}],"collection":[{"href":"https:\/\/doing-memory.de\/tr\/wp-json\/wp\/v2\/pages"}],"about":[{"href":"https:\/\/doing-memory.de\/tr\/wp-json\/wp\/v2\/types\/page"}],"author":[{"embeddable":true,"href":"https:\/\/doing-memory.de\/tr\/wp-json\/wp\/v2\/users\/1"}],"replies":[{"embeddable":true,"href":"https:\/\/doing-memory.de\/tr\/wp-json\/wp\/v2\/comments?post=1017"}],"version-history":[{"count":3,"href":"https:\/\/doing-memory.de\/tr\/wp-json\/wp\/v2\/pages\/1017\/revisions"}],"predecessor-version":[{"id":1020,"href":"https:\/\/doing-memory.de\/tr\/wp-json\/wp\/v2\/pages\/1017\/revisions\/1020"}],"wp:attachment":[{"href":"https:\/\/doing-memory.de\/tr\/wp-json\/wp\/v2\/media?parent=1017"}],"curies":[{"name":"wp","href":"https:\/\/api.w.org\/{rel}","templated":true}]}}