{"id":1014,"date":"2022-03-19T16:36:40","date_gmt":"2022-03-19T16:36:40","guid":{"rendered":"https:\/\/doing-memory.de\/hatirlamak-ve-unutmak-rostock-lichtenhagen-2\/"},"modified":"2022-04-26T14:07:54","modified_gmt":"2022-04-26T14:07:54","slug":"hatirlamak-ve-unutmak-rostock-lichtenhagen-2","status":"publish","type":"page","link":"https:\/\/doing-memory.de\/tr\/hatirlamak-ve-unutmak-rostock-lichtenhagen-2\/","title":{"rendered":"Hat\u0131rlamak ve unutmak \u2013 Rostock-Lichtenhagen"},"content":{"rendered":"\n<p>Bu b\u00f6l\u00fcm\u00fcn ana temalar\u0131ndan biri, A\u011fustos 1992&#8217;de Rostock-Lichtenhagen&#8217;deki pogromun an\u0131s\u0131na siyasi ba\u011flamlar\u0131n nas\u0131l tematik olmaktan \u00e7\u0131kar\u0131ld\u0131\u011f\u0131d\u0131r. Konuklar\u0131m\u0131z <strong>Kien Nghi Ha<\/strong> ve <strong>Tr\u1ea7n Th\u1ecb Thu Trang<\/strong> ile \u015fehrin anma politikas\u0131n\u0131, ma\u011fdurlar\u0131n bak\u0131\u015f a\u00e7\u0131s\u0131n\u0131n \u201cunutulmas\u0131\u201d ve bir sonraki nesilde travmayla ba\u015fa \u00e7\u0131kma hakk\u0131nda konu\u015fuyoruz.<\/p>\n\n<iframe loading=\"lazy\" src=\"https:\/\/anchor.fm\/doing-memory\/embed\/episodes\/S1F02-Erinnern-und-Vergessen--Rostock-Lichtenhagen-e1fthfd\" height=\"140px\" width=\"400px\" frameborder=\"0\" scrolling=\"no\"><\/iframe>\n\n<h4 class=\"wp-block-heading\">Olay<\/h4>\n\n<p>22 ve 26 A\u011fustos 1992 tarihleri aras\u0131nda, Rostock-Lichtenhagen&#8217;de s\u0131\u011f\u0131nmac\u0131lar i\u00e7in merkezi kabul merkezinde (ZAst) insanlara ve s\u00f6zde Sonnenblumenhaus evinde Vietnaml\u0131 s\u00f6zle\u015fmeli i\u015f\u00e7ilerinin konaklamas\u0131na kar\u015f\u0131 \u0131rk\u00e7\u0131 kitlesel \u015fiddet ya\u015fand\u0131. Ayaklanmalara y\u00fczlerce a\u015f\u0131r\u0131 sa\u011fc\u0131 kat\u0131ld\u0131. Ayr\u0131ca, itfaiye ve polisin konu\u015fland\u0131r\u0131lmas\u0131n\u0131 engelleyen alk\u0131\u015flayan 3000&#8217;e yak\u0131n seyirci vard\u0131.<\/p>\n\n<p>24 A\u011fustos 1992 Pazartesi g\u00fcn\u00fc ZAst tahliye edildi. Bunun \u00fczerine 100&#8217;den fazla Vietnaml\u0131 s\u00f6zle\u015fmeli i\u015f\u00e7inin kald\u0131\u011f\u0131 lojman molotof kokteyli ile ate\u015fe verildi. Ayn\u0131 g\u00fcn, polis memurlar\u0131 geri \u00e7ekildi. Yanan evde mahsur kalanlar ise kendi hallerine b\u0131rak\u0131ld\u0131. Rostock-Lichtenhagen&#8217;deki \u015fiddetli sald\u0131r\u0131lar, 1990&#8217;lar\u0131n ba\u015f\u0131ndaki \u00e7ok say\u0131da sa\u011fc\u0131 \u015fiddet eyleminin \u00f6rnekleridir.<\/p>\n\n<h4 class=\"wp-block-heading\">Edebiyat, ba\u011flant\u0131lar ve arka planlar (Almanca&#8217;da)<\/h4>\n\n<p>Andersen, U. &amp; Wichard, W. (Hrsg.) (2003): Handw\u00f6rterbuch des politischen Systems der Bundesrepublik Deutschland. 5., aktual. Aufl. Opladen: Leske+Budrich 2003. Lizenzausgabe Bonn. Bundeszentrale f\u00fcr politische Bildung. Abgerufen 10. Mai 2021 von <a rel=\"noreferrer noopener\" href=\"https:\/\/web.archive.org\/web\/20141209171141\/http:\/www.bpb.de\/nachschlagen\/lexika\/handwo%20erterbuch-politisches-system\/40235\/auslaender-und-asyl?p=all\" target=\"_blank\">web.archive.org<\/a>.<\/p>\n\n<p>FAZ.de: Erschienen am 17.06.2002: Bew\u00e4hrungsstrafen f\u00fcr Randalierer von Rostock. Abgerufen 09. Mai 2021 von <a rel=\"noreferrer noopener\" href=\"https:\/\/www.faz.net\/aktuell\/gesellschaft\/auslaenderfeindlichkeitbewaehrungsstrafen-fuer-randalierer-von-rostock-137916.html\" target=\"_blank\">faz.net<\/a>.<\/p>\n\n<p>Guski, R. (2012): Nach Rostock-Lichtenhagen: Aufarbeitung und Perspektiven. S. 50f. In Prenzel, T. (Hrsg.) 20 Jahre Rostock-Lichtenhagen. Kontext, Dimensionen und Folgen der rassistischen Gewalt (Rostocker Information zu Pollitik und Verwaltung. Band 32). Universit\u00e4t Rostock. Institut f\u00fcr Politik- und Verwaltungswissenschaften.<\/p>\n\n<p>Herbert, U. (2014): Asylpolitik im Rauch der Brands\u00e4tze. S. 87-104. In: Luft, S. &amp; Schimany, P. (Hrsg.): 20 Jahre Asylkompromiss. Bilanz und Perspektiven. Transcript Verlag, Bielefeld. Abgerufen 09. Mai 2021 von <a rel=\"noreferrer noopener\" href=\"https:\/\/library.oapen.org\/bitstream\/id\/3bf5a15e-b8e2-404e-8aec-b26c1141034f\/646371.pdf\" target=\"_blank\">library.open.org<\/a>.<\/p>\n\n<p>Heseler, H. &amp; Warich, B. (1992): Mitteilung aus der Arbeitsmarkt- Berufsforschung. Strukturwandel, Besch\u00e4ftigung und Arbeitsmarktpolitik in Rostock. Abgerufen 11. Mai 2021 von <a rel=\"noreferrer noopener\" href=\"http:\/\/213.241.152.197\/mittab\/1992\/1992_3_MittAB_Heseler_Warich.pdf\" target=\"_blank\">http:\/\/213.241.152.197\/mittab\/1992\/1992_3_MittAB_Heseler_Warich.pdf<\/a>.<br\/>Lichtenhagen im Ged\u00e4chtnis: Dokumentationszentrum \/\/ Soziale Bildung e.V. Abgerufen 10. Mai 2021 von <a rel=\"noreferrer noopener\" href=\"https:\/\/lichtenhagen-1992.de\" target=\"_blank\">lichtenhagen-1992.de<\/a>.<\/p>\n\n<p>NDR (2012): Tausende erinnern an Lichtenhagen-Krawalle. Abgerufen 10. Mai 2021 von <a rel=\"noreferrer noopener\" href=\"https:\/\/web.archive.org\/web\/20120830070735\/http:\/www.ndr.de\/regional\/mecklenburgvorpommern\/lichtenhagen249.html\" target=\"_blank\">web.archive.org<\/a>.<\/p>\n\n<p>Prenzel, T. (2014): Rostock-Lichtenhagen im Kontext der Debatte um die Einschr\u00e4nkung des Grundrechts auf Asyl. In: Luft, S. &amp; Schimany, P. (Hrsg.): 20 Jahre Asylkompromiss. Bilanz und Perspektiven. Transcript Verlag, Bielefeld. Abgerufen 09. Mai 2021 von <a rel=\"noreferrer noopener\" href=\"https:\/\/library.oapen.org\/bitstream\/id\/3bf5a15e-b8e2-404e-8aec-b26c1141034f\/646371.pdf\" target=\"_blank\">library.oapen.org<\/a>.<\/p>\n\n<p>Schwarze, S. (1998): Das Arenen-Verhandlungsmodell zur Analyse von<br\/>Entscheidungsprozessen: die deutsche Asylpolitik im europ\u00e4ischen Kontext. Institutionelle Herausforderungen im Neuen Europa: Legitimit\u00e4t, Wirkung und Anpassung. S. 275-306. Opladen.<\/p>\n\n<p>Statista (2021): Anzahl der Asylantr\u00e4ge (Erstantr\u00e4ge) in Deutschland von 1991 bis 2021. Abgerufen 10. Mai 2021 von <a rel=\"noreferrer noopener\" href=\"https:\/\/de.statista.com\/statistik\/daten\/studie\/154286\/umfrage\/asylantraege-erstantraege-indeutschland-seit-1995\/\" target=\"_blank\">de.Statista.com<\/a>.<\/p>\n\n<p>Taz.de: Erschienen am 29. August 2012: Der Fuchsschwanz greift durch. Friedenseiche in Lichtenhagen abges\u00e4gt. Abgerufen 08. Mai 2021 von <a href=\"https:\/\/taz.de\/!5085336\/\" target=\"_blank\" rel=\"noreferrer noopener\">taz.de<\/a>.<\/p>\n\n<h4 class=\"wp-block-heading\">Katk\u0131da bulunanlar<\/h4>\n\n<p>Edit\u00f6rler: Tanja Thomas, Fabian Virchow ve Tobias Fernholz<br\/>Ortak fikir ve \u00fcretim: grasshopper kreativ<br\/>Moderat\u00f6r: Tanja Thomas ve Fabian Virchow<br\/>M\u00fczik: Martin Pfeilsticker ve Pia Fruth<\/p>\n\n<p>Etkinlik incelemesini T\u00fcbingen&#8217;deki Eberhard Karls \u00dcniversitesi ve D\u00fcsseldorf Uygulamal\u0131 Bilimler \u00dcniversitesi&#8217;nden y\u00fcksek lisans \u00f6\u011frencileri haz\u0131rlad\u0131.<\/p>\n\n<h5 class=\"wp-block-heading\">Etkinlik \u0130ncelemesi i\u00e7in katk\u0131da bulunanlar<\/h5>\n\n<p>Orijinal ses sa\u011flay\u0131c\u0131: Thomas Prenzel<br\/>Konu\u015fmac\u0131lar: Pia Fruth, Daniel Jacob<br\/>Proje Y\u00f6netimi: Jennifer Bittner<br\/>Ara\u015ft\u0131rma ve G\u00f6steri notlar\u0131: Charlotta Dourgounis<br\/>Anlat\u0131c\u0131: Mira Weiss, Julia Fai\u00dft<br\/>R\u00f6portaj ve d\u00fczenleme: Anna Roloff<br\/>Al\u0131nt\u0131: Ronja Heukelbach<\/p>\n","protected":false},"excerpt":{"rendered":"<p>Bu b\u00f6l\u00fcm\u00fcn ana temalar\u0131ndan biri, A\u011fustos 1992&#8217;de Rostock-Lichtenhagen&#8217;deki pogromun an\u0131s\u0131na siyasi ba\u011flamlar\u0131n nas\u0131l tematik olmaktan \u00e7\u0131kar\u0131ld\u0131\u011f\u0131d\u0131r. Konuklar\u0131m\u0131z Kien Nghi Ha ve Tr\u1ea7n Th\u1ecb Thu Trang ile \u015fehrin anma politikas\u0131n\u0131, ma\u011fdurlar\u0131n bak\u0131\u015f a\u00e7\u0131s\u0131n\u0131n \u201cunutulmas\u0131\u201d ve bir sonraki nesilde travmayla ba\u015fa \u00e7\u0131kma hakk\u0131nda konu\u015fuyoruz. Olay 22 ve 26 A\u011fustos 1992 tarihleri aras\u0131nda, Rostock-Lichtenhagen&#8217;de s\u0131\u011f\u0131nmac\u0131lar i\u00e7in merkezi kabul [&hellip;]<\/p>\n","protected":false},"author":1,"featured_media":876,"parent":0,"menu_order":0,"comment_status":"closed","ping_status":"closed","template":"","meta":{"footnotes":""},"class_list":["post-1014","page","type-page","status-publish","has-post-thumbnail","hentry"],"_links":{"self":[{"href":"https:\/\/doing-memory.de\/tr\/wp-json\/wp\/v2\/pages\/1014"}],"collection":[{"href":"https:\/\/doing-memory.de\/tr\/wp-json\/wp\/v2\/pages"}],"about":[{"href":"https:\/\/doing-memory.de\/tr\/wp-json\/wp\/v2\/types\/page"}],"author":[{"embeddable":true,"href":"https:\/\/doing-memory.de\/tr\/wp-json\/wp\/v2\/users\/1"}],"replies":[{"embeddable":true,"href":"https:\/\/doing-memory.de\/tr\/wp-json\/wp\/v2\/comments?post=1014"}],"version-history":[{"count":2,"href":"https:\/\/doing-memory.de\/tr\/wp-json\/wp\/v2\/pages\/1014\/revisions"}],"predecessor-version":[{"id":1016,"href":"https:\/\/doing-memory.de\/tr\/wp-json\/wp\/v2\/pages\/1014\/revisions\/1016"}],"wp:featuredmedia":[{"embeddable":true,"href":"https:\/\/doing-memory.de\/tr\/wp-json\/wp\/v2\/media\/876"}],"wp:attachment":[{"href":"https:\/\/doing-memory.de\/tr\/wp-json\/wp\/v2\/media?parent=1014"}],"curies":[{"name":"wp","href":"https:\/\/api.w.org\/{rel}","templated":true}]}}