{"id":1009,"date":"2022-03-20T10:23:02","date_gmt":"2022-03-20T10:23:02","guid":{"rendered":"https:\/\/doing-memory.de\/blind-spots\/"},"modified":"2022-04-26T13:50:30","modified_gmt":"2022-04-26T13:50:30","slug":"blind-spots","status":"publish","type":"page","link":"https:\/\/doing-memory.de\/tr\/blind-spots\/","title":{"rendered":"Blind Spots"},"content":{"rendered":"\n<h2 class=\"wp-block-heading\">Unutulmu\u015f, bast\u0131r\u0131lm\u0131\u015f veya reddedilmi\u015f<\/h2>\n\n<p>Bug\u00fcne kadar, \u00e7ok say\u0131da sa\u011fc\u0131 \u015fiddet eylemi, herhangi bir haf\u0131za eylemi eylemini tetiklemedi. Ya da bu dosyalar medyada neredeyse hi\u00e7 yer bulmad\u0131 ve daha geni\u015f bir alg\u0131lanmad\u0131. Bu nedenle, b\u00fcy\u00fck \u00f6l\u00e7\u00fcde unutulur, bast\u0131r\u0131l\u0131r veya reddedilir.<\/p>\n\n<p>\u00d6rnek olarak, sa\u011fc\u0131 \u015fiddetin \u00fc\u00e7 alan\u0131na i\u015faret ediyoruz:<\/p>\n<style>#jtg-551 .modula-item .jtg-social a, .lightbox-socials.jtg-social a{ fill: #ffffff; color: #ffffff }#jtg-551 .modula-item .jtg-social-mobile a{ fill: #ffffff; color: #ffffff }#jtg-551 .modula-item .jtg-social svg, .lightbox-socials.jtg-social svg { height: 16px; width: 16px }#jtg-551 .modula-item .jtg-social-mobile svg { height: 16px; width: 16px }#jtg-551 .modula-item .jtg-social a:not(:last-child), .lightbox-socials.jtg-social a:not(:last-child) { margin-right: 10px }#jtg-551 .modula-item .jtg-social-mobile .jtg-social-mobile-icons a:not(:last-child){ margin-right: 10px }#jtg-551 .modula-item .figc .jtg-title {  font-size: 20px; }#jtg-551 .modula-item .modula-item-content { transform: scale(1) }#jtg-551{max-width:60%}#jtg-551 { width:60%;}#jtg-551 .modula-items .figc p.description { color:;}#jtg-551.modula-gallery .modula-item > a, #jtg-551.modula-gallery .modula-item, #jtg-551.modula-gallery .modula-item-content > a:not(.modula-no-follow) { cursor:pointer; } #jtg-551.modula-gallery .modula-item-content .modula-no-follow { cursor: default; } #jtg-551 .modula-item .modula-item-overlay, #jtg-551 .modula-item.effect-layla, #jtg-551  .modula-item.effect-ruby,#jtg-551 .modula-item.effect-bubba,#jtg-551 .modula-item.effect-sarah,#jtg-551 .modula-item.effect-milo,#jtg-551 .modula-item.effect-julia,#jtg-551 .modula-item.effect-hera,#jtg-551 .modula-item.effect-winston,#jtg-551 .modula-item.effect-selena,#jtg-551 .modula-item.effect-terry,#jtg-551 .modula-item.effect-phoebe,#jtg-551 .modula-item.effect-apollo{ background-color:#000000; }#jtg-551  .modula-item.effect-oscar { background: -webkit-linear-gradient(45deg,#000000 0,#9b4a1b 40%,#000000 100%);background: linear-gradient(45deg,#000000 0,#9b4a1b 40%,#000000 100%);}#jtg-551  .modula-item.effect-roxy {background: -webkit-linear-gradient(45deg,#000000 0,#05abe0 100%);background: linear-gradient(45deg,#000000 0,#05abe0 100%);}#jtg-551 .modula-item.effect-dexter {background: -webkit-linear-gradient(top,#000000 0,rgba(104,60,19,1) 100%); background: linear-gradient(to bottom,#000000 0,rgba(104,60,19,1) 100%);}#jtg-551  .modula-item.effect-jazz {background: -webkit-linear-gradient(-45deg,#000000 0,#f33f58 100%);background: linear-gradient(-45deg,#000000 0,#f33f58 100%);}#jtg-551 .modula-item.effect-lexi {background: -webkit-linear-gradient(-45deg,#000000 0,#fff 100%);background: linear-gradient(-45deg,#000000 0,#fff 100%);}#jtg-551 .modula-item.effect-duke {background: -webkit-linear-gradient(-45deg,#000000 0,#cc6055 100%);background: linear-gradient(-45deg,#000000 0,#cc6055 100%);}#jtg-551 .modula-item.effect-ming .figc::before {border: 2px solid #000000; box-shadow: 0 0 0 100vmax rgba(0,0,0,0.8);}#jtg-551 .modula-item:hover img { opacity: 0.2; }#jtg-551 .jtg-title{ font-family:Montserrat Alternates; }#jtg-551 .jtg-title {font-weight:700; }#jtg-551 p.description {font-weight:300; }#jtg-551:not(.modula-loaded-scale)  .modula-item .modula-item-content { transform: scale(1) translate(0px,0px) rotate(0deg); }@keyframes modulaScaling { 0% {transform: scale(1) translate(0px,p0x) rotate(0deg);} 50%{transform: scale(1) translate(0px,0px) rotate(0deg);}100%{transform: scale(1) translate(0px,p0x) rotate(0deg);}}#jtg-551.modula-gallery .modula-item.effect-terry .jtg-social a:not(:last-child){margin-bottom:10px;}.modula-fancybox-container.modula-lightbox-jtg-551 .modula-fancybox-caption .modula-fancybox-caption__body, .modula-fancybox-container.modula-lightbox-jtg-551 .modula-fancybox-caption .modula-fancybox-caption__body p {text-align:center}html body .modula.modula-columns .modula-items.grid-gallery .modula-item.effect-under .modula-item-content { height:auto;}@media all and (max-width: 768px) { .modula-gallery .modula-item.effect-under.modula-caption-effect-item.jg-entry { margin-top: 20px; } }.modula-fancybox-container.modula-lightbox-jtg-551 .fancybox__caption {align-self:center}.modula-fancybox-container.modula-lightbox-jtg-551 {--fancybox-bg:#cd2653;--fancybox-opacity:1 !important;}.modula-fancybox-container.modula-lightbox-jtg-551 .fancybox__caption {align-self:center}@media screen and (max-width:480px){#jtg-551 .modula-item .figc .jtg-title {  font-size: 12px; }#jtg-551 .modula-items .figc p.description { color:;font-size:10px; }}<\/style>\n<!-- Gallery Container -->\n<div  id=\"jtg-551\" class=\"modula modula-gallery modula-columns\" data-config=\"{&quot;tabletHeight&quot;:800,&quot;mobileHeight&quot;:800,&quot;desktopHeight&quot;:800,&quot;enableTwitter&quot;:false,&quot;enableWhatsapp&quot;:false,&quot;enableFacebook&quot;:false,&quot;enablePinterest&quot;:false,&quot;enableLinkedin&quot;:false,&quot;enableEmail&quot;:false,&quot;randomFactor&quot;:0,&quot;type&quot;:&quot;grid&quot;,&quot;columns&quot;:12,&quot;gutter&quot;:20,&quot;mobileGutter&quot;:20,&quot;tabletGutter&quot;:20,&quot;desktopGutter&quot;:20,&quot;enableResponsive&quot;:&quot;0&quot;,&quot;tabletColumns&quot;:&quot;2&quot;,&quot;mobileColumns&quot;:&quot;1&quot;,&quot;lazyLoad&quot;:&quot;0&quot;,&quot;lightboxOpts&quot;:{&quot;animated&quot;:true,&quot;Thumbs&quot;:{&quot;type&quot;:&quot;modern&quot;,&quot;showOnStart&quot;:false},&quot;Toolbar&quot;:{&quot;display&quot;:{&quot;right&quot;:[&quot;close&quot;],&quot;left&quot;:[&quot;infobar&quot;]},&quot;enabled&quot;:true},&quot;Carousel&quot;:{&quot;Panzoom&quot;:{&quot;touch&quot;:false},&quot;infinite&quot;:false,&quot;transition&quot;:&quot;fade&quot;},&quot;keyboard&quot;:{&quot;Escape&quot;:&quot;close&quot;,&quot;Delete&quot;:&quot;close&quot;,&quot;Backspace&quot;:&quot;close&quot;,&quot;PageUp&quot;:false,&quot;PageDown&quot;:false,&quot;ArrowUp&quot;:false,&quot;ArrowDown&quot;:false,&quot;ArrowRight&quot;:false,&quot;ArrowLeft&quot;:false},&quot;touch&quot;:false,&quot;backdropClick&quot;:false,&quot;l10n&quot;:{&quot;CLOSE&quot;:&quot;Close&quot;,&quot;NEXT&quot;:&quot;Next&quot;,&quot;PREV&quot;:&quot;Previous&quot;,&quot;Error&quot;:&quot;The requested content cannot be loaded. Please try again later.&quot;,&quot;PLAY_START&quot;:&quot;Start slideshow&quot;,&quot;PLAY_STOP&quot;:&quot;Pause slideshow&quot;,&quot;FULL_SCREEN&quot;:&quot;Full screen&quot;,&quot;THUMBS&quot;:&quot;Thumbnails&quot;,&quot;DOWNLOAD&quot;:&quot;Download&quot;,&quot;SHARE&quot;:&quot;Share&quot;,&quot;ZOOM&quot;:&quot;Zoom&quot;,&quot;EMAIL&quot;:&quot;Here is the link to the image : %%image_link%% and this is the link to the gallery : %%gallery_link%%&quot;,&quot;MODAL&quot;:&quot;You can close this modal content with the ESC key&quot;,&quot;ERROR&quot;:&quot;Something Went Wrong, Please Try Again Later&quot;,&quot;IMAGE_ERROR&quot;:&quot;Image Not Found&quot;,&quot;ELEMENT_NOT_FOUND&quot;:&quot;HTML Element Not Found&quot;,&quot;AJAX_NOT_FOUND&quot;:&quot;Error Loading AJAX : Not Found&quot;,&quot;AJAX_FORBIDDEN&quot;:&quot;Error Loading AJAX : Forbidden&quot;,&quot;IFRAME_ERROR&quot;:&quot;Error Loading Page&quot;,&quot;TOGGLE_ZOOM&quot;:&quot;Toggle zoom level&quot;,&quot;TOGGLE_THUMBS&quot;:&quot;Toggle thumbnails&quot;,&quot;TOGGLE_SLIDESHOW&quot;:&quot;Toggle slideshow&quot;,&quot;TOGGLE_FULLSCREEN&quot;:&quot;Toggle full-screen mode&quot;},&quot;Images&quot;:{&quot;Panzoom&quot;:{&quot;maxScale&quot;:2}},&quot;toolbar&quot;:true,&quot;wheel&quot;:false,&quot;animationEffect&quot;:&quot;false&quot;,&quot;animationDuration&quot;:366,&quot;transitionEffect&quot;:&quot;false&quot;,&quot;mainClass&quot;:&quot;modula-fancybox-container modula-lightbox-jtg-551&quot;,&quot;Html&quot;:{&quot;videoAutoplay&quot;:0,&quot;videoTpl&quot;:&quot;&lt;video class=\\&quot;fancybox__html5video\\&quot; controls muted playsinline controlsList controlsList=\\&quot;nodownload\\&quot; poster=\\&quot;{{poster}}\\&quot; src=\\&quot;{{src}}\\&quot; type=\\&quot;{{format}}\\&quot; &gt;  Sorry, your browser doesn&#039;t support embedded videos, &lt;a href=\\&quot;{{src}}\\&quot;&gt; download &lt;\\\/a&gt; and watch with your favorite video player! &lt;\\\/video&gt;&quot;}},&quot;inView&quot;:false,&quot;email_subject&quot;:&quot;Check out this awesome image !!&quot;,&quot;email_message&quot;:&quot;Here is the link to the image : %%image_link%% and this is the link to the gallery : %%gallery_link%%&quot;,&quot;grid_type&quot;:&quot;automatic&quot;,&quot;rowHeight&quot;:300,&quot;lastRow&quot;:&quot;nojustify&quot;,&quot;lightbox&quot;:&quot;direct&quot;,&quot;filterClick&quot;:&quot;0&quot;,&quot;dropdownFilters&quot;:&quot;0&quot;,&quot;defaultActiveFilter&quot;:&quot;all&quot;,&quot;initLightbox&quot;:&quot;modula_pro_init_lightbox&quot;,&quot;haveFilters&quot;:0,&quot;lightbox_devices&quot;:&quot;both&quot;}\">\n\n\t\n\t<!-- Items Container -->\n\t<div  class=\"modula-items grid-gallery\">\n\t\t<div class=\"modula-item modula-simple-link modula-simple-link effect-fluid-up jtg-filter-all jtg-filter-\" >\n\t<div class=\"modula-item-overlay\"><\/div>\n\n\t<div class=\"modula-item-content\">\n\n\t\t\t\t\n\t\t\t\t\t<a data-image-id=\"553\" tabindex=\"0\" href=\"https:\/\/doing-memory.de\/antisemitische-figuren\/\" class=\"modula-simple-link modula-simple-link\" data-thumb=\"https:\/\/doing-memory.de\/wp-content\/uploads\/2022\/03\/DM_Thumbnail_Blinds_antisemitische-figuren_300x300-150x150.png\" target=\"_blank\" class=\"tile-inner modula-item-link\"><\/a>\n\t\t\n\t\t<img loading=\"lazy\" decoding=\"async\" class=\"pic wp-image-553\"  data-valign=\"middle\" data-halign=\"center\" alt=\"\" data-full=\"https:\/\/doing-memory.de\/wp-content\/uploads\/2022\/03\/DM_Thumbnail_Blinds_antisemitische-figuren_300x300.png\" title=\"Blind Spot: Antisemitische Figuren\" width=\"300\" height=\"300\" src=\"https:\/\/doing-memory.de\/wp-content\/uploads\/2022\/03\/DM_Thumbnail_Blinds_antisemitische-figuren_300x300.png\" data-src=\"https:\/\/doing-memory.de\/wp-content\/uploads\/2022\/03\/DM_Thumbnail_Blinds_antisemitische-figuren_300x300.png\" data-caption=\"Antisemitische Figuren in der deutschen Literatur seit 1945\" srcset=\"https:\/\/doing-memory.de\/wp-content\/uploads\/2022\/03\/DM_Thumbnail_Blinds_antisemitische-figuren_300x300.png 300w, https:\/\/doing-memory.de\/wp-content\/uploads\/2022\/03\/DM_Thumbnail_Blinds_antisemitische-figuren_300x300-150x150.png 150w\" sizes=\"(max-width: 300px) 100vw, 300px\" \/>\n\t\t<div class=\"figc\">\n\t\t\t<div class=\"figc-inner\">\n\t\t\t\t\t\t\t\t\t\t\t\t\t<p class=\"description\">Antisemitische Figuren in der deutschen Literatur seit 1945<\/p>\n\t\t\t\t\t\t\t\t\t\t\t<\/div>\n\t\t<\/div>\n\n\t<\/div>\n\n<\/div><div class=\"modula-item modula-simple-link modula-simple-link effect-fluid-up jtg-filter-all jtg-filter-\" >\n\t<div class=\"modula-item-overlay\"><\/div>\n\n\t<div class=\"modula-item-content\">\n\n\t\t\t\t\n\t\t\t\t\t<a data-image-id=\"554\" tabindex=\"0\" href=\"https:\/\/doing-memory.de\/femizide\" class=\"modula-simple-link modula-simple-link\" data-thumb=\"https:\/\/doing-memory.de\/wp-content\/uploads\/2022\/03\/DM_Thumbnail_Blinds_femizide_300x300-150x150.png\" target=\"_blank\" class=\"tile-inner modula-item-link\"><\/a>\n\t\t\n\t\t<img loading=\"lazy\" decoding=\"async\" class=\"pic wp-image-554\"  data-valign=\"middle\" data-halign=\"center\" alt=\"\" data-full=\"https:\/\/doing-memory.de\/wp-content\/uploads\/2022\/03\/DM_Thumbnail_Blinds_femizide_300x300.png\" title=\"Blind Spot: Femizide\" width=\"300\" height=\"300\" src=\"https:\/\/doing-memory.de\/wp-content\/uploads\/2022\/03\/DM_Thumbnail_Blinds_femizide_300x300.png\" data-src=\"https:\/\/doing-memory.de\/wp-content\/uploads\/2022\/03\/DM_Thumbnail_Blinds_femizide_300x300.png\" data-caption=\"Doing Memory und Femizide in der \u00f6ffentlichen (Un)Sichtbarkeit\" srcset=\"https:\/\/doing-memory.de\/wp-content\/uploads\/2022\/03\/DM_Thumbnail_Blinds_femizide_300x300.png 300w, https:\/\/doing-memory.de\/wp-content\/uploads\/2022\/03\/DM_Thumbnail_Blinds_femizide_300x300-150x150.png 150w\" sizes=\"(max-width: 300px) 100vw, 300px\" \/>\n\t\t<div class=\"figc\">\n\t\t\t<div class=\"figc-inner\">\n\t\t\t\t\t\t\t\t\t\t\t\t\t<p class=\"description\">Doing Memory und Femizide in der \u00f6ffentlichen (Un)Sichtbarkeit<\/p>\n\t\t\t\t\t\t\t\t\t\t\t<\/div>\n\t\t<\/div>\n\n\t<\/div>\n\n<\/div><div class=\"modula-item modula-simple-link modula-simple-link effect-fluid-up jtg-filter-all jtg-filter-\" >\n\t<div class=\"modula-item-overlay\"><\/div>\n\n\t<div class=\"modula-item-content\">\n\n\t\t\t\t\n\t\t\t\t\t<a data-image-id=\"582\" tabindex=\"0\" href=\"https:\/\/doing-memory.de\/gewalt-gegen-linke\/\" class=\"modula-simple-link modula-simple-link\" data-thumb=\"https:\/\/doing-memory.de\/wp-content\/uploads\/2022\/03\/DM_thumbnail_re-gewalt-gg-linke_300x300-150x150.png\" class=\"tile-inner modula-item-link\"><\/a>\n\t\t\n\t\t<img loading=\"lazy\" decoding=\"async\" class=\"pic wp-image-582\"  data-valign=\"middle\" data-halign=\"center\" alt=\"\" data-full=\"https:\/\/doing-memory.de\/wp-content\/uploads\/2022\/03\/DM_thumbnail_re-gewalt-gg-linke_300x300.png\" title=\"Rechte Gewalt gegen Linke\" width=\"300\" height=\"300\" src=\"https:\/\/doing-memory.de\/wp-content\/uploads\/2022\/03\/DM_thumbnail_re-gewalt-gg-linke_300x300.png\" data-src=\"https:\/\/doing-memory.de\/wp-content\/uploads\/2022\/03\/DM_thumbnail_re-gewalt-gg-linke_300x300.png\" data-caption=\"Rechte Gewalt gegen die Linke\" srcset=\"https:\/\/doing-memory.de\/wp-content\/uploads\/2022\/03\/DM_thumbnail_re-gewalt-gg-linke_300x300.png 300w, https:\/\/doing-memory.de\/wp-content\/uploads\/2022\/03\/DM_thumbnail_re-gewalt-gg-linke_300x300-150x150.png 150w\" sizes=\"(max-width: 300px) 100vw, 300px\" \/>\n\t\t<div class=\"figc\">\n\t\t\t<div class=\"figc-inner\">\n\t\t\t\t\t\t\t\t\t\t\t\t\t<p class=\"description\">Rechte Gewalt gegen die Linke<\/p>\n\t\t\t\t\t\t\t\t\t\t\t<\/div>\n\t\t<\/div>\n\n\t<\/div>\n\n<\/div>\t\t\n\t<\/div>\n\n\t\n\t\n\t<script type=\"application\/ld+json\">\n\t{\n\t\t\"@context\": \"http:\/\/schema.org\",\n\t\t\"@type\"   : \"ImageGallery\",\n\t\t\"id\"      : \"https:\/\/doing-memory.de\/tr\/blind-spots\/\",\n\t\t\"url\"     : \"https:\/\/doing-memory.de\/tr\/blind-spots\/\"\n\t}\n\n\t<\/script>\n\n\t\n<\/div>\n\n<hr class=\"wp-block-separator\"\/>\n\n<h2 class=\"wp-block-heading\">\u0130lgili Ba\u011flant\u0131lar<\/h2>\n\n<p>Almanya&#8217;da \u00e7ok say\u0131da proje, anma \u00e7al\u0131\u015fmalar\u0131 yap\u0131yor ve sa\u011fc\u0131 \u015fiddet hakk\u0131nda bilgi veriyor. Bunlar, di\u011fer \u015feylerin yan\u0131 s\u0131ra<\/p>\n\n<p><a href=\"https:\/\/www.rechtesland.de\/\" target=\"_blank\" rel=\"noreferrer noopener\">https:\/\/www.rechtesland.de\/<\/a><\/p>\n\n<p><a href=\"https:\/\/opfer-rechter-gewalt.de\/\" target=\"_blank\" rel=\"noreferrer noopener\">https:\/\/opfer-rechter-gewalt.de\/<\/a><\/p>\n\n<p><a href=\"https:\/\/www.todesopfer-rechter-gewalt-in-brandenburg.de\/victims.php\" target=\"_blank\" rel=\"noreferrer noopener\">https:\/\/www.todesopfer-rechter-gewalt-in-brandenburg.de\/victims.php<\/a><\/p>\n\n<p> <\/p>\n","protected":false},"excerpt":{"rendered":"<p>Unutulmu\u015f, bast\u0131r\u0131lm\u0131\u015f veya reddedilmi\u015f Bug\u00fcne kadar, \u00e7ok say\u0131da sa\u011fc\u0131 \u015fiddet eylemi, herhangi bir haf\u0131za eylemi eylemini tetiklemedi. Ya da bu dosyalar medyada neredeyse hi\u00e7 yer bulmad\u0131 ve daha geni\u015f bir alg\u0131lanmad\u0131. Bu nedenle, b\u00fcy\u00fck \u00f6l\u00e7\u00fcde unutulur, bast\u0131r\u0131l\u0131r veya reddedilir. \u00d6rnek olarak, sa\u011fc\u0131 \u015fiddetin \u00fc\u00e7 alan\u0131na i\u015faret ediyoruz: \u0130lgili Ba\u011flant\u0131lar Almanya&#8217;da \u00e7ok say\u0131da proje, anma \u00e7al\u0131\u015fmalar\u0131 [&hellip;]<\/p>\n","protected":false},"author":1,"featured_media":892,"parent":0,"menu_order":0,"comment_status":"closed","ping_status":"closed","template":"","meta":{"footnotes":""},"class_list":["post-1009","page","type-page","status-publish","has-post-thumbnail","hentry"],"_links":{"self":[{"href":"https:\/\/doing-memory.de\/tr\/wp-json\/wp\/v2\/pages\/1009"}],"collection":[{"href":"https:\/\/doing-memory.de\/tr\/wp-json\/wp\/v2\/pages"}],"about":[{"href":"https:\/\/doing-memory.de\/tr\/wp-json\/wp\/v2\/types\/page"}],"author":[{"embeddable":true,"href":"https:\/\/doing-memory.de\/tr\/wp-json\/wp\/v2\/users\/1"}],"replies":[{"embeddable":true,"href":"https:\/\/doing-memory.de\/tr\/wp-json\/wp\/v2\/comments?post=1009"}],"version-history":[{"count":3,"href":"https:\/\/doing-memory.de\/tr\/wp-json\/wp\/v2\/pages\/1009\/revisions"}],"predecessor-version":[{"id":1012,"href":"https:\/\/doing-memory.de\/tr\/wp-json\/wp\/v2\/pages\/1009\/revisions\/1012"}],"wp:featuredmedia":[{"embeddable":true,"href":"https:\/\/doing-memory.de\/tr\/wp-json\/wp\/v2\/media\/892"}],"wp:attachment":[{"href":"https:\/\/doing-memory.de\/tr\/wp-json\/wp\/v2\/media?parent=1009"}],"curies":[{"name":"wp","href":"https:\/\/api.w.org\/{rel}","templated":true}]}}