{"id":1001,"date":"2022-03-20T12:18:05","date_gmt":"2022-03-20T12:18:05","guid":{"rendered":"https:\/\/doing-memory.de\/sola-karsi-sagci-siddet\/"},"modified":"2022-04-26T13:41:30","modified_gmt":"2022-04-26T13:41:30","slug":"sola-karsi-sagci-siddet","status":"publish","type":"page","link":"https:\/\/doing-memory.de\/tr\/sola-karsi-sagci-siddet\/","title":{"rendered":"Sola kar\u015f\u0131 sa\u011fc\u0131 \u015fiddet"},"content":{"rendered":"\n<p><strong>Fabian Virchow<\/strong><\/p>\n\n<p>A\u015f\u0131r\u0131 sa\u011f, yaln\u0131zca liberalizmi de\u011fil, ayn\u0131 zamanda siyasi ve toplumsal solu da ana d\u00fc\u015fman olarak g\u00f6r\u00fcr; bu, \u00f6zellikle orada temsil edilen e\u015fitlik ilkesinin a\u015f\u0131r\u0131 sa\u011f\u0131n d\u00fc\u015f\u00fcnce d\u00fcnyas\u0131na temelden z\u0131t olmas\u0131ndan kaynaklanmaktad\u0131r. Burada do\u011fal e\u015fitsizlik fikri (\u00f6rne\u011fin, cinsiyetler aras\u0131nda veya etnik gruplar aras\u0131nda) derinden k\u00f6k salm\u0131\u015ft\u0131r.<\/p>\n\n<h2 class=\"wp-block-heading\">Sol kar\u015f\u0131t\u0131 \u015fiddetin uzun tarihi<\/h2>\n\n<p>Almanya&#8217;daki Nazi diktat\u00f6rl\u00fc\u011f\u00fcn\u00fcn sona ermesinden sonra bile, sol kar\u015f\u0131t\u0131 \u015fiddetin tarihi buna paralel olarak devam etmektedir. Sendikac\u0131lar, ortodoks kom\u00fcnistler, solcu aktivistler, ayn\u0131 zamanda kapitalist olmayan devletlerin sembolleri ve kurumlar\u0131 ve silahl\u0131 kuvvetleri planl\u0131 \u015fiddetin hedefi haline geldi. <em>Bund Deutscher Jugend<\/em>&#8216;in bir kolu olan <em>Technischer Dienst (teknik serviste)<\/em>, SPD&#8217;li siyaset\u00e7ilerin \u201cdola\u015f\u0131mdan \u00e7ekilmesi\u201d i\u00e7in isim listeleri yap\u0131ld\u0131. 1960&#8217;lar\u0131n sonlar\u0131nda sol \u00f6rg\u00fctlerin ofislerine ve kitap\u00e7\u0131lar\u0131na \u00e7ok say\u0131da sald\u0131r\u0131 d\u00fczenlendi; 11 Nisan 1968&#8217;de \u00f6\u011frenci hareketinin en g\u00f6r\u00fcn\u00fcr temsilcilerinden Rudi Dutschke&#8217;ye y\u00f6nelik bir cinayet te\u015febb\u00fcs\u00fc ger\u00e7ekle\u015fti. Bu olaydan sonra 1979 y\u0131l\u0131nda hayat\u0131n\u0131 kaybetti.<\/p>\n\n<p>2 ve 3 Ekim 1990&#8217;da toplanan <a rel=\"noreferrer noopener\" href=\"https:\/\/zweiteroktober90.de\" target=\"_blank\">zweiteroktober90<\/a> grup, Birle\u015fme \u015eiddeti ba\u015fl\u0131kl\u0131 bro\u015f\u00fcr\u00fcnde sa\u011f \u015fiddetin boyutunu g\u00f6zler \u00f6n\u00fcne seriyordu. A\u011f\u0131r silahl\u0131, koordine edilmi\u015f ve \u00e7o\u011fu kez di\u011fer Federal Eyaletlerden gelen Neo-Nazilerin kat\u0131l\u0131m\u0131yla i\u015fgal alt\u0131ndaki evler, sosyok\u00fclt\u00fcrel merkezler veya alternatif gen\u00e7lik kul\u00fcpleri sald\u0131r\u0131ya u\u011frad\u0131. \u00d6rne\u011fin Weimar&#8217;da: Orada, 200 neo-Nazi, Gerber 3&#8217;teki i\u015fgal evine yan\u0131c\u0131 cihazlar, gaz tabancalar\u0131 ve kald\u0131r\u0131m ta\u015flar\u0131yla sald\u0131rd\u0131; sald\u0131r\u0131 \u00f6nlendi, ancak sonraki kamuoyu tart\u0131\u015fmas\u0131nda i\u015fgalciler ve sol su\u00e7land\u0131 ve sonu\u00e7ta bir tahliyenin sorunu \u00e7\u00f6zebilece\u011fi \u00f6nerisinde bulunuldu. Polis, g\u00fcvenli\u011fi garanti edemeyeceklerini s\u00f6yledi\u011fi i\u00e7in sol gruplar\u0131n siyasi mitingleri de iptal edildi. Takip eden y\u0131llarda, \u00e7o\u011funlukla do\u011fu Alman eyaletlerinde, neo-Nazilerin daha sonra sakinleri d\u00f6v\u00fcp korkutmak i\u00e7in apartmanlara girdi\u011fi say\u0131s\u0131z bask\u0131nlar da oldu. <\/p>\n\n<p>1996&#8217;dan beri faaliyetlerini \u201csol\u201d olarak s\u0131n\u0131fland\u0131rd\u0131klar\u0131 ki\u015filerin sindirilmesi ve s\u0131n\u0131r d\u0131\u015f\u0131 edilmesi \u00fczerine yo\u011funla\u015ft\u0131ran <em>SSS (Skinheads S\u00e4chsische Schweiz)<\/em> gibi gruplar da unutulmamal\u0131d\u0131r. Bunlar k\u0131smen foto\u011fraf \u00e7ekmek ve di\u011fer bilgileri gasp etmek i\u00e7in k\u0131sa bir s\u00fcre zorla g\u00f6zalt\u0131nda tutuldu; veriler sistematik olarak dijital bir \u201cveri yakalama sisteminde\u201d depoland\u0131. 2003 y\u0131l\u0131nda kurulan <em>Sturm 34<\/em> de \u00f6zellikle siyasi solu tehdit etti ve sald\u0131rd\u0131; Ayr\u0131ca \u201cpunk\u00e7\u0131lar\u201d, \u201cekolar\u201d ve \u201csolcular\u0131n\u201d da u\u011frak yeri olan bulu\u015fma yerleri sistematik olarak sald\u0131r\u0131ya u\u011frad\u0131. Daha sonraki kurbanlardan baz\u0131lar\u0131, Sturm 34 \u00fcyelerinin Mittweida i\u00e7inde ve \u00e7evresinde araba ile devriye gezdi\u011fi s\u00f6zde \u201cdazlak kontrol turlar\u0131\u201d s\u0131ras\u0131nda se\u00e7ildi. \u015eiddet uygulamas\u0131 \u00e7o\u011funlukla a\u015f\u0131r\u0131yd\u0131 ve 2006 ve 2007&#8217;de Mittweida b\u00f6lgesinde solcu kesim \u00fcyelerinin veya alternatif gen\u00e7lerin art\u0131k halka a\u00e7\u0131k yerlerde g\u00f6r\u00fcnmedi\u011fi anlam\u0131na geliyordu.<\/p>\n\n<h2 class=\"wp-block-heading\">Uluslararas\u0131 paralellikler<\/h2>\n\n<p>Di\u011fer \u00fclkelere \u00fcst\u00fcnk\u00f6r\u00fc bak\u0131\u015flar bile, sola y\u00f6nelik ter\u00f6rist \u015fiddetin sa\u011f ter\u00f6rizmin \u00f6z\u00fcne ait oldu\u011funu a\u00e7\u0131k\u00e7a ortaya koyuyordu: 1969&#8217;da yaln\u0131zca Milano&#8217;da ger\u00e7ekle\u015ftirilen 145 sald\u0131r\u0131n\u0131n b\u00fcy\u00fck \u00e7o\u011funlu\u011fu sol partilerin yerel kesimlerine ve sendika ofislerine y\u00f6nelikti. Finlandiya&#8217;da 1970&#8217;lerde Kom\u00fcnist Parti yerel matbaalar\u0131na, Finlandiya Demokratik Gen\u00e7lik Birli\u011fi&#8217;nin genel merkezine, Bulgaristan b\u00fcy\u00fckel\u00e7ili\u011fine ve <em>Kansan Uutiset<\/em> gazetesine mektup bombalar\u0131 ve kundaklama sald\u0131r\u0131lar\u0131 d\u00fczenlendi. \u0130spanya&#8217;da, sa\u011fc\u0131 ter\u00f6rist \u015fiddeti, Franco diktat\u00f6rl\u00fc\u011f\u00fcn\u00fcn sona ermesinden hemen sonra t\u0131rmand\u0131; <em>Batall\u00f3n Vasco Espa\u00f1ol<\/em>, <em>Guerrilleros de Cristo Rey<\/em> veya <em>Alianza Apost\u00f3lica Anticommunista<\/em> gibi gruplar, \u015fiddetlerini \u00f6zellikle ETA ile ba\u011flant\u0131l\u0131 ki\u015filere ve sola y\u00f6neltti. \u00d6rne\u011fin, 24 Ocak 1977&#8217;deki Atocha katliam\u0131nda Kom\u00fcnist Parti&#8217;ye ba\u011fl\u0131 bir birli\u011fin be\u015f \u00fcyesi \u00f6ld\u00fcr\u00fcld\u00fc.<\/p>\n\n<h2 class=\"wp-block-heading\">\u015eiddetin ikinci en yayg\u0131n nedeni<\/h2>\n\n<p>Irk\u00e7\u0131 g\u00fcd\u00fcml\u00fc \u015fiddetten sonra, sol kar\u015f\u0131t\u0131 \u015fiddet, sa\u011fc\u0131 \u015fiddetin en yayg\u0131n bi\u00e7imidir. Bildirilmeyen \u00e7ok say\u0131da vakan\u0131n siyasi ve sosyal sola y\u00f6nelik \u015fiddet olarak da varsay\u0131labilmesi ger\u00e7e\u011fi, \u00e7o\u011fu zaman g\u00fcvenlik makamlar\u0131 taraf\u0131ndan uygun bir \u015fekilde ele al\u0131nmas\u0131na olan g\u00fcvenin eksik olmas\u0131 veya \u201csolun\u201d geleneksel bir d\u00fc\u015fman imgesi olarak polis i\u00e7inde harekete \u00f6nc\u00fcl\u00fck etmesidir (olmu\u015ftur). Buna g\u00f6re, sa\u011fc\u0131 \u015fiddet her zaman rapor edilmedi (ve dolay\u0131s\u0131yla say\u0131labilir hale getirildi); Koruyucu tedbirlerin \u00f6rg\u00fctlenmesi s\u00f6z konusu oldu\u011funda, siyasi ve sosyal solun bir k\u0131sm\u0131 daha \u00e7ok kendi yap\u0131lar\u0131na g\u00fcvenme e\u011filimindedir.<\/p>\n","protected":false},"excerpt":{"rendered":"<p>Fabian Virchow A\u015f\u0131r\u0131 sa\u011f, yaln\u0131zca liberalizmi de\u011fil, ayn\u0131 zamanda siyasi ve toplumsal solu da ana d\u00fc\u015fman olarak g\u00f6r\u00fcr; bu, \u00f6zellikle orada temsil edilen e\u015fitlik ilkesinin a\u015f\u0131r\u0131 sa\u011f\u0131n d\u00fc\u015f\u00fcnce d\u00fcnyas\u0131na temelden z\u0131t olmas\u0131ndan kaynaklanmaktad\u0131r. Burada do\u011fal e\u015fitsizlik fikri (\u00f6rne\u011fin, cinsiyetler aras\u0131nda veya etnik gruplar aras\u0131nda) derinden k\u00f6k salm\u0131\u015ft\u0131r. Sol kar\u015f\u0131t\u0131 \u015fiddetin uzun tarihi Almanya&#8217;daki Nazi diktat\u00f6rl\u00fc\u011f\u00fcn\u00fcn [&hellip;]<\/p>\n","protected":false},"author":1,"featured_media":902,"parent":0,"menu_order":0,"comment_status":"closed","ping_status":"closed","template":"","meta":{"footnotes":""},"class_list":["post-1001","page","type-page","status-publish","has-post-thumbnail","hentry"],"_links":{"self":[{"href":"https:\/\/doing-memory.de\/tr\/wp-json\/wp\/v2\/pages\/1001"}],"collection":[{"href":"https:\/\/doing-memory.de\/tr\/wp-json\/wp\/v2\/pages"}],"about":[{"href":"https:\/\/doing-memory.de\/tr\/wp-json\/wp\/v2\/types\/page"}],"author":[{"embeddable":true,"href":"https:\/\/doing-memory.de\/tr\/wp-json\/wp\/v2\/users\/1"}],"replies":[{"embeddable":true,"href":"https:\/\/doing-memory.de\/tr\/wp-json\/wp\/v2\/comments?post=1001"}],"version-history":[{"count":3,"href":"https:\/\/doing-memory.de\/tr\/wp-json\/wp\/v2\/pages\/1001\/revisions"}],"predecessor-version":[{"id":1004,"href":"https:\/\/doing-memory.de\/tr\/wp-json\/wp\/v2\/pages\/1001\/revisions\/1004"}],"wp:featuredmedia":[{"embeddable":true,"href":"https:\/\/doing-memory.de\/tr\/wp-json\/wp\/v2\/media\/902"}],"wp:attachment":[{"href":"https:\/\/doing-memory.de\/tr\/wp-json\/wp\/v2\/media?parent=1001"}],"curies":[{"name":"wp","href":"https:\/\/api.w.org\/{rel}","templated":true}]}}