{"id":1310,"date":"2022-04-13T14:19:34","date_gmt":"2022-04-13T14:19:34","guid":{"rendered":"https:\/\/doing-memory.de\/connectedness-trust-and-mutual-empowerment-process-hall\/"},"modified":"2022-09-10T08:03:40","modified_gmt":"2022-09-10T08:03:40","slug":"connectedness-trust-and-mutual-empowerment-process-hall","status":"publish","type":"page","link":"https:\/\/doing-memory.de\/en\/connectedness-trust-and-mutual-empowerment-process-hall\/","title":{"rendered":"Connectedness, trust and mutual empowerment process &#8211; Halle"},"content":{"rendered":"\n<p>We remember the right-wing terrorist attack on the synagogue in Halle 2019 and on the Kiez kebab in this episode. The guest is <strong>Ismet Tekin<\/strong>, a survivor of the attack and co-owner of Caf\u00e9 TEKIEZ, which is the name of the former Kiez-D\u00f6ner today. Also guests are <strong>Jelle<\/strong> and <strong>Nele<\/strong> from the solo-group TEKIEZ. Among other things, the conversation is about trust and mutual empowerment processes, networks of solidarity, and at the same time the recognition of different affectednesses and also political interpretations.  <\/p>\n\n<iframe loading=\"lazy\" src=\"https:\/\/anchor.fm\/doing-memory\/embed\/episodes\/S1F10-Verbundenheit--Vertrauen-und-wechselseitiger-Ermchtigungsprozess--Halle-e1ijnme\" height=\"140px\" width=\"400px\" frameborder=\"0\" scrolling=\"no\"><\/iframe>\n\n<h4 class=\"wp-block-heading\">About the event<\/h4>\n\n<p>On Yom Kippur 2019, the highest Jewish holiday, a right-wing terrorist attempted to murder those inside the synagogue in Halle\/Saale; after failing to gain entry to the building, he killed passerby Jana Lange outside the building and, shortly thereafter, guest Kevin Schwarze at the <em>Kiez-D\u00f6ner<\/em> snack <em>bar<\/em>.  <\/p>\n\n<h4 class=\"wp-block-heading\">Literature, links and background information<\/h4>\n\n<p><a href=\"https:\/\/www.facebook.com\/KiezDoenerLuWu\/\" target=\"_blank\" rel=\"noreferrer noopener\">Facebook page<\/a> Tekiez Breakfast Caf\u00e9  <\/p>\n\n<p><a href=\"https:\/\/www.spiegel.de\/panorama\/halle-attentat-besitzer-von-kiez-doener-muss-wegen-corona-schliessen-a-df555171-e4df-46ac-adbd-397fd76121ac\" target=\"_blank\" rel=\"noreferrer noopener\">Spiegel interview<\/a> with <ins>\u0130smet<\/ins>Tekin  <\/p>\n\n<p>Information about the action<a rel=\"noreferrer noopener\" href=\"https:\/\/www.facebook.com\/116423263380055\/posts\/287762836246096\/\" target=\"_blank\">Soli-Shirts for the Tekiez<\/a>  <\/p>\n\n<p>Radio Corax about the Tekiez:<\/p>\n\n<p>&#8220;&#8230; <a rel=\"noreferrer noopener\" href=\"https:\/\/radiocorax.de\/wp-content\/uploads\/CORAX_OktNov21_web.pdf\" target=\"_blank\">when politicians* come to lay down their flowers and empty words for a photo<\/a>&#8220;.  <br\/><a rel=\"noreferrer noopener\" href=\"https:\/\/radiocorax.de\/tekiez-ein-ort-des-gedenkens-nach-dem-anschlag-von-halle\/\" target=\"_blank\">Tekiez &#8211; a place of remembrance after the Halle attack<\/a> <br\/><a rel=\"noreferrer noopener\" href=\"https:\/\/radiocorax.de\/zuhoeren-statt-sprechen-gedenken-am-2-jahrestag-des-halle-anschlags\/\" target=\"_blank\">Who speaks and who listens &#8211; commemoration on the 2nd anniversary of the attack<\/a> <br\/><a href=\"https:\/\/radiocorax.de\/rechte-stichwortgeber-proteste-der-bewegung-halle\/\" target=\"_blank\" rel=\"noreferrer noopener\">Right cue &#8211; protests of the movement hall  <\/a><\/p>\n\n<p>In an attack on two mosques, a right-wing terrorist killed 51 people and seriously injured another 51 for anti-Muslim reasons in Christchurch, New Zealand, on March 15<del>,<\/del> 2019.<\/p>\n\n<p>Thomas Kemmerich had been elected prime minister on February 5, 2020 by the votes of the AfD and resigned shortly afterwards.<\/p>\n\n<p><a href=\"https:\/\/www.mobile-opferberatung.de\/\" target=\"_blank\" rel=\"noreferrer noopener\">Website of<\/a> the Mobile Victim Counseling Service  <\/p>\n\n<p><a href=\"https:\/\/ofek-beratung.de\/\" target=\"_blank\" rel=\"noreferrer noopener\">Website of OFEK<\/a> &#8211; Counseling for victims of anti-Semitic violence and discrimination. Advice for schools and other institutions in the wake of anti-Semitic incidents  <\/p>\n\n<p><a href=\"https:\/\/report-antisemitism.de\/bundesverband-rias\/\" target=\"_blank\" rel=\"noreferrer noopener\">Website of<\/a> the Federal Association RIAS e.V.  <\/p>\n\n<p>Kutlu Yurtseven is guest in the episode about <a href=\"https:\/\/doing-memory.de\/en\/fighting-for-memory-as-a-tour-de-force-sahin-calisir\/\" target=\"_blank\" rel=\"noreferrer noopener\">\u015eahin \u00c7al\u0131\u015f\u0131r<\/a> <\/p>\n\n<p>Sukkot is the Festival of Harvest and Tabernacles<ins>;<\/ins> it reminds Jews of the lives of their ancestors as they fled Egypt.<\/p>\n\n<p>Festival of Resilience <a href=\"https:\/\/www.basehillel.de\/programs\/festival-of-resilience\" target=\"_blank\" rel=\"noreferrer noopener\">website<\/a>  <\/p>\n\n<p><a href=\"https:\/\/www.idz-jena.de\/wsddet\/wsd6-13\/\" target=\"_blank\" rel=\"noreferrer noopener\">On the discussion about right-wing &#8220;lone perpetrators<\/a><\/p>\n\n<p>On the public self-staging of right-wing assassins via livestream, among other things: &#8220;Right-wing first-person shooters. From Virtual Agitation to Livestream Assassination&#8221; edited by Jean-Phillip Baeck and Andreas Speit 2020<\/p>\n\n<p>On far-right online worlds and global networking: &#8220;Hate Warriors. The New Global Right-Wing Extremism&#8221; by Karolin Schwarz 2020<\/p>\n\n<p>On antifeminism and incels: &#8220;Political Masculinity. How Incels, Fundamentalists and Authoritarians Mobilize for Patriarchy&#8221; by Susanne Kaiser 2020<\/p>\n\n<p>On the Myth of White Supremacy:  <br\/><a rel=\"noreferrer noopener\" href=\"https:\/\/www.bpb.de\/apuz\/266277\/white-supremacy-geschichte-und-politik-des-weissseins-in-den-usa?p=all\" target=\"_blank\">Federal Agency for Civic Education<\/a>: History and Politics of Whiteness in the U.S.<br\/>Deutschlandfunk: &#8220;<a rel=\"noreferrer noopener\" href=\"https:\/\/www.deutschlandfunk.de\/white-supremacy-es-geht-darum-ein-us-versus-them-zu.691.de.html?dram:article_id=454878\" target=\"_blank\">It&#8217;s about designing an &#8216;Us Versus Them&#8217;<\/a>&#8220;.<\/p>\n\n<p>Survivor Naomi Henkel-G\u00fcmbel at the M\u00f6lln speech (54:50-1:07:00): <a href=\"https:\/\/www.youtube.com\/watch?app=desktop&amp;v=39oG_oOPFpk&amp;pli=1\">M\u00f6llner speech in exile<\/a><\/p>\n\n<p>Naomi Henkel-G\u00fcmbel in the <a rel=\"noreferrer noopener\" href=\"https:\/\/podcast.dissenspodcast.de\/93-halle\" target=\"_blank\">Dissens Podcast<\/a><\/p>\n\n<p><a href=\"https:\/\/anschlag.halggr.de\/category\/aktuell\/\" target=\"_blank\" rel=\"noreferrer noopener\">Remembrance Initiatives<\/a><\/p>\n\n<h4 class=\"wp-block-heading\">Credits<\/h4>\n\n<p>Editors: Tanja Thomas, Fabian Virchow and Tobias Fernholz<br\/>Co-conceptualization and production: grasshopper kreativ<br\/>Hosts: Tanja Thomas and Fabian Virchow<br\/>Sound logo: Martin Pfeilsticker and Pia Fruth<\/p>\n\n<p>The event review was produced by Master&#8217;s students from Eberhard Karls University T\u00fcbingen and D\u00fcsseldorf University of Applied Sciences.<\/p>\n\n<h5 class=\"wp-block-heading\">Credits event review<\/h5>\n\n<p>Original sound donor: Naomi Henkel-G\u00fcmbel<br\/>Speaker: Pia Fruth<br\/>Students: Hannah Moormann, Jonas Drews, Julia Thissen, Louisa Baumann, Matthias Seng<\/p>\n","protected":false},"excerpt":{"rendered":"<p>We remember the right-wing terrorist attack on the synagogue in Halle 2019 and on the Kiez kebab in this episode. The guest is Ismet Tekin, a survivor of the attack and co-owner of Caf\u00e9 TEKIEZ, which is the name of the former Kiez-D\u00f6ner today. Also guests are Jelle and Nele from the solo-group TEKIEZ. Among [&hellip;]<\/p>\n","protected":false},"author":1,"featured_media":1284,"parent":0,"menu_order":0,"comment_status":"closed","ping_status":"closed","template":"","meta":{"footnotes":""},"class_list":["post-1310","page","type-page","status-publish","has-post-thumbnail","hentry"],"_links":{"self":[{"href":"https:\/\/doing-memory.de\/en\/wp-json\/wp\/v2\/pages\/1310"}],"collection":[{"href":"https:\/\/doing-memory.de\/en\/wp-json\/wp\/v2\/pages"}],"about":[{"href":"https:\/\/doing-memory.de\/en\/wp-json\/wp\/v2\/types\/page"}],"author":[{"embeddable":true,"href":"https:\/\/doing-memory.de\/en\/wp-json\/wp\/v2\/users\/1"}],"replies":[{"embeddable":true,"href":"https:\/\/doing-memory.de\/en\/wp-json\/wp\/v2\/comments?post=1310"}],"version-history":[{"count":7,"href":"https:\/\/doing-memory.de\/en\/wp-json\/wp\/v2\/pages\/1310\/revisions"}],"predecessor-version":[{"id":1317,"href":"https:\/\/doing-memory.de\/en\/wp-json\/wp\/v2\/pages\/1310\/revisions\/1317"}],"wp:featuredmedia":[{"embeddable":true,"href":"https:\/\/doing-memory.de\/en\/wp-json\/wp\/v2\/media\/1284"}],"wp:attachment":[{"href":"https:\/\/doing-memory.de\/en\/wp-json\/wp\/v2\/media?parent=1310"}],"curies":[{"name":"wp","href":"https:\/\/api.w.org\/{rel}","templated":true}]}}