{"id":1306,"date":"2022-04-14T12:26:20","date_gmt":"2022-04-14T12:26:20","guid":{"rendered":"https:\/\/doing-memory.de\/perspectives-of-the-struggles-for-remembering-and-commemoration-hanau-and-beyond\/"},"modified":"2022-09-10T08:02:29","modified_gmt":"2022-09-10T08:02:29","slug":"perspectives-of-the-struggles-for-remembering-and-commemoration-hanau-and-beyond","status":"publish","type":"page","link":"https:\/\/doing-memory.de\/en\/perspectives-of-the-struggles-for-remembering-and-commemoration-hanau-and-beyond\/","title":{"rendered":"Perspectives of the Struggles for Remembering and Commemoration &#8211; Hanau and Beyond"},"content":{"rendered":"\n<p>This podcast episode commemorates the extreme right-wing terrorist act of 2\/19\/2020 in Hanau. Guests are <strong>Dr. Hannah Peaceman<\/strong>, <strong>Ibrahim Arslan<\/strong>, <strong>Ali Yildirim<\/strong> and <strong>Ulrich Chaussy<\/strong>. The conversation revolves around, among other things, the power of those affected and networking, about the overlooking of survivors&#8217; concerns and demands. The subject of the exchange is also the multiple burden of many activists: being directly affected by racism, the repeated struggle and enlightenment &#8211; also by renouncing the pursuit of original life and career paths.  <\/p>\n\n<iframe loading=\"lazy\" src=\"https:\/\/anchor.fm\/doing-memory\/embed\/episodes\/S1F11-Perspektiven-der-Kmpfe-um-Erinnern-und-Gedenken---Hanau-and-Beyond-e1jsu1r\" height=\"140px\" width=\"400px\" frameborder=\"0\" scrolling=\"no\"><\/iframe>\n\n<h4 class=\"wp-block-heading\">About the event<\/h4>\n\n<p>Nine people with a migration history were victims of a right-wing extremist perpetrator of violence in Hanau on February 19, 2020; he targeted places frequented by migrant youth. The memory of these murders has generated strong impulses of resistance and self-organization.<\/p>\n\n<h4 class=\"wp-block-heading\">Literature, links and background information<\/h4>\n\n<p><a href=\"https:\/\/neofelis-verlag.de\/verlagsprogramm\/reihen\/jalta0\" target=\"_blank\" rel=\"noreferrer noopener\">Website<\/a> journal &#8216;Yalta. Positions on the Jewish present&#8217;  <\/p>\n\n<p>Information on the <a href=\"https:\/\/de.wikipedia.org\/wiki\/M%C3%B6llner_Rede_im_Exil\" target=\"_blank\" rel=\"noreferrer noopener\">M\u00f6llner speech in exile<\/a> <\/p>\n\n<p><a rel=\"noreferrer noopener\" href=\"https:\/\/www.bildungsinitiative-ferhatunvar.de\" target=\"_blank\">Website<\/a> Education Initiative Ferhat Unvar <a href=\"https:\/\/www.bildungsinitiative-ferhatunvar.de\/\">\n  <br\/>\n<\/a><a href=\"https:\/\/19feb-hanau.org\/\" target=\"_blank\" rel=\"noreferrer noopener\">Website<\/a> Initiative February 19  <\/p>\n\n<p>Ulrich Chaussy (2020): <a href=\"https:\/\/www.christoph-links-verlag.de\/index.cfm?view=3&amp;titel_nr=9100\" target=\"_blank\" rel=\"noreferrer noopener\">The Oktoberfest Attack and the Erlangen Double Murder<\/a> &#8211; How Right-Wing Terrorism and Anti-Semitism Have Been Repressed Since 1980  <\/p>\n\n<p><a href=\"https:\/\/doing-memory.de\/en\/the-reversal-of-perpetrator-and-victim-remembering-the-murder-of-shlomo-lewin-and-frida-poeschke\/\" target=\"_blank\" rel=\"noreferrer noopener\">Podcast episode<\/a> on the double murder in Erlangen of Shlomo Lewin and Frida Poeschke<\/p>\n\n<p><a href=\"https:\/\/19feb-hanau.org\/material\/\" target=\"_blank\" rel=\"noreferrer noopener\">Posters <\/a>with sketched portraits of the people killed in the Hanau attack  <\/p>\n\n<p>Since 2000, the NSU has used the same weapon to murder: Enver \u015eim\u015fek (38) \u2013 murdered on 9 September 2000 in Nuremberg, Abdurrahim \u00d6z\u00fcdo\u011fru (49) \u2013 murdered on 13 June 2001 in Nuremberg, S\u00fcleyman Ta\u015fk\u00f6pr\u00fc (31) \u2013 murdered on 27 June 2001 in Hamburg, Habil K\u0131l\u0131\u00e7 (38) \u2013 murdered on 29 August 2001 in Munich, Mehmet Turgut (25) \u2013 murdered on 25 February 2004 in Rostock, \u0130smail Ya\u015far (50) \u2013 murdered on 9 June 2005 in Nuremberg, Theodoros Boulgarides (41) \u2013 murdered on 15 June 2005 in Munich, Mehmet Kuba\u015f\u0131k (39) \u2013 murdered on 4 April 2006 in Dortmund, Halit Yozgat (21) \u2013 murdered on 6 April 2006 in Kassel.<\/p>\n\n<p>On November 23, 1992, two neo-Nazis murdered Bahide Arslan (51), Yeliz Arslan (10) and Ay\u015fe Y\u0131lmaz (14) in an arson attack in M\u00f6lln. As a 7-year-old at the time, Ibrahim Arslan survived the crime and is now an activist in anti-racism work.<\/p>\n\n<p><a href=\"https:\/\/open.spotify.com\/episode\/2fG67qj0AXTxH6B4K5wJZ0?si=86cb2cc6d55e43f3\" target=\"_blank\" rel=\"noreferrer noopener\">Podcast episode<\/a> on the right-wing terrorist attack in Halle<\/p>\n\n<p>On June 9, 2004, a<ins>nail bomb<\/ins>detonated in the Keupstra\u00dfe in Cologne-M\u00fclheim, injuring 22 people, some of them seriously. The attack could only be attributed to the right-wing terrorist National Socialist Underground (NSU) after its self-disclosure in November 2011.<\/p>\n\n<p>The Wehrsportgruppe Hoffmann was a far-right organization that existed in the 1970s and 80s around the neo-Nazi Karl-Heinz Hoffmann and can be linked to the double murder of Shlomo Lewin and Frida Poeschke.<\/p>\n\n<p><a href=\"https:\/\/www.nsu-tribunal.de\/\" target=\"_blank\" rel=\"noreferrer noopener\">Website of<\/a> the NSU Tribunal  <\/p>\n\n<p>Festival of Resilience <a href=\"https:\/\/www.basehillel.de\/programs\/festival-of-resilience\" target=\"_blank\" rel=\"noreferrer noopener\">website<\/a>  <\/p>\n\n<p><a href=\"https:\/\/doing-memory.de\/en\/literature-as-shelter-to-go-semra-ertan\/\" target=\"_blank\" rel=\"noreferrer noopener\">Podcast episode<\/a> about Semra Ertan<\/p>\n\n<p>Book &#8220;<a rel=\"noreferrer noopener\" href=\"https:\/\/www.edition-assemblage.de\/buecher\/mein-name-ist-auslaender-benim-adim-yabanci\/\" target=\"_blank\">My Name is Foreigner<\/a>&#8221; by Semra Ertan<\/p>\n\n<p>Book &#8220;<a rel=\"noreferrer noopener\" href=\"https:\/\/www.edition-assemblage.de\/buecher\/haymatlos\/\" target=\"_blank\">Haymatlos<\/a>&#8221; edited by Tamer D\u00fczyol &amp; Taudy Pathmanathan<\/p>\n\n<p><a href=\"https:\/\/doing-memory.de\/en\/fighting-for-memory-as-a-tour-de-force-sahin-calisir\/\" target=\"_blank\" rel=\"noreferrer noopener\">Podcast episode in<\/a> memory of \u015eahin \u00c7al\u0131\u015f\u0131r with guests Kutlu Yurtseven and Orhan \u00c7al\u0131\u015f\u0131r.  <\/p>\n\n<p>Blanka Zmigrod <a href=\"https:\/\/doing-memory.de\/en\/reduced-to-being-a-victim-the-murder-of-blanka-zmigrod\/\" target=\"_blank\" rel=\"noreferrer noopener\">podcast episode<\/a> <\/p>\n\n<p>Photo and book project &#8220;<a href=\"https:\/\/jasperkettner.de\/die-angeh%C3%B6rigen\/\" target=\"_blank\" rel=\"noreferrer noopener\">The Relatives<\/a>&#8221; by Jasper Kettner and Ibrahim Arslan  <\/p>\n\n<p><em>Literature<\/em><\/p>\n\n<p>Book &#8220;<a rel=\"noreferrer noopener\" href=\"https:\/\/stolzeaugen-books.de\/buecher\/texte-nach-hanau\/\" target=\"_blank\">Texts after Hanau<\/a><a href=\"https:\/\/stolzeaugen-books.de\/buecher\/texte-nach-hanau\/\">\n  <br\/>\n<\/a><a rel=\"noreferrer noopener\" href=\"https:\/\/www.spiegel.de\/panorama\/gesellschaft\/die-hanau-protokolle-ueberlebende-des-attentats-berichten-ueber-ihre-entfremdung-von-deutschland-a-00000000-0002-0001-0000-000175304177\" target=\"_blank\">The Hanau Protocols <\/a><a href=\"https:\/\/www.spiegel.de\/panorama\/gesellschaft\/die-hanau-protokolle-ueberlebende-des-attentats-berichten-ueber-ihre-entfremdung-von-deutschland-a-00000000-0002-0001-0000-000175304177\">\n  <br\/>\n<\/a><a href=\"https:\/\/www.boell.de\/de\/2021\/02\/19\/von-moelln-bis-nach-hanau-erinnern-heisst-veraendern\" target=\"_blank\" rel=\"noreferrer noopener\">From M\u00f6lln to Hanau: Remembering means changing<\/a> <\/p>\n\n<p><em>Podcasts, music<\/em><\/p>\n\n<p>Podcast &#8220;<a rel=\"noreferrer noopener\" href=\"https:\/\/open.spotify.com\/show\/0Z2UJwgGfDnxrIhJpefINW?si=zpCgYj-UTge_8AItGtRtyg&amp;dl_branch=1\" target=\"_blank\">190202<\/a><a href=\"https:\/\/open.spotify.com\/show\/0Z2UJwgGfDnxrIhJpefINW?si=zpCgYj-UTge_8AItGtRtyg&amp;dl_branch=1\"><br\/><\/a>Song &#8220;<a rel=\"noreferrer noopener\" href=\"https:\/\/open.spotify.com\/album\/4lyrCpY1qQ9Z2nx4Vxl604?highlight=spotify:track:29Rfso2W1pERTuboGe3avy\" target=\"_blank\">Are you awake<\/a>&#8221; by Azzi Memo (feat. (feat. Nate57, Veysel, Sinan G, Kool Savas, NKSN Rola, Disarstar, Meastro, Hanybal, Celo &amp; Abdi, Manuellsen, Silla, Credibil, Ali471, Milonair, Mortel, KEZ)  <a href=\"https:\/\/open.spotify.com\/album\/4lyrCpY1qQ9Z2nx4Vxl604?highlight=spotify:track:29Rfso2W1pERTuboGe3avy\"><br\/><\/a>Song &#8220;<a href=\"https:\/\/open.spotify.com\/track\/4HKGVviCvOV5aGB4Lml32H?si=a95622643ec1435f\" target=\"_blank\" rel=\"noreferrer noopener\">Petrichor<\/a>&#8221; by Chefket  <\/p>\n\n<p><em>Videos<\/em><\/p>\n\n<p>Dattelt\u00e4ter &#8211; &#8220;<a rel=\"noreferrer noopener\" href=\"https:\/\/www.youtube.com\/watch?v=4rSj7GdGJ_M\" target=\"_blank\">1 year after Hanau &#8211; conversations with survivors of the racist attack<\/a>&#8220;.  <a href=\"https:\/\/www.youtube.com\/watch?v=4rSj7GdGJ_M\"><br\/><\/a>Monitor &#8211; &#8220;<a rel=\"noreferrer noopener\" href=\"https:\/\/www.youtube.com\/watch?v=AczsiWGp_Wg\" target=\"_blank\">One year after Hanau: incomplete investigations<\/a>&#8220;?  <br\/>Kampnagel Hamburg &#8211; &#8220;<a rel=\"noreferrer noopener\" href=\"https:\/\/www.kampnagel.de\/de\/programm\/folge-5-nadine-saeed-von-der-initiative-in-gedenken-an-oury-jalloh\/?datum=&amp;id_datum=9995\" target=\"_blank\">No extras! Activist Practices in the Culture of Remembrance<\/a>&#8220;<\/p>\n\n<h4 class=\"wp-block-heading\">Credits<\/h4>\n\n<p>Editors: Tanja Thomas, Fabian Virchow and Tobias Fernholz<br\/>Co-conceptualization and production: grasshopper kreativ<br\/>Hosts: Tanja Thomas and Fabian Virchow<br\/>Sound logo: Martin Pfeilsticker and Pia Fruth<\/p>\n\n<p>The event review was produced by Master&#8217;s students from Eberhard Karls University T\u00fcbingen and D\u00fcsseldorf University of Applied Sciences.<\/p>\n\n<h5 class=\"wp-block-heading\">Credits event review<\/h5>\n\n<p>Original sound bites: Serpil Unvar and Cetin G\u00fcltekin<br\/>Speakers: Pia Fruth and Daniel Jacob<br\/>Students: Aline Schmidl, Jasmin Raei, Gamze \u00d6zdemir, Malin Merkle, Lea Jansky, Jule Gerhard, Vanessa Fatho, Hannah Braun<\/p>\n","protected":false},"excerpt":{"rendered":"<p>This podcast episode commemorates the extreme right-wing terrorist act of 2\/19\/2020 in Hanau. Guests are Dr. Hannah Peaceman, Ibrahim Arslan, Ali Yildirim and Ulrich Chaussy. The conversation revolves around, among other things, the power of those affected and networking, about the overlooking of survivors&#8217; concerns and demands. The subject of the exchange is also the [&hellip;]<\/p>\n","protected":false},"author":1,"featured_media":1266,"parent":0,"menu_order":0,"comment_status":"closed","ping_status":"closed","template":"","meta":{"footnotes":""},"class_list":["post-1306","page","type-page","status-publish","has-post-thumbnail","hentry"],"_links":{"self":[{"href":"https:\/\/doing-memory.de\/en\/wp-json\/wp\/v2\/pages\/1306"}],"collection":[{"href":"https:\/\/doing-memory.de\/en\/wp-json\/wp\/v2\/pages"}],"about":[{"href":"https:\/\/doing-memory.de\/en\/wp-json\/wp\/v2\/types\/page"}],"author":[{"embeddable":true,"href":"https:\/\/doing-memory.de\/en\/wp-json\/wp\/v2\/users\/1"}],"replies":[{"embeddable":true,"href":"https:\/\/doing-memory.de\/en\/wp-json\/wp\/v2\/comments?post=1306"}],"version-history":[{"count":3,"href":"https:\/\/doing-memory.de\/en\/wp-json\/wp\/v2\/pages\/1306\/revisions"}],"predecessor-version":[{"id":1309,"href":"https:\/\/doing-memory.de\/en\/wp-json\/wp\/v2\/pages\/1306\/revisions\/1309"}],"wp:featuredmedia":[{"embeddable":true,"href":"https:\/\/doing-memory.de\/en\/wp-json\/wp\/v2\/media\/1266"}],"wp:attachment":[{"href":"https:\/\/doing-memory.de\/en\/wp-json\/wp\/v2\/media?parent=1306"}],"curies":[{"name":"wp","href":"https:\/\/api.w.org\/{rel}","templated":true}]}}