{"id":1190,"date":"2021-01-15T03:45:46","date_gmt":"2021-01-15T03:45:46","guid":{"rendered":"https:\/\/doing-memory.de\/imprint\/"},"modified":"2022-04-27T12:18:45","modified_gmt":"2022-04-27T12:18:45","slug":"imprint","status":"publish","type":"page","link":"https:\/\/doing-memory.de\/en\/imprint\/","title":{"rendered":"Imprint"},"content":{"rendered":"\n<h2 class=\"wp-block-heading\">Information in accordance with \u00a7 5 TMG<\/h2>\n\n<p>Eberhard-Karls-Universit\u00e4t T\u00fcbingen<br\/>Geschwister-Scholl-Platz<br\/>72074 T\u00fcbingen<br\/>Represented by:<br\/>Prof. Dr. Tanja Thomas<br\/>Contact<br\/>Phone: +49 (0) 7071 29 -76816<br\/>E-Mail: tanja.thomas[at]uni-tuebingen.de<\/p>\n\n<h2 class=\"wp-block-heading\">Editorial responsibility<\/h2>\n\n<p>Prof. Dr. Tanja Thomas<br\/>Eberhard-Karls-Universit\u00e4t T\u00fcbingen<br\/>Institut f\u00fcr Medienwissenschaft<br\/>Wilhelmstra\u00dfe 50<br\/>72074 T\u00fcbingen<\/p>\n\n<h2 class=\"wp-block-heading\">Verbraucherstreitbeilegung\/ Universalschlichtungsstelle<\/h2>\n\n<p>We are not obliged nor are we willing to participate in dispute settlement proceedings before a consumer arbitration board.<\/p>\n","protected":false},"excerpt":{"rendered":"<p>Information in accordance with \u00a7 5 TMG Eberhard-Karls-Universit\u00e4t T\u00fcbingenGeschwister-Scholl-Platz72074 T\u00fcbingenRepresented by:Prof. Dr. Tanja ThomasContactPhone: +49 (0) 7071 29 -76816E-Mail: tanja.thomas[at]uni-tuebingen.de Editorial responsibility Prof. Dr. Tanja ThomasEberhard-Karls-Universit\u00e4t T\u00fcbingenInstitut f\u00fcr MedienwissenschaftWilhelmstra\u00dfe 5072074 T\u00fcbingen Verbraucherstreitbeilegung\/ Universalschlichtungsstelle We are not obliged nor are we willing to participate in dispute settlement proceedings before a consumer arbitration board.<\/p>\n","protected":false},"author":1,"featured_media":0,"parent":0,"menu_order":0,"comment_status":"closed","ping_status":"closed","template":"","meta":{"footnotes":""},"class_list":["post-1190","page","type-page","status-publish","hentry"],"_links":{"self":[{"href":"https:\/\/doing-memory.de\/en\/wp-json\/wp\/v2\/pages\/1190"}],"collection":[{"href":"https:\/\/doing-memory.de\/en\/wp-json\/wp\/v2\/pages"}],"about":[{"href":"https:\/\/doing-memory.de\/en\/wp-json\/wp\/v2\/types\/page"}],"author":[{"embeddable":true,"href":"https:\/\/doing-memory.de\/en\/wp-json\/wp\/v2\/users\/1"}],"replies":[{"embeddable":true,"href":"https:\/\/doing-memory.de\/en\/wp-json\/wp\/v2\/comments?post=1190"}],"version-history":[{"count":3,"href":"https:\/\/doing-memory.de\/en\/wp-json\/wp\/v2\/pages\/1190\/revisions"}],"predecessor-version":[{"id":1193,"href":"https:\/\/doing-memory.de\/en\/wp-json\/wp\/v2\/pages\/1190\/revisions\/1193"}],"wp:attachment":[{"href":"https:\/\/doing-memory.de\/en\/wp-json\/wp\/v2\/media?parent=1190"}],"curies":[{"name":"wp","href":"https:\/\/api.w.org\/{rel}","templated":true}]}}