{"id":1108,"date":"2022-04-03T16:31:27","date_gmt":"2022-04-03T16:31:27","guid":{"rendered":"https:\/\/doing-memory.de\/hardly-remembered-due-to-a-lack-of-lobby-guenter-schwannecke\/"},"modified":"2022-09-10T08:01:12","modified_gmt":"2022-09-10T08:01:12","slug":"hardly-remembered-due-to-a-lack-of-lobby-guenter-schwannecke","status":"publish","type":"page","link":"https:\/\/doing-memory.de\/en\/hardly-remembered-due-to-a-lack-of-lobby-guenter-schwannecke\/","title":{"rendered":"Hardly remembered due to a lack of lobby &#8211; G\u00fcnter Schwannecke"},"content":{"rendered":"\n<p>G\u00fcnter Schwannecke intervened when another was threatened by racists. This podcast episode with the guests <strong>Diana K\u00f6nig<\/strong> from the G\u00fcnter Schwannecke memorial initiative and <strong>Paul Neupert<\/strong> from the BAG homeless aid commemorates G\u00fcnter Schwannecke as an artist. It shows the challenges of dignified remembrance when right-wing violence hits people without a strong lobby. <\/p>\n\n<iframe loading=\"lazy\" src=\"https:\/\/anchor.fm\/doing-memory\/embed\/episodes\/Ohne-Lobby-kaum-erinnert---Gnter-Schwannecke-e1guq5b\" height=\"140px\" width=\"400px\" frameborder=\"0\" scrolling=\"no\"><\/iframe>\n\n<h4 class=\"wp-block-heading\">About the event<\/h4>\n\n<p>The two homeless artists G\u00fcnter Schwannecke and Hagen Knuth toast Hagen&#8217;s birthday in a park in Berlin Charlottenburg on 29 August 1992. When two men with connections to the extreme right-wing scene make racist remarks to a third group, G\u00fcnter Schwannecke and Hagen Knuth interfere and demonstrate civil courage. As a result, they are beaten with a baseball bat and seriously injured. G\u00fcnter Schwannecke dies of his injuries a few days later. <\/p>\n\n<h4 class=\"wp-block-heading\">Literature, links and background information<\/h4>\n\n<p><a href=\"https:\/\/www.bagw.de\/de\/\" target=\"_blank\" rel=\"noreferrer noopener\">Bundesarbeitsgemeinschaft Wohnungslosenhilfe<\/a><\/p>\n\n<p>G\u00fcnter-Schwannecke-Gedenkinitiative <a href=\"http:\/\/guenterschwannecke.net\">Website<\/a> and <a rel=\"noreferrer noopener\" href=\"https:\/\/www.facebook.com\/GuenterSchwanneckeGedenkinitiative\/\" target=\"_blank\">Facebook page<\/a> <\/p>\n\n<p>Since 2000, the NSU has used the same weapon to murder: Enver \u015eim\u015fek (38) \u2013 murdered on 9 September 2000 in Nuremberg, Abdurrahim \u00d6z\u00fcdo\u011fru (49) \u2013 murdered on 13 June 2001 in Nuremberg, S\u00fcleyman Ta\u015fk\u00f6pr\u00fc (31) \u2013 murdered on 27 June 2001 in Hamburg, Habil K\u0131l\u0131\u00e7 (38) \u2013 murdered on 29 August 2001 in Munich, Mehmet Turgut (25) \u2013 murdered on 25 February 2004 in Rostock, \u0130smail Ya\u015far (50) \u2013 murdered on 9 June 2005 in Nuremberg, Theodoros Boulgarides (41) \u2013 murdered on 15 June 2005 in Munich, Mehmet Kuba\u015f\u0131k (39) \u2013 murdered on 4 April 2006 in Dortmund, Halit Yozgat (21) \u2013 murdered on 6 April 2006 in Kassel.<\/p>\n\n<p>Podcast \u201e<a href=\"https:\/\/www.mixcloud.com\/Entropien\/\" target=\"_blank\" rel=\"noreferrer noopener\">Sozialdarwinistische Morde an Wohnungslosen<\/a>\u201c by 404 \u2013 Willkommen in Entropien. including, among others Dirk Dymarski from Selbstvertretung wohnungsloser Menschen<br\/> <\/p>\n\n<p>Further information on G\u00fcnter Schwannecke and his remembrance can be found at the following links, as well as others:<br\/><a href=\"http:\/\/berlin.niemandistvergessen.net\/morde\/guenterschwannecke\/\">http:\/\/berlin.niemandistvergessen.net\/morde\/guenterschwannecke\/<\/a><br\/><a href=\"https:\/\/www.amadeu-antonio-stiftung.de\/todesopfer-rechter-gewalt\/guenter-schwannecke-staatlich-anerkannt\/\">https:\/\/www.amadeu-antonio-stiftung.de\/todesopfer-rechter-gewalt\/guenter-schwannecke-staatlich-anerkannt\/<\/a><br\/><a href=\"https:\/\/antifa-westberlin.org\/1310\/\">https:\/\/antifa-westberlin.org\/1310\/<\/a><\/p>\n\n<p>Further literature on violence against homeless people as well as on the ideology of the term &#8220;social darwinism&#8221;:<\/p>\n\n<p>Opferperspektive e.V<ins>.<\/ins><del>,<\/del> (2015)(Hrsg.): Rassistische Diskriminierung und rechte Gewalt: an der Seite der Betroffenen beraten, informieren, intervenieren. 2. Auflage. M\u00fcnster: Westf\u00e4lisches Dampfboot.<\/p>\n\n<p>Pollich, Daniela (2017): \u201eOpferwerdung wohnungsloser Menschen.<br\/>Ein \u00dcberblick zum Stand der Forschung zu Theorien, Methoden, Opfern und T\u00e4tern\u201c, IKG Working Paper Bielefeld, S. 51-77.<\/p>\n\n<p>Teidelbaum, Lucius. Obdachlosenhass und Sozialdarwinismus. 1. Auflage. Unrast transparent. Rechter Rand, Band 13. M\u00fcnster: Unrast, 2013.<\/p>\n\n<h4 class=\"wp-block-heading\">Credits<\/h4>\n\n<p>Editors: Tanja Thomas, Fabian Virchow and Tobias Fernholz<br\/>Co-conceptualization and production: grasshopper kreativ<br\/>Hosts: Tanja Thomas and Fabian Virchow<br\/>Sound logo: Martin Pfeilsticker and Pia Fruth<\/p>\n\n<p>The event review was produced by Master&#8217;s students from Eberhard Karls University T\u00fcbingen and D\u00fcsseldorf University of Applied Sciences.<\/p>\n\n<p>Cover photo: Karl-August Holl\u00e4nder via <a href=\"http:\/\/guenterschwannecke.net\">Gedenkinitiative G\u00fcnter Schwannecke<\/a> (the G\u00fcnter Schwannecke commemorative initiative). The picture shows G\u00fcnter Schwannecke around 1980 in a caf\u00e9 in Braunschweig. In the background are pictures that he drew himself. Collage: grasshopper kreativ.<\/p>\n\n<h5 class=\"wp-block-heading\">Credits event review<\/h5>\n\n<p>Soundbite: Diana K\u00f6nig<br\/>Students: Annkatrin Voos, Fabian Lenhardt, Laura Scherer, Philipp Sigle, Elisabeth K\u00f6hnke, Sophia Schlicker und Marlene Pick <br\/>Speaker: Pia Fruth <\/p>\n\n<p>This podcast was created as part of Doing Memory, an interdisciplinary project in the field of memory culture &#8211; by Tanja Thomas, Matthias Lorenz and Fabian Virchow. The &#8220;Doing Memory&#8221; project was funded by the VolkswagenStiftung (Volkswagen Foundation). <\/p>\n","protected":false},"excerpt":{"rendered":"<p>G\u00fcnter Schwannecke intervened when another was threatened by racists. This podcast episode with the guests Diana K\u00f6nig from the G\u00fcnter Schwannecke memorial initiative and Paul Neupert from the BAG homeless aid commemorates G\u00fcnter Schwannecke as an artist. It shows the challenges of dignified remembrance when right-wing violence hits people without a strong lobby. About the [&hellip;]<\/p>\n","protected":false},"author":1,"featured_media":921,"parent":0,"menu_order":0,"comment_status":"closed","ping_status":"closed","template":"","meta":{"footnotes":""},"class_list":["post-1108","page","type-page","status-publish","has-post-thumbnail","hentry"],"_links":{"self":[{"href":"https:\/\/doing-memory.de\/en\/wp-json\/wp\/v2\/pages\/1108"}],"collection":[{"href":"https:\/\/doing-memory.de\/en\/wp-json\/wp\/v2\/pages"}],"about":[{"href":"https:\/\/doing-memory.de\/en\/wp-json\/wp\/v2\/types\/page"}],"author":[{"embeddable":true,"href":"https:\/\/doing-memory.de\/en\/wp-json\/wp\/v2\/users\/1"}],"replies":[{"embeddable":true,"href":"https:\/\/doing-memory.de\/en\/wp-json\/wp\/v2\/comments?post=1108"}],"version-history":[{"count":6,"href":"https:\/\/doing-memory.de\/en\/wp-json\/wp\/v2\/pages\/1108\/revisions"}],"predecessor-version":[{"id":1302,"href":"https:\/\/doing-memory.de\/en\/wp-json\/wp\/v2\/pages\/1108\/revisions\/1302"}],"wp:featuredmedia":[{"embeddable":true,"href":"https:\/\/doing-memory.de\/en\/wp-json\/wp\/v2\/media\/921"}],"wp:attachment":[{"href":"https:\/\/doing-memory.de\/en\/wp-json\/wp\/v2\/media?parent=1108"}],"curies":[{"name":"wp","href":"https:\/\/api.w.org\/{rel}","templated":true}]}}