{"id":1072,"date":"2022-03-20T11:10:11","date_gmt":"2022-03-20T11:10:11","guid":{"rendered":"https:\/\/doing-memory.de\/specialised-bibliography\/"},"modified":"2022-04-27T11:29:14","modified_gmt":"2022-04-27T11:29:14","slug":"specialised-bibliography","status":"publish","type":"page","link":"https:\/\/doing-memory.de\/en\/specialised-bibliography\/","title":{"rendered":"Specialised bibliography"},"content":{"rendered":"\n<p>Below we have compiled further literature on the topics discussed on this page. The list is in alphabetical order. Most of the titles are in German, and are listed with their original titles.<\/p>\n\n<h2 class=\"wp-block-heading\">Further reading<\/h2>\n\n<p>Aktionsb\u00fcndnis \u203aNSU-Komplex aufl\u00f6sen\u2039 (2021) Tribunale. Berlin\/Hamburg: Assoziation A.<\/p>\n\n<p>Amadeu Antonio Stiftung (2021) Dem Leben entrissen. Im Gedenken an Todesopfer rechter Gewalt in Berlin. Berlin: AAS.<\/p>\n\n<p>Billstein. Thomas (2020) Kein Vergessen. Todesopfer rechter Gewalt in Deutschland nach 1945. M\u00fcnster: unrast-Verlag.<\/p>\n\n<p>B\u00f6ttger, Andreas W.\/Lobermeier, Olaf\/Plachta, Katarzyna (2014) Opfer rechtsextremer Gewalt. Die Sicht der Opfer. Wiesbaden: Springer VS.<\/p>\n\n<p>Bozay, Kemal\/Aslan, Bahar\/Mangitay, Orhan\/\u00d6zfirat, Funda (Hrsg) (2016) Die haben gedacht, wir waren das. MigrantInnen \u00fcber rechten Terror und Rassismus. K\u00f6ln: PapyRossa.<\/p>\n\n<p>Bozay, Kemal\/G\u00fcner, Serpil\/Mangitay, Orhan\/G\u00f6\u00e7er, Funda (Hrsg.) (2021) Damit wir atmen k\u00f6nnen. Migrantische Stimmen zu Rassismus, rassistischer Gewalt und Gegenwehr. K\u00f6ln: PapyRossa.<\/p>\n\n<p>Brod, Anna (2020) Opfer \u2013 T\u00e4terInnen \u2013 Theaterpublikum. Szenarien von Zeugenschaft in Theaterst\u00fccken zum NSU. Frankfurt\/Main: Peter Lang.<br\/>Bulling, Paula\/K\u00f6nig, Anne (2019) Bruchlinien. Drei Episoden zum NSU. Leipzig: Spector Books.<\/p>\n\n<p>B\u00fcndnis Tag der Solidarit\u00e4t \u2013 Kein Schlussstrich Dortmund (2020) Trauer, Wut und Widerstand. Antirassistische Initiativen und Gedenkpolitik. Dortmund.<\/p>\n\n<p>Cholia, Harpreet Kaur\/J\u00e4nicke, Christin (Hrsg.) (2021) Unentbehrlich. Solidarit\u00e4t mit Betroffenen rechter, rassistischer und antisemitischer Gewalt. M\u00fcnster: edition assemblage.<\/p>\n\n<p>Dahmer, Helmut (2020): Antisemitismus, Xenophobie und pathisches Vergessen: Warum nach Halle vor Halle ist. M\u00fcnster: Westf\u00e4lisches Dampfboot.<\/p>\n\n<p>Demirta\u015f, Birg\u00fcl (2016) Der Brandanschlag in Solingen und seine Wahrnehmung durch die zweite Generation von t\u00fcrkischst\u00e4mmigen Migranten. D\u00fcsseldorf: Landesintegrationsrat NRW.<\/p>\n\n<p>D\u00fcrr, Tina\/Becker, Reiner (Hrsg.) (2018) Leerstelle Rassismus. Analysen und Handlungsm\u00f6glichkeiten nach dem NSU. Frankfurt\/Main: Wochenschau-Verlag.<\/p>\n\n<p>Feldmann, Doris\/Kopke, Christoph\/Schulz, Gebhard (2016) Todesopfer rechtsextremer und rassistischer Gewalt in Brandenburg (1990\u20132008). In: Wolfgang Frindte u.a. (Hrsg.) Rechtsextremismus und \u203aNationalsozialistischer Untergrund\u2039. Wiesbaden: Springer VS: 341-358.<\/p>\n\n<p>Heinrich, Gudrun (2018) Rostock Lichtenhagen 1992\u20132017. Aufarbeitung und Erinnerung als Prozess der lokalen politischen Kultur. In: Martin Koschkar\/Clara Ruvituso (Hrsg.) Politische F\u00fchrung im Spiegel regionaler politischer Kultur. Wiesbaden: Springer VS: 293\u2013309.<\/p>\n\n<p>Hielscher, Lee (2016) De\/Realit\u00e4t des Terrors: Eine stadtr\u00e4umliche Dokumentation von Blickachsen an ehemaligen Lebensmittelpunkten der Opfer des NSU-Terrors. In: Movements. Journal f\u00fcr kritische Migrations- und Grenzregimeforschung 2 (1).<\/p>\n\n<p>Huber, Florian (2020): Rache der Verlierer. Die Erfindung des Rechtsterrors in Deutschland. Berlin: Berlin Verlag.<br\/>John, Barbara (2014) Unsere Wunden kann die Zeit nicht heilen. Freiburg: Herder.<\/p>\n\n<p>Kirmes, Michaela\/Barwinski, Rosmarie (Hrsg.) (2020) Opfer rechter Gewalt. Trauma. Zeitschrift f\u00fcr Psychotraumatologie und ihre Anwendungen 18 (1).<\/p>\n\n<p>Lierke, Lydia\/Perinelli, Massimo (Hrsg.) (2020): Erinnern st\u00f6ren. Der Mauerfall aus migrantischer und j\u00fcdischer Perspektive. Berlin: Verbrecher.<\/p>\n\n<p>Lorenz, Matthias N.\/Thomas, Tanja\/Virchow, Fabian (Hrsg.) (2021) Rechte Gewalt erz\u00e4hlen. Doing Memory in Literatur, Theater und Film (=LiLi: Studien zur Literaturwissenschaft und Linguistik, Bd. 1), Stuttgart\/Weimar: J.B. Metzler.<\/p>\n\n<p>Markert, Paula (2019) Eine Reise durch Deutschland. Die Mordserie des NSU. Stuttgart: Hartmann Books.<\/p>\n\n<p>Mobile Beratung f\u00fcr Opfer rechter Gewalt (2019) Den Opfern einen Namen geben. Bildungsmaterial zur Erinnerung an die Todesopfer rechter Gewalt in Sachsen-Anhalt seit 1990. Halle\/Saale.<\/p>\n\n<p>Mohr, Markus\/Roth, Daniel (2021) St\u00e4rkere Strahlkraft. Wahrheit und L\u00fcge in den polizeilichen Ermittlungen im NSU-Komplex 2000-2011. Eigendruck.<\/p>\n\n<p>M\u00f6ller, Matthias (2007) \u201eEin recht direktes V\u00f6lkchen&#8221;? : Mannheim-Sch\u00f6nau und die Darstellung kollektiver Gewalt gegen Fl\u00fcchtlinge. Frankfurt am Main: Trotzdem Verlag.<\/p>\n\n<p>Multikulturelles Zentrum Dessau e.V. (2020) Warum Adriano? Der Mord an Alberto Adriano und migrantische Erinnerungsarbeit in Dessau 2000-2020. Dessai-Ro\u00dflau.<\/p>\n\n<p>Nobrega, Onur Suzan\/Quent, Matthias\/Zipf, Jonas (Hrsg.) (2021) Rassismus Macht Vergessen. Bielefeld: transcript.<\/p>\n\n<p>Opferperspektive \u2013 Solidarisch gegen Rassismus, Diskriminierung und rechte Gewalt e.V. (2020) Rechte Gewalt \u2013 eine Herausforderung f\u00fcr Schulen. Potsdam.<\/p>\n\n<p>Prenzel, Thomas (Hrsg.) (2012) 20 Jahre Rostock-Lichtenhagen. Kontext, Dimensionen und Folgen der rassistischen Gewalt. Rostock: Universit\u00e4t Rostock.<\/p>\n\n<p>Rudolph, Steffen\/Thomas, Tanja\/Virchow, Fabian (2019) Doing Memory and Contentious Participation: Remembering the Victims of Right-Wing Violence in German Political Culture. In: Tanja Thomas\/Merle-Marie Kruse\/Miriam Stehling (Hrsg.) Media and Participation in Post-Migrant Societies. Lanham: Rowman &amp; Littlefield: 181-196.<\/p>\n\n<p>Schmeken, Regina (2016) Blutiger Boden. Die Tatorte des NSU. Berlin: Hatje Cantz Verlag.<\/p>\n\n<p>Schraven, David (Hrsg.) (2021) Menschen \u2013 Im Fadenkreuz des rechten Terrors. Essen: correctiv.<\/p>\n\n<p>\u015eim\u015fek, Semiya (2013) Schmerzliche Heimat. Deutschland und der Mord an meinem Vater. Berlin: Rowohlt.<\/p>\n\n<p>Sinemas\u0131, Dostluk (Hrsg.) (2014) Von Mauerfall bis Nagelbombe. Der NSU-Anschlag auf die K\u00f6lner Keupstra\u00dfe im Kontext der Pogrome und Anschl\u00e4ge der neunziger Jahre. Berlin: AAS.<\/p>\n\n<p>Stegmann, Julia (2019) Denn die Geschichten der Opfer sind das Wichtigste. Rassismus-kritische Analysen zu rechter Gewalt im deutschen Spiel- und Dokumentarfilm 1992\u20132012. G\u00f6ttingen: V&amp;R unipress.<\/p>\n\n<p>Texte nach Hanau (2021). K\u00f6ln: stolze augen books.<\/p>\n\n<p>Thomas, Tanja\/Virchow, Fabian (2019) Praxen der Erinnerung als K\u00e4mpfe um Anerkennung. In: Tina D\u00fcrr\/Reiner Becker (Hrsg.) Leerstelle Rassismus? Analysen und Handlungsm\u00f6glichkeiten nach dem NSU. Frankfurt am Main: Wochenschau-Verlag: 156-168.<\/p>\n\n<p>Thomas, Tanja\/Virchow, Fabian (2021) Hegemoniales H\u00f6ren und Doing Memory an rechte Gewalt. Verhandlungen politischer Kultur der Bundesrepublik in (medialen) \u00d6ffentlichkeiten. In: Martin Seeliger\/Sebastian Sevignani (Hrsg.) Ein neuer Strukturwandel der \u00d6ffentlichkeit? Leviathan Sonderband 37: 205-226.<\/p>\n\n<p>Virchow, Fabian\/Thomas, Tanja\/Grittmann, Elke (2015) \u201eDas Unwort erkl\u00e4rt die Untat\u201c. Die Berichterstattung \u00fcber die NSU-Morde \u2013 eine Medienkritik. OBS-Arbeitsheft 79. Frankfurt\/Main: OBS.<\/p>\n\n<p>Virchow, Fabian (2011) Levin-Poeschke-Mord (1980). In: Benz, Wolfgang (Hrsg.) Handbuch des Antisemitismus. Bd. 4: Ereignisse, Dekrete, Kontroversen. M\u00fcnchen: De Gruyter-Saur Verlag: 232-233.<\/p>\n\n<p>Virchow, Fabian\/Thomas, Tanja (2018) Doing Memory und Rechte Gewalt. Erinnern und Vergessen als Praxis und Ausgangspunkt f\u00fcr postmigrantisches Zusammenleben. In: Jalta \u2013 Positionen zur j\u00fcdischen Gegenwart Nr. 4: 60-64.<\/p>\n\n<p>Virchow, Fabian (2021) Einsch\u00fcchtern und Vertreiben, Bestrafen und Eskalieren. Instrumentelle Zielsetzungen rechtsterroristischen Handelns. In: Soziale Probleme 32 (2) 131-149.<\/p>\n\n<p>Weissberg, Nea (Hrsg.) (2020) Halle ist \u00fcberall. Stimmen j\u00fcdischer Frauen. Berlin: Lichtig-Verlag.<\/p>\n","protected":false},"excerpt":{"rendered":"<p>Below we have compiled further literature on the topics discussed on this page. The list is in alphabetical order. Most of the titles are in German, and are listed with their original titles. Further reading Aktionsb\u00fcndnis \u203aNSU-Komplex aufl\u00f6sen\u2039 (2021) Tribunale. Berlin\/Hamburg: Assoziation A. Amadeu Antonio Stiftung (2021) Dem Leben entrissen. Im Gedenken an Todesopfer rechter [&hellip;]<\/p>\n","protected":false},"author":1,"featured_media":899,"parent":0,"menu_order":0,"comment_status":"closed","ping_status":"closed","template":"","meta":{"footnotes":""},"class_list":["post-1072","page","type-page","status-publish","has-post-thumbnail","hentry"],"_links":{"self":[{"href":"https:\/\/doing-memory.de\/en\/wp-json\/wp\/v2\/pages\/1072"}],"collection":[{"href":"https:\/\/doing-memory.de\/en\/wp-json\/wp\/v2\/pages"}],"about":[{"href":"https:\/\/doing-memory.de\/en\/wp-json\/wp\/v2\/types\/page"}],"author":[{"embeddable":true,"href":"https:\/\/doing-memory.de\/en\/wp-json\/wp\/v2\/users\/1"}],"replies":[{"embeddable":true,"href":"https:\/\/doing-memory.de\/en\/wp-json\/wp\/v2\/comments?post=1072"}],"version-history":[{"count":6,"href":"https:\/\/doing-memory.de\/en\/wp-json\/wp\/v2\/pages\/1072\/revisions"}],"predecessor-version":[{"id":1123,"href":"https:\/\/doing-memory.de\/en\/wp-json\/wp\/v2\/pages\/1072\/revisions\/1123"}],"wp:featuredmedia":[{"embeddable":true,"href":"https:\/\/doing-memory.de\/en\/wp-json\/wp\/v2\/media\/899"}],"wp:attachment":[{"href":"https:\/\/doing-memory.de\/en\/wp-json\/wp\/v2\/media?parent=1072"}],"curies":[{"name":"wp","href":"https:\/\/api.w.org\/{rel}","templated":true}]}}