{"id":1045,"date":"2021-01-15T01:57:42","date_gmt":"2021-01-15T01:57:42","guid":{"rendered":"https:\/\/doing-memory.de\/the-perspective-of-those-affected\/"},"modified":"2022-04-26T18:52:49","modified_gmt":"2022-04-26T18:52:49","slug":"the-perspective-of-those-affected","status":"publish","type":"page","link":"https:\/\/doing-memory.de\/en\/the-perspective-of-those-affected\/","title":{"rendered":"The perspective of those affected"},"content":{"rendered":"\n<div class=\"wp-block-image is-style-default\"><figure class=\"aligncenter size-large\"><img loading=\"lazy\" decoding=\"async\" width=\"1024\" height=\"576\" src=\"http:\/\/doing-memory.de\/wp-content\/uploads\/2021\/01\/7Perspektive-der-Betroffenen_DM-Website_neu-1024x576.png\" alt=\"Header_perspektive_betroffene\" class=\"wp-image-105\" srcset=\"https:\/\/doing-memory.de\/wp-content\/uploads\/2021\/01\/7Perspektive-der-Betroffenen_DM-Website_neu-1024x576.png 1024w, https:\/\/doing-memory.de\/wp-content\/uploads\/2021\/01\/7Perspektive-der-Betroffenen_DM-Website_neu-300x169.png 300w, https:\/\/doing-memory.de\/wp-content\/uploads\/2021\/01\/7Perspektive-der-Betroffenen_DM-Website_neu-768x432.png 768w, https:\/\/doing-memory.de\/wp-content\/uploads\/2021\/01\/7Perspektive-der-Betroffenen_DM-Website_neu-1536x864.png 1536w, https:\/\/doing-memory.de\/wp-content\/uploads\/2021\/01\/7Perspektive-der-Betroffenen_DM-Website_neu-1200x675.png 1200w, https:\/\/doing-memory.de\/wp-content\/uploads\/2021\/01\/7Perspektive-der-Betroffenen_DM-Website_neu.png 1920w\" sizes=\"(max-width: 1024px) 100vw, 1024px\" \/><\/figure><\/div>\n\n<h2 class=\"wp-block-heading\">Pushed away and unheard<\/h2>\n\n<p>Today we know: The right-wing terrorist network National Socialist Underground (NSU) has been murdering people out of racist motivation for years. Many know the names of the so-called &#8216;NSU trio&#8217;. Yet very few know the names of those murdered:<\/p>\n\n<ul class=\"aufzaehlung wp-block-list\"><li>Enver \u015eim\u015fek (38) \u2013 murdered in Nuremberg on September 9, 2000<\/li><li>Abdurrahim \u00d6z\u00fcdo\u011fru (49) \u2013 murdered in Nuremberg on June 13, 2001<\/li><li>S\u00fcleyman Ta\u015fk\u00f6pr\u00fc (31) \u2013 murdered in Hamburg on June 27, 2001<\/li><li>Habil K\u0131l\u0131\u00e7 (38) \u2013 murdered in Munich on August 29, 2001<\/li><li>Mehmet Turgut (25) \u2013 murdered in Rostock on February 25, 2004<\/li><li>\u0130smail Ya\u015far (50) \u2013 murdered in Nuremberg on June 9, 2005<\/li><li>Theodoros Boulgarides (41) \u2013 murdered in Munich on June 15, 2005<\/li><li>Mehmet Kuba\u015f\u0131k (39) \u2013 murdered in Dortmund on April 4, 2006<\/li><li>Halit Yozgat (21) \u2013 murdered in Kassel on April 6, 2006<\/li><\/ul>\n\n<p>In the past, the perspective of the victims and relatives of the murdered and their suffering was not only ignored when the motives of the perpetrators were unknown.<\/p>\n\n<p>In the arson attack in M\u00f6llnb on the night of November 23, 1992, in the flames of the burning house died:<\/p>\n\n<ul class=\"aufzaehlung wp-block-list\"><li>Bahide Arslan (51)<\/li><li>Ay\u015fe Y\u0131lmaz (14)<\/li><li>Yeliz Arslan (10)<\/li><\/ul>\n\n<p>Afterwards, hundreds of letters of solidarity and condolences reached the city &#8211; but not those affected. It was only in 2019 that Ibrahim Arslan learned of the letters and demanded that they be handed over. The family members were also not allowed to actively participate in the commemoration ceremonies. The city took over the organisation, but they refused to let those affected speak. A memorial service was initiated by those affected: &#8220;M\u00f6llner Rede im Exil&#8221; (The M\u00f6lln Speech in Exile). Not in M\u00f6lln, but in a different German city each year.<\/p>\n\n<p>This example shows how commemoration often unfolds in Germany: Frequently, the <em>white<\/em>majority society does not listen to those affected. Therefore, parallel networks of <em>Doing Memory<\/em> often emerge in solidarity with those affected by right-wing violence, initiated by those affected and supported by civil society.<\/p>\n\n<h2 class=\"wp-block-heading\">Listening<\/h2>\n\n<p>German remembrance culture has to learn to listen and also to make the voices of those affected be heard. The participants in the workshops also reflected on the perspective of those affected.<\/p>\n\n<figure class=\"wp-block-embed is-type-video is-provider-youtube wp-block-embed-youtube wp-embed-aspect-16-9 wp-has-aspect-ratio\"><div class=\"wp-block-embed__wrapper\">\n<iframe loading=\"lazy\" title=\"Die Perspektive der Betroffenen\" width=\"580\" height=\"326\" src=\"https:\/\/www.youtube.com\/embed\/QSTubYzGdoU?feature=oembed\" frameborder=\"0\" allow=\"accelerometer; autoplay; clipboard-write; encrypted-media; gyroscope; picture-in-picture; web-share\" referrerpolicy=\"strict-origin-when-cross-origin\" allowfullscreen><\/iframe>\n<\/div><\/figure>\n","protected":false},"excerpt":{"rendered":"<p>Pushed away and unheard Today we know: The right-wing terrorist network National Socialist Underground (NSU) has been murdering people out of racist motivation for years. Many know the names of the so-called &#8216;NSU trio&#8217;. Yet very few know the names of those murdered: Enver \u015eim\u015fek (38) \u2013 murdered in Nuremberg on September 9, 2000 Abdurrahim [&hellip;]<\/p>\n","protected":false},"author":1,"featured_media":0,"parent":0,"menu_order":0,"comment_status":"closed","ping_status":"closed","template":"","meta":{"footnotes":""},"class_list":["post-1045","page","type-page","status-publish","hentry"],"_links":{"self":[{"href":"https:\/\/doing-memory.de\/en\/wp-json\/wp\/v2\/pages\/1045"}],"collection":[{"href":"https:\/\/doing-memory.de\/en\/wp-json\/wp\/v2\/pages"}],"about":[{"href":"https:\/\/doing-memory.de\/en\/wp-json\/wp\/v2\/types\/page"}],"author":[{"embeddable":true,"href":"https:\/\/doing-memory.de\/en\/wp-json\/wp\/v2\/users\/1"}],"replies":[{"embeddable":true,"href":"https:\/\/doing-memory.de\/en\/wp-json\/wp\/v2\/comments?post=1045"}],"version-history":[{"count":3,"href":"https:\/\/doing-memory.de\/en\/wp-json\/wp\/v2\/pages\/1045\/revisions"}],"predecessor-version":[{"id":1048,"href":"https:\/\/doing-memory.de\/en\/wp-json\/wp\/v2\/pages\/1045\/revisions\/1048"}],"wp:attachment":[{"href":"https:\/\/doing-memory.de\/en\/wp-json\/wp\/v2\/media?parent=1045"}],"curies":[{"name":"wp","href":"https:\/\/api.w.org\/{rel}","templated":true}]}}